{"id":3808,"date":"2021-07-27T13:59:18","date_gmt":"2021-07-27T10:59:18","guid":{"rendered":"https:\/\/nextglow.lt\/my-account-2\/"},"modified":"2024-02-10T20:45:28","modified_gmt":"2024-02-10T18:45:28","slug":"my-account-2","status":"publish","type":"page","link":"https:\/\/nextglow.lt\/en\/my-account-2\/","title":{"rendered":"My Account"},"content":{"rendered":"<div class=\"woocommerce\"><div class=\"woocommerce-notices-wrapper\"><\/div>\n<div class=\"wd-registration-page wd-register-tabs\">\n\n\n<div class=\"row\" id=\"customer_login\">\n\n\t<div class=\"col-12 col-md-6 col-login\">\n\n\n\t\t<h2 class=\"wd-login-title\">Login<\/h2>\n\n\t\t\t\t\t<form method=\"post\" class=\"login woocommerce-form woocommerce-form-login\n\t\t\t\t\t\t\" action=\"https:\/\/nextglow.lt\/en\/my-account-2\/?action=login\" \t\t\t>\n\n\t\t\t\t\n\t\t\t\t\n\t\t\t\t<p class=\"woocommerce-FormRow woocommerce-FormRow--wide form-row form-row-wide form-row-username\">\n\t\t\t\t\t<label for=\"username\">Username or email address&nbsp;<span class=\"required\">*<\/span><\/label>\n\t\t\t\t\t<input type=\"text\" class=\"woocommerce-Input woocommerce-Input--text input-text\" name=\"username\" id=\"username\" value=\"\" \/>\t\t\t\t<\/p>\n\t\t\t\t<p class=\"woocommerce-FormRow woocommerce-FormRow--wide form-row form-row-wide form-row-password\">\n\t\t\t\t\t<label for=\"password\">Password&nbsp;<span class=\"required\">*<\/span><\/label>\n\t\t\t\t\t<input class=\"woocommerce-Input woocommerce-Input--text input-text\" type=\"password\" name=\"password\" id=\"password\" autocomplete=\"current-password\" \/>\n\t\t\t\t<\/p>\n\n\t\t\t\t\n\t\t\t\t<p class=\"form-row\">\n\t\t\t\t\t<input type=\"hidden\" id=\"woocommerce-login-nonce\" name=\"woocommerce-login-nonce\" value=\"b98ead3cb0\" \/><input type=\"hidden\" name=\"_wp_http_referer\" value=\"\/en\/wp-json\/wp\/v2\/pages\/3808\" \/>\t\t\t\t\t\t\t\t\t\t<button type=\"submit\" class=\"button woocommerce-button woocommerce-form-login__submit\" name=\"login\" value=\"Log in\">Log in<\/button>\n\t\t\t\t<\/p>\n\n\t\t\t\t<p class=\"login-form-footer\">\n\t\t\t\t\t<a href=\"https:\/\/nextglow.lt\/en\/my-account-2\/lost-password\/\" class=\"woocommerce-LostPassword lost_password\">Lost your password?<\/a>\n\t\t\t\t\t<label class=\"woocommerce-form__label woocommerce-form__label-for-checkbox woocommerce-form-login__rememberme\">\n\t\t\t\t\t\t<input class=\"woocommerce-form__input woocommerce-form__input-checkbox\" name=\"rememberme\" type=\"checkbox\" value=\"forever\" title=\"Remember me\" aria-label=\"Remember me\" \/> <span>Remember me<\/span>\n\t\t\t\t\t<\/label>\n\t\t\t\t<\/p>\n\n\t\t\t\t\n\t\t\t\t\t\t\t<\/form>\n\n\t\t\n\n\t<\/div>\n\n\t<div class=\"col-12 col-md-6 col-register\">\n\n\t\t<h2 class=\"wd-login-title\">Register<\/h2>\n\n\t\t<form method=\"post\" action=\"https:\/\/nextglow.lt\/en\/my-account-2\/?action=register\" class=\"woocommerce-form woocommerce-form-register register\"  >\n\n\t\t\t\n\t\t\t\n\t\t\t<p class=\"woocommerce-form-row woocommerce-form-row--wide form-row form-row-wide\">\n\t\t\t\t<label for=\"reg_email\">Email address&nbsp;<span class=\"required\">*<\/span><\/label>\n\t\t\t\t<input type=\"email\" class=\"woocommerce-Input woocommerce-Input--text input-text\" name=\"email\" id=\"reg_email\" autocomplete=\"email\" value=\"\" \/>\t\t\t<\/p>\n\n\t\t\t\n\t\t\t\t<p>A link to set a new password will be sent to your email address.<\/p>\n\n\t\t\t\n\t\t\t<!-- Spam Trap -->\n\t\t\t<div style=\"left: -999em; position: absolute;\"><label for=\"trap\">Anti-spam<\/label><input type=\"text\" name=\"email_2\" id=\"trap\" tabindex=\"-1\" \/><\/div>\n\n\t\t\t<input type=\"hidden\" name=\"wc_order_attribution_source_type\" value=\"\" \/><input type=\"hidden\" name=\"wc_order_attribution_referrer\" value=\"\" \/><input type=\"hidden\" name=\"wc_order_attribution_utm_campaign\" value=\"\" \/><input type=\"hidden\" name=\"wc_order_attribution_utm_source\" value=\"\" \/><input type=\"hidden\" name=\"wc_order_attribution_utm_medium\" value=\"\" \/><input type=\"hidden\" name=\"wc_order_attribution_utm_content\" value=\"\" \/><input type=\"hidden\" name=\"wc_order_attribution_utm_id\" value=\"\" \/><input type=\"hidden\" name=\"wc_order_attribution_utm_term\" value=\"\" \/><input type=\"hidden\" name=\"wc_order_attribution_session_entry\" value=\"\" \/><input type=\"hidden\" name=\"wc_order_attribution_session_start_time\" value=\"\" \/><input type=\"hidden\" name=\"wc_order_attribution_session_pages\" value=\"\" \/><input type=\"hidden\" name=\"wc_order_attribution_session_count\" value=\"\" \/><input type=\"hidden\" name=\"wc_order_attribution_user_agent\" value=\"\" \/><div class=\"woocommerce-privacy-policy-text\"><p>J\u016bs\u0173 asmeniniai duomenys bus naudojami patogesniam nar\u0161ymui \u0161iame tinklalapyje, paskyros valdymui bei kitoms reikm\u0117ms, kurios apra\u0161ytos m\u016bs\u0173 <a href=\"https:\/\/nextglow.lt\/privatumo-politika-2\/\" class=\"woocommerce-privacy-policy-link\" target=\"_blank\">privacy policy<\/a>.<\/p>\n<\/div>\n\t\t\t<p class=\"woocommerce-form-row form-row\">\n\t\t\t\t<input type=\"hidden\" id=\"woocommerce-register-nonce\" name=\"woocommerce-register-nonce\" value=\"91dce027e7\" \/><input type=\"hidden\" name=\"_wp_http_referer\" value=\"\/en\/wp-json\/wp\/v2\/pages\/3808\" \/>\t\t\t\t<button type=\"submit\" class=\"woocommerce-Button woocommerce-button button\" name=\"register\" value=\"Register\">Register<\/button>\n\t\t\t<\/p>\n\n\t\t\t\n\t\t<\/form>\n\n\t<\/div>\n\n\t\t\t<div class=\"col-12 col-md-6 col-register-text\">\n\n\t\t\t<p class=\"title wd-login-divider \"><span>Or<\/span><\/p>\n\n\t\t\t\n\t\t\t\t\t\t\t<h2 class=\"wd-login-title\">Registruotis<\/h2>\n\t\t\t\n\t\t\t\n\t\t\t\t\t\t\t<div class=\"registration-info\">Registruokis ir prisijunk prie m\u016bs\u0173 bendruomen\u0117s. Registruoti vartotojai gauna i\u0161skirtinius pasi\u016blymus ir akcijas.<\/div>\n\t\t\t\n\t\t\t\n\t\t\t<a href=\"#\" rel=\"nofollow noopener\" class=\"btn wd-switch-to-register\" data-login=\"Login\" data-login-title=\"Prisijungti\" data-reg-title=\"Registruotis\" data-register=\"Register\">Register<\/a>\n\n\t\t<\/div>\n\t\n<\/div>\n\n<\/div>\n\n<\/div>\n","protected":false},"excerpt":{"rendered":"Login Username or email address&nbsp;* Password&nbsp;* Log in Lost your password? Remember me Register Email address&nbsp;* A link to set","protected":false},"author":1,"featured_media":0,"parent":0,"menu_order":0,"comment_status":"closed","ping_status":"closed","template":"","meta":{"footnotes":""},"class_list":["post-3808","page","type-page","status-publish","hentry"],"_links":{"self":[{"href":"https:\/\/nextglow.lt\/en\/wp-json\/wp\/v2\/pages\/3808","targetHints":{"allow":["GET"]}}],"collection":[{"href":"https:\/\/nextglow.lt\/en\/wp-json\/wp\/v2\/pages"}],"about":[{"href":"https:\/\/nextglow.lt\/en\/wp-json\/wp\/v2\/types\/page"}],"author":[{"embeddable":true,"href":"https:\/\/nextglow.lt\/en\/wp-json\/wp\/v2\/users\/1"}],"replies":[{"embeddable":true,"href":"https:\/\/nextglow.lt\/en\/wp-json\/wp\/v2\/comments?post=3808"}],"version-history":[{"count":0,"href":"https:\/\/nextglow.lt\/en\/wp-json\/wp\/v2\/pages\/3808\/revisions"}],"wp:attachment":[{"href":"https:\/\/nextglow.lt\/en\/wp-json\/wp\/v2\/media?parent=3808"}],"curies":[{"name":"wp","href":"https:\/\/api.w.org\/{rel}","templated":true}]}}