{"id":10057,"date":"2024-04-18T15:00:28","date_gmt":"2024-04-18T12:00:28","guid":{"rendered":"https:\/\/nextglow.lt\/?post_type=product&#038;p=10057"},"modified":"2024-06-23T20:46:32","modified_gmt":"2024-06-23T17:46:32","slug":"plauku-tiesintuvas-su-infraraudonaisiais-spinduliais-upgrade-bioinfrared-slim","status":"publish","type":"product","link":"https:\/\/nextglow.lt\/en\/produktas\/plauku-tiesintuvas-su-infraraudonaisiais-spinduliais-upgrade-bioinfrared-slim\/","title":{"rendered":"Plauk\u0173 tiesintuvas su infraraudonaisiais spinduliais UPGRADE BIOINFRARED SLIM"},"content":{"rendered":"<div class=\"large-2 col pb-0 mb-0\">\n<p><iframe loading=\"lazy\" title=\"Upgrade Bio-Infrared Campaign\" width=\"500\" height=\"281\" src=\"https:\/\/www.youtube.com\/embed\/meJix5Hsv-E?feature=oembed\" frameborder=\"0\" allow=\"accelerometer; autoplay; clipboard-write; encrypted-media; gyroscope; picture-in-picture; web-share\" referrerpolicy=\"strict-origin-when-cross-origin\" allowfullscreen><\/iframe><\/p>\n<\/div>\n<div class=\"large-10 col pb-0 mb-0\">\n<div class=\"panel entry-content\">\n<p>Infraraudon\u0173j\u0173 spinduli\u0173 tiesintuvas\u00a0<em>Upgrade Bioinfrared Slim<\/em><\/p>\n<p>Europos ir Lietuvos gro\u017eio industrij\u0105 u\u017ekariavusius Upgrade Infrared tiesintuvus kei\u010dia atnaujinti <em>Upgrade Bioinfrared<\/em> tiesintuvai, kuriuose integruota Bioinfrared technologija su dar daugiau infraraudon\u0173j\u0173 spinduli\u0173 nei j\u0173 pirmtakuose.<\/p>\n<p>\u0160ie tiesintuvai u\u017etikrina \u012fsp\u016bding\u0105 rezultat\u0105 naudojant ypa\u010d \u017eem\u0105 temperat\u016br\u0105. <em>Upgrade Bionfrared<\/em> tiesintuvuose naudojama infraraudon\u0173j\u0173 spinduli\u0173 \u0161iluma \u012fsiskverbia \u012f plauko vid\u0173, apsaugant plauko kutikul\u0117s i\u0161or\u0119, tod\u0117l plaukai tampa glotn\u016bs, \u0161veln\u016bs ir spindintys! B\u016btent tod\u0117l Upgrade Bioinfrared tiesintuvai \u012fvardinami kaip vieni saugiausi\u0173 prietais\u0173 norint formuoti da\u017eytus, plonus ar pa\u017eeistus plaukus.<\/p>\n<p>MA\u017dIAU \u017dALOS PLAUKAMS: infraraudonieji spinduliai yra \u012fvedami tiesiogiai \u012f plaukus nekaitinant oro aplink ir nekenkiant plauko kutikulei i\u0161 i\u0161or\u0117s, tod\u0117l yra u\u017etikrinami geriausi rezultatai plaukus formuojant \u017eemesne temperat\u016bra nei \u012fprastais tiesintuvais.<\/p>\n<p>YPA\u010c LENGVAS SLYDIMAS: lygus turmalino keramikos plok\u0161teli\u0173 pavir\u0161ius apsaugo nuo sukibimo ir u\u017etikrina lengv\u0105 slydim\u0105.<\/p>\n<p>DAUGIAU BLIZGESIO: turmalino keramikos plok\u0161tel\u0117s subalansuoja jon\u0173 pusiausvyr\u0105 plaukuose, tod\u0117l plaukai ypatingai \u017evilga.<\/p>\n<p>DAUGIAU GALIOS: \u012f prietaisus integruoti trys dvigubi kaitinimo elementai u\u017etikrina ypatingai greit\u0105, vos keliolika sekund\u017ei\u0173 trunkant\u012f prietaiso \u012fkaitim\u0105 bei vienodos temperat\u016bros i\u0161laikym\u0105 viso darbo metu.<\/p>\n<p>DAUGIAU GREI\u010cIO: ne\u012ftik\u0117tinai greitai rezultatai dirbant su didel\u0117mis plauk\u0173 sekcijomis. Taip pat pagreitina darb\u0105 su \u012fvairiomis plauk\u0173 atstatymo proced\u016bromis, infraraudon\u0173j\u0173 spinduli\u0173 pagalba \u012fvesdamas priemones \u012f plauk\u0105.<\/p>\n<p>DAUGIAU PATIKIMUMO: jutiklis padeda reguliuoti valdym\u0105 \u2013 mirksi, kai temperat\u016bra nukrenta. Temperat\u016bra gali b\u016bti u\u017erakinama dviem mygtuko spustel\u0117jimais.<\/p>\n<h4><strong>Technin\u0117s specifikacijos:\u00a0<\/strong><\/h4>\n<ul>\n<li>Upgrade Bioinfrared technologija<\/li>\n<li>turmalino keramika padengtos titano plok\u0161tel\u0117s<\/li>\n<li>skaitmeninis ekranas su reguliuojamu termostatu iki 230\u00b0C.<\/li>\n<li>temperat\u016bros valdymo sistema naudojimo metu.<\/li>\n<li>dvigubo stiprumo MCH kaitinimo elementai, kurie leid\u017eia i\u0161laikyti vienod\u0105 temperat\u016br\u0105 viso darbo metu.<\/li>\n<li>Plok\u0161teli\u0173 i\u0161matavimai: 2,5 x 11 cm.<\/li>\n<li>360\u00b0 besisukantis laidas patogiam darbui.<\/li>\n<li>automatinis i\u0161sijungimas nenaudojant prietaiso po 1 valandos.<\/li>\n<\/ul>\n<p>&nbsp;<\/p>\n<\/div>\n<\/div>\n","protected":false},"excerpt":{"rendered":"<p>Profesional\u016bs plauk\u0173 tiesintuvai su infraraudonaisiais spinduliais <em>Upgrade Bioinfrared Slim<\/em>, u\u017ekariav\u0119 gro\u017eio industrijos profesional\u0173 \u0161irdis, nepaliks abejing\u0173 ir J\u016bs\u0173.<\/p>\n<p><em>Upgrade Infrared Slim<\/em> tiesintuv\u0105 rekomenduojama rinktis turin\u010dioms trumpus, plonus, taip pat chemi\u0161kai pa\u017eeistus ar skilin\u0117jan\u010dius plaukus, nes infraraudon\u0173j\u0173 spinduli\u0173 d\u0117ka rezultat\u0105 pasieksime 40\u00b0C \u017eemesne temperat\u016bra nei \u012fprastais prietaisais. Tai rei\u0161kia, kad plaukas bus ma\u017eiau kaitinamas ir \u017ealojamas.<\/p>\n","protected":false},"featured_media":10059,"comment_status":"open","ping_status":"closed","template":"","meta":[],"product_cat":[209,210,72],"product_tag":[],"class_list":{"0":"post-10057","1":"product","2":"type-product","3":"status-publish","4":"has-post-thumbnail","6":"product_cat-plauku-formavimo-prietaisai","7":"product_cat-plauku-tiesinimo-znyples","8":"product_cat-plaukams","10":"first","11":"instock","12":"shipping-taxable","13":"purchasable","14":"product-type-simple"},"_links":{"self":[{"href":"https:\/\/nextglow.lt\/en\/wp-json\/wp\/v2\/product\/10057","targetHints":{"allow":["GET"]}}],"collection":[{"href":"https:\/\/nextglow.lt\/en\/wp-json\/wp\/v2\/product"}],"about":[{"href":"https:\/\/nextglow.lt\/en\/wp-json\/wp\/v2\/types\/product"}],"replies":[{"embeddable":true,"href":"https:\/\/nextglow.lt\/en\/wp-json\/wp\/v2\/comments?post=10057"}],"wp:featuredmedia":[{"embeddable":true,"href":"https:\/\/nextglow.lt\/en\/wp-json\/wp\/v2\/media\/10059"}],"wp:attachment":[{"href":"https:\/\/nextglow.lt\/en\/wp-json\/wp\/v2\/media?parent=10057"}],"wp:term":[{"taxonomy":"product_cat","embeddable":true,"href":"https:\/\/nextglow.lt\/en\/wp-json\/wp\/v2\/product_cat?post=10057"},{"taxonomy":"product_tag","embeddable":true,"href":"https:\/\/nextglow.lt\/en\/wp-json\/wp\/v2\/product_tag?post=10057"}],"curies":[{"name":"wp","href":"https:\/\/api.w.org\/{rel}","templated":true}]}}