{"id":10105,"date":"2024-04-24T19:59:30","date_gmt":"2024-04-24T16:59:30","guid":{"rendered":"https:\/\/nextglow.lt\/?post_type=product&#038;p=10105"},"modified":"2024-04-24T19:59:31","modified_gmt":"2024-04-24T16:59:31","slug":"plauku-garbanojimo-znyples-upgrade-newave-medium","status":"publish","type":"product","link":"https:\/\/nextglow.lt\/en\/produktas\/plauku-garbanojimo-znyples-upgrade-newave-medium\/","title":{"rendered":"Plauk\u0173 garbanojimo \u017enypl\u0117s UPGRADE ,,NEWAVE MEDIUM\u201d"},"content":{"rendered":"<p>Plauk\u0173 garbanojimo \u017enypl\u0117s UPGRADE ,,NEWAVE MEDIUM\u201d<\/p>\n<p>Itali\u0161ka <em>Upgrade<\/em> linija pasi\u017eymi kokybe ir inovatyvumu, sukurta profesionalams, ne tik palengvinti j\u0173 darb\u0105, bet ir atskleisti \u012fg\u016bd\u017eius auk\u0161\u010diausiu lygiu.<\/p>\n<p><em>Newave Medium<\/em> garbanotuvu sukursite ilgai i\u0161liekan\u010dias ir pakerin\u010dias garbanas ir bangas. Garbanotuvas dengtas nekaistan\u010dia ir malonia prisilietimui med\u017eiaga, kuri neleis \u017enypl\u0117ms slysti i\u0161 rank\u0173. Kaitrioji garbanotuvo dalis dengta turmalino keramika, d\u0117l kurios formuojami plaukai \u012fgaus nat\u016bralaus \u017evilgesio ir ma\u017eiau \u0161iau\u0161is.<\/p>\n<p><em>Upgrade Newave Medium<\/em> garbanotuvas \u012fkaista greitai ir i\u0161laiko tolygi\u0105 temperat\u016br\u0105 viso darbo metu. Temperat\u016bra pritaikoma kiekvienam plauk\u0173 tipui ir lengvai kontroliuojama skaitmeniniu termostatu, nuo 130\u00b0C iki 230\u00b0C, kas 10\u00b0C<\/p>\n<p>Pla\u010diausias plauk\u0173 garban\u0173 formavimo prietais\u0173 ir priemoni\u0173 pasirinkimas Lietuvoje. M\u016bs\u0173 parduotuv\u0117je gausu elektronikos prietais\u0173 plonoms ir storoms garbanoms susukti. Did\u017eiulio klient\u0173 d\u0117mesio sulauk\u0119s Upgrade Newave Big garbanoklis suformuoja 3D bangas, kurios i\u0161silaiko iki sekan\u010dio plauk\u0173 plovimo. <a href=\"https:\/\/hairsera.lt\/produktas\/plauku-garbanojimo-znyples-upgrade-newave-big\/\"><em>Upgrade Newave Big<\/em> garbanotuvas<\/a> \u012fkaista greitai ir i\u0161laiko tolygi\u0105 temperat\u016br\u0105 viso darbo metu. Temperat\u016bra pritaikoma kiekvienam plauk\u0173 tipui ir lengvai kontroliuojama skaitmeniniu termostatu, nuo 130\u00b0C iki 230\u00b0C, kas 10\u00b0C.<\/p>\n<p>M\u0117gstate ne tik garbanoti, bet ir tiesinti plaukus?\u00a0<a href=\"https:\/\/hairsera.lt\/produktas\/plauku-garbanojimo-znyples-ir-tiesintuvas-viename-upgrade-freestyle\/\">Plauk\u0173 garbanojimo \u017enypl\u0117s ir tiesintuvas viename UPGRADE FREESTYLE<\/a> b\u016btent tai ko Jums reikia! Tai i\u0161skirtinio dizaino \u012frankis, kuris apjungia daugyb\u0119 prietais\u0173 ir skirting\u0173 technik\u0173. Profesionaliam naudojimui skirtas <em>FreeStyle<\/em>, prie\u0161ingai nei \u012fprasti formavimo prietaisai, d\u0117ka unikalaus dizaino neleid\u017eia plok\u0161tel\u0117ms atv\u0117sti, tod\u0117l plaukai formuojami grei\u010diau.<\/p>\n<p>Pamilote infraraudon\u0173j\u0173 spinduli\u0173 plauk\u0173 tiesintuvus? Pasteb\u0117jote, jog plaukai po infraraudon\u0173j\u0173 spinduli\u0173 terapijos tampa \u0161vytintys, blizg\u016bs, glotn\u016bs? Tod\u0117l ie\u0161kote b\u016btent plauk\u0173 garbanojimo \u017enypli\u0173 su infraraudonaisiais spinduliais? M\u016bs\u0173 favoritu tapusios\u00a0<a href=\"https:\/\/hairsera.lt\/produktas\/infraraudonuju-spinduliu-plauku-garbanojimo-znyples-upgrade-infracurl\/\">Infraraudon\u0173j\u0173 spinduli\u0173 plauk\u0173 garbanojimo \u017enypl\u0117s UPGRADE ,,INFRACURL<\/a>\u201c. Tai pirmosios plaukus\u00a0 atstatan\u010dios garbanojimo \u017enypl\u0117s. Su <em>Upgrade InfraCurl<\/em> garbanojimo \u017enypl\u0117mis paprasta pasiekti tobulas garbanas ir bangas naudojant \u017eem\u0105 temperat\u016br\u0105.<\/p>\n","protected":false},"excerpt":{"rendered":"<p><em>Upgrade Newave Medium<\/em> plauk\u0173 formavimo \u017enypl\u0117s, dengtos turmalino keramika, vidutinio dyd\u017eio bangoms formuoti.<br \/>\nGreitai pasiekiama, tolygiai paskirstoma ir i\u0161liekanti vis\u0105 darbo laik\u0105 temperat\u016bra, u\u017etikrins geriausius rezultatus.<\/p>\n","protected":false},"featured_media":10106,"comment_status":"open","ping_status":"closed","template":"","meta":[],"product_cat":[211,209,72],"product_tag":[],"class_list":{"0":"post-10105","1":"product","2":"type-product","3":"status-publish","4":"has-post-thumbnail","6":"product_cat-garbanojimo-znyples","7":"product_cat-plauku-formavimo-prietaisai","8":"product_cat-plaukams","10":"first","11":"instock","12":"shipping-taxable","13":"purchasable","14":"product-type-simple"},"_links":{"self":[{"href":"https:\/\/nextglow.lt\/en\/wp-json\/wp\/v2\/product\/10105","targetHints":{"allow":["GET"]}}],"collection":[{"href":"https:\/\/nextglow.lt\/en\/wp-json\/wp\/v2\/product"}],"about":[{"href":"https:\/\/nextglow.lt\/en\/wp-json\/wp\/v2\/types\/product"}],"replies":[{"embeddable":true,"href":"https:\/\/nextglow.lt\/en\/wp-json\/wp\/v2\/comments?post=10105"}],"wp:featuredmedia":[{"embeddable":true,"href":"https:\/\/nextglow.lt\/en\/wp-json\/wp\/v2\/media\/10106"}],"wp:attachment":[{"href":"https:\/\/nextglow.lt\/en\/wp-json\/wp\/v2\/media?parent=10105"}],"wp:term":[{"taxonomy":"product_cat","embeddable":true,"href":"https:\/\/nextglow.lt\/en\/wp-json\/wp\/v2\/product_cat?post=10105"},{"taxonomy":"product_tag","embeddable":true,"href":"https:\/\/nextglow.lt\/en\/wp-json\/wp\/v2\/product_tag?post=10105"}],"curies":[{"name":"wp","href":"https:\/\/api.w.org\/{rel}","templated":true}]}}