{"id":10190,"date":"2024-05-06T14:28:20","date_gmt":"2024-05-06T11:28:20","guid":{"rendered":"https:\/\/nextglow.lt\/?post_type=product&#038;p=10190"},"modified":"2024-05-06T14:57:30","modified_gmt":"2024-05-06T11:57:30","slug":"ferrli-ultra-lengvas-ir-tyliausias-dziovintuvas-rinkoje-gold","status":"publish","type":"product","link":"https:\/\/nextglow.lt\/en\/produktas\/ferrli-ultra-lengvas-ir-tyliausias-dziovintuvas-rinkoje-gold\/","title":{"rendered":"Ferrli Ultra Lengvas Ir Tyliausias D\u017eiovintuvas Rinkoje Gold"},"content":{"rendered":"<p><strong>Technin\u0117 specifikacija:<\/strong><\/p>\n<p>Zero speed motoras: 120.000RPM<\/p>\n<p>Garsas: Super tylus\u00a054dcb.<\/p>\n<p>Svoris:\u00a0Ultra lengvas sveria apie 350g.<\/p>\n<p>Laido ilgis: 3m.<\/p>\n<p>Turbojet sistema<\/p>\n<p>Itin galingas 500mln. Jon\u0173 generatorius<\/p>\n<p>Savaiminio i\u0161sivalymo sistema<\/p>\n<p>3 skirtingi antgaliai<\/p>\n","protected":false},"excerpt":{"rendered":"<p><strong><em>Ferrli <\/em><\/strong><strong>Superionic <\/strong>d\u017eiovintuvas, tai patentuoto dizaino d\u017eiovintuvas, kuris yra vienas i\u0161 tyliausi\u0173 ir lengviausi\u0173 rinkoje. D\u017eiovintuvo srov\u0117 yra nepalyginamai mink\u0161tesn\u0117 u\u017e \u012fprasto d\u017eiovintuvo, tai garantuoja d\u017eiovinim\u0105 be kar\u0161\u010dio sukeliamos \u017ealos plaukams.<\/p>\n<p><strong>High speed airflow d\u017eiovintuvo technologija.<\/strong> Ferrli d\u017eiovintuvas turi tunelin\u0119 \u201eairflow&#8221; technologij\u0105. Kuri garantuoja itin greit\u0105 ir \u0161veln\u0173 plauk\u0173 i\u0161d\u017eiovinim\u0105 be kar\u0161\u010dio sukeliamos \u017ealos plaukams.<\/p>\n<p><strong>Turbojet Sistema.\u00a0<\/strong>Tai inovatori\u0161ka oro p\u016btimo sistema, kuri generuoja did\u017eiul\u012f oro sraut\u0105 i\u0161 apa\u010dios \u012f vir\u0161\u0173. Taip plaukams tiekiamas oras yra itin koncentruotas, ta\u010diau tuo tarpu ir itin \u0161velnus, ne\u017ealojantis plauk\u0173.<\/p>\n<p><strong>Turi 500 mln. neigiam\u0173 Jon\u0173 generatori\u0173.\u00a0<\/strong>Kuris prisotina plaukus milijonais Jon\u0173, tod\u0117l plaukai tampa itin \u0161velnus, sveiki. Tai yra numeris 1 technologija, \u0161viesintam plaukui. O \u0161io galingumo u\u017eteks itin ilgam.<\/p>\n<p><strong>Tai vienas tyliausi\u0173 ir lengviausi\u0173 d\u017eiovintuv\u0173 rinkoje.\u00a0\u00a0<\/strong>\u0160is d\u017eiovintuvas sveria tik\u00a0358g. ir turi &#8220;babe mode&#8221; technologij\u0105, jis toks tylus , jog galima d\u017eiovintis prie k\u016bdikio.<\/p>\n<p><strong>Savaiminio i\u0161sivalymo sistema.<\/strong>\u00a0Ferrli d\u017eiovintuvas turi savaiminio i\u0161sivalymo sistem\u0105. Dar niekada d\u017eiovinimas nebuvo toks paprastas!<\/p>\n<p><strong>Skirtingi antgaliai\u00a0<\/strong><strong>\u0161ukuosenos formavimui.\u00a0<\/strong>Su Ferrli d\u017eiovintuvu be kar\u0161\u010dio sukeliamos \u017ealos puikiai i\u0161sid\u017eiovinsite ir kartu susiformuosite \u0161ukuosen\u0105. Skirtingi antgaliai leis pasiekti mading\u0173 garban\u0173 ar itin glotni\u0173 plauk\u0173 \u0161ukuosen\u0105.<\/p>\n","protected":false},"featured_media":10215,"comment_status":"open","ping_status":"closed","template":"","meta":[],"product_cat":[213,209,72],"product_tag":[],"class_list":{"0":"post-10190","1":"product","2":"type-product","3":"status-publish","4":"has-post-thumbnail","6":"product_cat-plauku-dziovintuvai","7":"product_cat-plauku-formavimo-prietaisai","8":"product_cat-plaukams","10":"first","11":"instock","12":"sale","13":"shipping-taxable","14":"purchasable","15":"product-type-simple"},"_links":{"self":[{"href":"https:\/\/nextglow.lt\/en\/wp-json\/wp\/v2\/product\/10190","targetHints":{"allow":["GET"]}}],"collection":[{"href":"https:\/\/nextglow.lt\/en\/wp-json\/wp\/v2\/product"}],"about":[{"href":"https:\/\/nextglow.lt\/en\/wp-json\/wp\/v2\/types\/product"}],"replies":[{"embeddable":true,"href":"https:\/\/nextglow.lt\/en\/wp-json\/wp\/v2\/comments?post=10190"}],"wp:featuredmedia":[{"embeddable":true,"href":"https:\/\/nextglow.lt\/en\/wp-json\/wp\/v2\/media\/10215"}],"wp:attachment":[{"href":"https:\/\/nextglow.lt\/en\/wp-json\/wp\/v2\/media?parent=10190"}],"wp:term":[{"taxonomy":"product_cat","embeddable":true,"href":"https:\/\/nextglow.lt\/en\/wp-json\/wp\/v2\/product_cat?post=10190"},{"taxonomy":"product_tag","embeddable":true,"href":"https:\/\/nextglow.lt\/en\/wp-json\/wp\/v2\/product_tag?post=10190"}],"curies":[{"name":"wp","href":"https:\/\/api.w.org\/{rel}","templated":true}]}}