{"id":10233,"date":"2024-05-06T15:15:45","date_gmt":"2024-05-06T12:15:45","guid":{"rendered":"https:\/\/nextglow.lt\/?post_type=product&#038;p=10233"},"modified":"2024-05-06T15:18:39","modified_gmt":"2024-05-06T12:18:39","slug":"fogiutte-pro-bomby-styler-silk-plius-sukuosena-formuojantis-dziovintuvas","status":"publish","type":"product","link":"https:\/\/nextglow.lt\/en\/produktas\/fogiutte-pro-bomby-styler-silk-plius-sukuosena-formuojantis-dziovintuvas\/","title":{"rendered":"Fogiutte Pro \u201cBomby Styler Silk Plius\u201d \u0160ukuosen\u0105 Formuojantis D\u017eiovintuvas"},"content":{"rendered":"<p>Fogiutte Pro \u201cBomby styler Silk Plius\u201d d\u017eiovindamas i\u0161kart formuoja tavo plaukus. Lengvai pasieksite itin tiesi\u0173 arba i\u0161rai\u0161king\u0173 garban\u0173 ir apimties \u0161ukuosen\u0105.<\/p>\n<p><strong>Patentuota \u0161epe\u010dio technologija<\/strong><br \/>\n\u0160is Ferrli \u201cBomby Styler Silk Plius\u201d turi patentuot\u0105 \u0161epe\u010dio technologij\u0105. Tai duoda ypatingai greit\u0105 plauk\u0173 i\u0161d\u017eiovinim\u0105 per trumpiausi\u0105 laik\u0105. Taip pat plaukus d\u017eiovinant suteikia nepakartojamos apimties.<\/p>\n<p><strong>Ferli \u00a0\u201cBomby styler Silk Plius\u201d i\u0161vysite nat\u016bralaus \u0161erno \u0161erelius<\/strong><br \/>\nKurie gars\u0117ja kaip geriausiai suglotninantys ir labiausiai suteikiantys \u017evilges\u012f plaukui. Taip pat papildomai rasite nylon \u0161erelius, kurie labiausiai tausoja plaukus ir itin suglotnin\u0105 vis\u0105 \u0161ukuosen\u0105.<\/p>\n<p><strong>Unikalus Soft touch dizainas<\/strong><br \/>\nBomby styler Silk Plius padengtas ypatinga soft touch med\u017eiaga, tai garantuoja malon\u0173 poj\u016bt\u012f\u00a0lie\u010diant prietais\u0105 ir visi\u0161kai neslystant\u012f dizain\u0105.<\/p>\n<p><strong>Infraraudon\u0173j\u0173 spinduli\u0173 technologija<\/strong><br \/>\nTai viena inovatyviausi\u0173 \u0161i\u0173 laik\u0173 technologij\u0173, prietaisuose. Infrared spinduliai \u012fsiskverbia \u012f plauko vid\u0173, apsaugant plauko kutikul\u0117s i\u0161or\u0119, tod\u0117l plaukai ma\u017eiau l\u016b\u017ein\u0117ja, skilin\u0117ja. Taip pat d\u017eiovinant per vis\u0105 plauk\u0173 ilg\u012f, \u012fgauna ypating\u0105 blizges\u012f.<\/p>\n<p><strong>\u012emontuotas sidabro Jon\u0173 generatorius<\/strong><br \/>\nKuris veikdamas strukt\u016bros lygiu prisotins plaukus milijonais sidabro Jon\u0173, tod\u0117l plaukai \u012fgaus ypating\u0105 blizges\u012f, \u0161velnum\u0105. Taps strukt\u016bros lygiu daug sveikesni. Tai yra ypatingai\u00a0svarbus dalykas prietaisuose, jeigu plaukai \u0161viesinami.<\/p>\n<p><strong>Tinkantis d\u017eiovinti net ypatingai pa\u017eeistus plaukus<\/strong><br \/>\nFogiutte Pro Bomby Styler savo saugiausi\u0173 technologij\u0173 d\u0117ka yra sukurtas d\u017eiovinti ir formuoti net ypatingai pa\u017eeistus plaukus po da\u017eym\u0173 ar chemi\u0161kai nualintus.<\/p>\n<p>D\u017eiovinti, garbanoti, tiesinti saugiai su vienu prietaisu dar niekada nebuvo taip lengva<\/p>\n","protected":false},"excerpt":{"rendered":"<p>Ferrli Bomby styler Silk+ tai moderniausios technologijos formuojamasis d\u017eiovintuvas rinkoje. Su Bomby Styler <strong>SILK<\/strong>+ pavyks i\u0161sid\u017eiovinti, susibanguoti ir suteikti plaukams apimties bei akinamo blizgesio taip lengvai kaip niekada ank\u0161\u010diau!<\/p>\n<p>&nbsp;<\/p>\n","protected":false},"featured_media":10234,"comment_status":"open","ping_status":"closed","template":"","meta":[],"product_cat":[213,209,72],"product_tag":[],"class_list":{"0":"post-10233","1":"product","2":"type-product","3":"status-publish","4":"has-post-thumbnail","6":"product_cat-plauku-dziovintuvai","7":"product_cat-plauku-formavimo-prietaisai","8":"product_cat-plaukams","10":"first","11":"instock","12":"sale","13":"shipping-taxable","14":"purchasable","15":"product-type-simple"},"_links":{"self":[{"href":"https:\/\/nextglow.lt\/en\/wp-json\/wp\/v2\/product\/10233","targetHints":{"allow":["GET"]}}],"collection":[{"href":"https:\/\/nextglow.lt\/en\/wp-json\/wp\/v2\/product"}],"about":[{"href":"https:\/\/nextglow.lt\/en\/wp-json\/wp\/v2\/types\/product"}],"replies":[{"embeddable":true,"href":"https:\/\/nextglow.lt\/en\/wp-json\/wp\/v2\/comments?post=10233"}],"wp:featuredmedia":[{"embeddable":true,"href":"https:\/\/nextglow.lt\/en\/wp-json\/wp\/v2\/media\/10234"}],"wp:attachment":[{"href":"https:\/\/nextglow.lt\/en\/wp-json\/wp\/v2\/media?parent=10233"}],"wp:term":[{"taxonomy":"product_cat","embeddable":true,"href":"https:\/\/nextglow.lt\/en\/wp-json\/wp\/v2\/product_cat?post=10233"},{"taxonomy":"product_tag","embeddable":true,"href":"https:\/\/nextglow.lt\/en\/wp-json\/wp\/v2\/product_tag?post=10233"}],"curies":[{"name":"wp","href":"https:\/\/api.w.org\/{rel}","templated":true}]}}