{"id":10247,"date":"2024-05-06T15:50:30","date_gmt":"2024-05-06T12:50:30","guid":{"rendered":"https:\/\/nextglow.lt\/?post_type=product&#038;p=10247"},"modified":"2024-05-06T17:34:40","modified_gmt":"2024-05-06T14:34:40","slug":"wavy-dream-bangavimo-znyles-pink","status":"publish","type":"product","link":"https:\/\/nextglow.lt\/en\/produktas\/wavy-dream-bangavimo-znyles-pink\/","title":{"rendered":"Wavy Dream bangavimo \u017enyl\u0117s Pink"},"content":{"rendered":"","protected":false},"excerpt":{"rendered":"<p>Su Ferrli Luxe+ Collection garbanojimo \u017enypl\u0117mis dar niekada nebuvo taip lengva akimirksniu susikurti madingiausios \u0161ukuosenos.<\/p>\n<p><strong>Vienos brangiausi\u0173 plok\u0161teli\u0173 pasaulyje.<\/strong><br \/>\nVeidrodinis titanas ir turmalinas profesional\u0173 nominuota kaip brangiausia ir saugiausia plaukui plok\u0161teli\u0173 technologija.<\/p>\n<p><strong>Garban\u0105 suformuosite akimirksniu.<\/strong><br \/>\nD\u0117l moderniausio MCH mechanizmo sruog\u0105 suformuosite akimirksniu.<\/p>\n<p><strong>Unikalus Soft touch dizainas.<\/strong><br \/>\nLuxy+ collection \u017enypl\u0117s padengtos ypatinga soft touch med\u017eiaga, tai garantuoja malon\u0173 poj\u016bt\u012f lie\u010diant prietais\u0105 ir visi\u0161kai neslystant\u012f dizain\u0105.<\/p>\n<p><strong>I\u0161laikoma nat\u016brali plauko dregm\u0117.<\/strong><br \/>\nKuomet kitos plok\u0161tel\u0117s sausin\u0105 plauk\u0105, \u0161ios i\u0161laiko nat\u016brali\u0105 plauko dr\u0117gm\u0119. Taip pat veikia antistati\u0161kai.<\/p>\n<p><strong>Tinkantis garbanoti net ypatingai pa\u017eeistus plaukus.<\/strong><br \/>\nFogiutte Pro d\u0117ka savo saugiausi\u0173 technologij\u0173 yra sukurtas garbanoti net ypatingai pa\u017eeistus plaukus po da\u017eym\u0173 ar chemi\u0161kai nualintus.<\/p>\n","protected":false},"featured_media":10248,"comment_status":"open","ping_status":"closed","template":"","meta":[],"product_cat":[211,209,72],"product_tag":[],"class_list":{"0":"post-10247","1":"product","2":"type-product","3":"status-publish","4":"has-post-thumbnail","6":"product_cat-garbanojimo-znyples","7":"product_cat-plauku-formavimo-prietaisai","8":"product_cat-plaukams","10":"first","11":"instock","12":"shipping-taxable","13":"purchasable","14":"product-type-simple"},"_links":{"self":[{"href":"https:\/\/nextglow.lt\/en\/wp-json\/wp\/v2\/product\/10247","targetHints":{"allow":["GET"]}}],"collection":[{"href":"https:\/\/nextglow.lt\/en\/wp-json\/wp\/v2\/product"}],"about":[{"href":"https:\/\/nextglow.lt\/en\/wp-json\/wp\/v2\/types\/product"}],"replies":[{"embeddable":true,"href":"https:\/\/nextglow.lt\/en\/wp-json\/wp\/v2\/comments?post=10247"}],"wp:featuredmedia":[{"embeddable":true,"href":"https:\/\/nextglow.lt\/en\/wp-json\/wp\/v2\/media\/10248"}],"wp:attachment":[{"href":"https:\/\/nextglow.lt\/en\/wp-json\/wp\/v2\/media?parent=10247"}],"wp:term":[{"taxonomy":"product_cat","embeddable":true,"href":"https:\/\/nextglow.lt\/en\/wp-json\/wp\/v2\/product_cat?post=10247"},{"taxonomy":"product_tag","embeddable":true,"href":"https:\/\/nextglow.lt\/en\/wp-json\/wp\/v2\/product_tag?post=10247"}],"curies":[{"name":"wp","href":"https:\/\/api.w.org\/{rel}","templated":true}]}}