{"id":10262,"date":"2024-05-08T21:28:55","date_gmt":"2024-05-08T18:28:55","guid":{"rendered":"https:\/\/nextglow.lt\/?post_type=product&#038;p=10262"},"modified":"2024-05-08T21:28:56","modified_gmt":"2024-05-08T18:28:56","slug":"ferrli-magic-garbanojimo-rinkinys","status":"publish","type":"product","link":"https:\/\/nextglow.lt\/en\/produktas\/ferrli-magic-garbanojimo-rinkinys\/","title":{"rendered":"Ferrli Magic Garbanojimo Rinkinys"},"content":{"rendered":"<p><strong>Inovacin\u0117 itin \u017eema formavimo temperat\u016bra.<\/strong>\u00a0Kuomet \u012fprastas garbanoklis formuoja sruoga nuo 210 laipsni\u0173, su Magic Fogiutte garbanokliu suformuosite garban\u0105 ant 120 laispni\u0173. Tai 90 laispni\u0173 \u017eemesn\u0117 temperat\u016bra!<\/p>\n<p><strong>Brangiausia ir saugiausia plok\u0161teli\u0173 technologija.<\/strong>\u00a0Veidrodinis titanas ir turmalinas, tai nominuotos saugiausios plaukui plok\u0161tel\u0117s.<\/p>\n<p><strong>Jokios \u017ealos plaukams.<\/strong>\u00a0Kur kas trumpesnis sruogos laikymas ir inovacin\u0117 temperat\u016bros sistema, padarys, kad plaukai po formavimo nepatirs jokios kar\u0161\u010dio \u017ealos, kaip su kitais formavimo prietaisais.<\/p>\n<p><strong>I\u0161laikoma nat\u016brali plauko dr\u0117gm\u0117.<\/strong>\u00a0Plaukas po \u0161io garbanokliu nei\u0161saus\u0117s, netr\u016bp\u0117s, nesi\u0161iaus. O atvikr\u0161\u010diai d\u0117ka Ferrli technologijos, i\u0161laikys savo nat\u016brali\u0105 dr\u0117gm\u0119.<\/p>\n<p><strong>Ypatingai blizgantys plaukai.<\/strong>\u00a0Veidrodinio dengimo technologija, garatuoja itin blizgi\u0173 ir glotni\u0173 garban\u0173 rezultat\u0105. Su veidrodinio titano dengimu, garbanos i\u0161silaiko net iki kito galvos plovimo.<\/p>\n<p><strong>3-i skirtingi antgaliai.<\/strong>\u00a0Leis pasidaryti daug skirting\u0173 garban\u0173 tip\u0173. Po \u0161io garbanoklio, visos meta lauk savo senuosius!<\/p>\n<p><strong>Neigiam\u0173 Jon\u0173 generatorius.<\/strong>\u00a0\u0160iame Magic garbanoklyje \u012fmontuoti neigiami Jonai viso formavimo metu plaukus prisotina Jonais, ko pasekoje plaukas nebesi\u0161akoja, nesi\u0161iau\u0161ia. O atvirk\u0161\u010diai tampa sveikesnis visos strukt\u016bros lygiu, pripildo plaukus i\u0161 vidaus. Tai yra MUST dalykas prietaisuose \u0161viesinan\u010dioms plaukus.<\/p>\n<p><strong>Vienas prietaisas, kuris pakeit\u0117 daugelio moter\u0173 gyvenimus ir ypatingai \u0161ukuosenas! Leisk pakeisti ir tavo<\/strong><\/p>\n<h1><\/h1>\n","protected":false},"excerpt":{"rendered":"<p>Naujausios veidrodinio titano technologijos garbanojimo rinkinys, tai vienas i\u0161manus prietaisas, kuris leis be kar\u0161\u010dio sukeliamos \u017ealos i\u0161gauti vis\u0173 \u012fmanom\u0173 tip\u0173 garbanas. Pasaulyje lygi\u0173 neturintis Ferrli Magic komplektas ypatingai pamiltas vis\u0173 \u012fmanom\u0173 profesional\u0173, kurie tik j\u012f paima \u0161\u012f rinkin\u012f \u012f rankas!<br \/>\nSuformuoja sruog\u0105 akimirksniu. Kuomet su \u012fprastu garbanokliu sruogos laikymas 15-20s. Su \u0161iuo 10-imt kart\u0173 ma\u017eiau! Suformuosite sruog\u0105 vos per 2-3s.<\/p>\n","protected":false},"featured_media":10263,"comment_status":"open","ping_status":"closed","template":"","meta":[],"product_cat":[211,209,72],"product_tag":[],"class_list":{"0":"post-10262","1":"product","2":"type-product","3":"status-publish","4":"has-post-thumbnail","6":"product_cat-garbanojimo-znyples","7":"product_cat-plauku-formavimo-prietaisai","8":"product_cat-plaukams","10":"first","11":"instock","12":"shipping-taxable","13":"purchasable","14":"product-type-simple"},"_links":{"self":[{"href":"https:\/\/nextglow.lt\/en\/wp-json\/wp\/v2\/product\/10262","targetHints":{"allow":["GET"]}}],"collection":[{"href":"https:\/\/nextglow.lt\/en\/wp-json\/wp\/v2\/product"}],"about":[{"href":"https:\/\/nextglow.lt\/en\/wp-json\/wp\/v2\/types\/product"}],"replies":[{"embeddable":true,"href":"https:\/\/nextglow.lt\/en\/wp-json\/wp\/v2\/comments?post=10262"}],"wp:featuredmedia":[{"embeddable":true,"href":"https:\/\/nextglow.lt\/en\/wp-json\/wp\/v2\/media\/10263"}],"wp:attachment":[{"href":"https:\/\/nextglow.lt\/en\/wp-json\/wp\/v2\/media?parent=10262"}],"wp:term":[{"taxonomy":"product_cat","embeddable":true,"href":"https:\/\/nextglow.lt\/en\/wp-json\/wp\/v2\/product_cat?post=10262"},{"taxonomy":"product_tag","embeddable":true,"href":"https:\/\/nextglow.lt\/en\/wp-json\/wp\/v2\/product_tag?post=10262"}],"curies":[{"name":"wp","href":"https:\/\/api.w.org\/{rel}","templated":true}]}}