{"id":10273,"date":"2024-05-08T21:40:46","date_gmt":"2024-05-08T18:40:46","guid":{"rendered":"https:\/\/nextglow.lt\/?post_type=product&#038;p=10273"},"modified":"2024-06-23T20:45:25","modified_gmt":"2024-06-23T17:45:25","slug":"infraraudonuju-spinduliu-tiesintuvas-ferrli","status":"publish","type":"product","link":"https:\/\/nextglow.lt\/en\/produktas\/infraraudonuju-spinduliu-tiesintuvas-ferrli\/","title":{"rendered":"Infraraudon\u0173j\u0173 Spinduli\u0173 Tiesintuvas Ferrli"},"content":{"rendered":"<p><strong>Ferrli tiesintuvas yra bene vienintelis Europoje ir Lietuvos rinkoje, kuris turi visas 3 saugiausias plaukams Pasaulyje technologijas.<\/strong><\/p>\n<p><strong>1. Nominuotas vienas saugiausi\u0173 plaukui veidrodinio titano plok\u0161tel\u0117s.<\/strong>\u00a0Kuomet kitos plok\u0161tel\u0117s plaukus sausina, \u0161ios plok\u0161tel\u0117s i\u0161saugo nat\u016brali\u0105 plauko dr\u0117gm\u0119.<\/p>\n<p><strong>2. Infraraudon\u0173j\u0173 spinduli\u0173 technologij\u0105<\/strong>, kuri \u012fsiskverbia \u012f plauko vid\u0173, apsaugant plauko kutikul\u0117s i\u0161or\u0119, tod\u0117l plaukai tampa itin spindintys ir glotnus.<\/p>\n<p><strong>3. \u012emontuot\u0105 neigiam\u0173 Jon\u0173 generatori\u0173<\/strong>, kuris veikdamas str\u016bkt\u016bros lygiu, naikina plauko pasip\u016btim\u0105, \u0161iau\u0161im\u0105si. Prisotina plaukus milijonais Jon\u0173, tod\u0117l jis tampa itin \u0161velnus, sveikas. Tai yra numeris 1 technologija, \u0161viesintam plaukui.<\/p>\n<p>Visos \u0161ios technologijos u\u017etikrina \u012fsp\u016bding\u0105 tiesinimo rezultat\u0105 ant ypatingai \u017eemos temperat\u016bros. Plaukai po \u0161io tiesintuvo bus neapsakomai blizg\u016bs, glotn\u016bs ir prisotinti Jonais.<\/p>\n<p><strong>Technin\u0117 specifikacija: <\/strong><\/p>\n<ul>\n<li>Dvigubo dengimo veidrodinio titano ir turmalino plok\u0161el\u0117s<\/li>\n<li>Prabangus Soft touch dizainas<\/li>\n<li>Infraraudon\u0173j\u0173 spinduli\u0173 funkcija<\/li>\n<li>Neigiam\u0173 Jon\u0173 generatorius<\/li>\n<li>Skaitmeninis ekranas su reguliuojama temperat\u016bra iki 230\u00b0C.<\/li>\n<li>Temperat\u016bros valdymo sistema.<\/li>\n<li>Dvigubo stiprumo PTC kaitinimo elementai, kurie leid\u017eia i\u0161laikyti vienod\u0105 temperat\u016br\u0105<\/li>\n<li>Plok\u0161teli\u0173 i\u0161matavimai: 2.5cm x 11 cm.<\/li>\n<li>360\u00b0 besisukantis laidas patogiam tiesinimui.<\/li>\n<li>Saugos Sistema. Automatinis i\u0161sijungimas nenaudojant prietaiso po 1 valandos.<\/li>\n<li>Suteikiama 2 met\u0173 Pasaulin\u0117 garantija.<\/li>\n<\/ul>\n","protected":false},"excerpt":{"rendered":"<p>\u2714\ufe0f Vienintelis infraraudon\u0173j\u0173 spinduli\u0173 modelis su veidrodin\u0117mis 3D plok\u0161tel\u0117mis.<br \/>\n\u2714\ufe0f I\u0161tiesina plaukus vienu perbraukimu<br \/>\n\u2714\ufe0f \u012emontuotas neigiam\u0173 jon\u0173 generatorius, kuris i\u0161kiria milijonus Jon\u0173 tiesinimo metu. D\u0117l ko plaukai nebesipu\u010dia, nebesielektrina ir tampa kur kas blizgesni.<br \/>\n\u2714\ufe0f Infraraudon\u0173j\u0173 spinduli\u0173 technologij\u0105 tiesinant plaukus u\u017edaro plauko \u017evynelius, plaukas nesi\u0161akoja, dar labiau blizga.<br \/>\n\u2714\ufe0f Dizainas suk\u016brtas taip, kad galima b\u016bt\u0173 ypatingai lengvai ne tik tiesinti, bet ir kurti smagias garbanas<br \/>\n\u2714\ufe0f Apsaugo plauk\u0105. Po kasdieninio naudojimo pasteb\u0117site plauko b\u016bkl\u0117 \u017eymiai pager\u0117s.<br \/>\n\u2714\ufe0f Tinka net ypatingai pa\u017eeistiems plaukams naudoti, po da\u017eym\u0173, chemi\u0161kai nualintiems, priaugintiems.<br \/>\n\u2714\ufe0f Tinka ne tik namams, bet ir profesionalam naudojimui.<\/p>\n<p>&nbsp;<\/p>\n","protected":false},"featured_media":10274,"comment_status":"open","ping_status":"closed","template":"","meta":[],"product_cat":[209,210,72],"product_tag":[],"class_list":{"0":"post-10273","1":"product","2":"type-product","3":"status-publish","4":"has-post-thumbnail","6":"product_cat-plauku-formavimo-prietaisai","7":"product_cat-plauku-tiesinimo-znyples","8":"product_cat-plaukams","10":"first","11":"instock","12":"shipping-taxable","13":"purchasable","14":"product-type-simple"},"_links":{"self":[{"href":"https:\/\/nextglow.lt\/en\/wp-json\/wp\/v2\/product\/10273","targetHints":{"allow":["GET"]}}],"collection":[{"href":"https:\/\/nextglow.lt\/en\/wp-json\/wp\/v2\/product"}],"about":[{"href":"https:\/\/nextglow.lt\/en\/wp-json\/wp\/v2\/types\/product"}],"replies":[{"embeddable":true,"href":"https:\/\/nextglow.lt\/en\/wp-json\/wp\/v2\/comments?post=10273"}],"wp:featuredmedia":[{"embeddable":true,"href":"https:\/\/nextglow.lt\/en\/wp-json\/wp\/v2\/media\/10274"}],"wp:attachment":[{"href":"https:\/\/nextglow.lt\/en\/wp-json\/wp\/v2\/media?parent=10273"}],"wp:term":[{"taxonomy":"product_cat","embeddable":true,"href":"https:\/\/nextglow.lt\/en\/wp-json\/wp\/v2\/product_cat?post=10273"},{"taxonomy":"product_tag","embeddable":true,"href":"https:\/\/nextglow.lt\/en\/wp-json\/wp\/v2\/product_tag?post=10273"}],"curies":[{"name":"wp","href":"https:\/\/api.w.org\/{rel}","templated":true}]}}