{"id":10320,"date":"2024-05-29T17:11:55","date_gmt":"2024-05-29T14:11:55","guid":{"rendered":"https:\/\/nextglow.lt\/?post_type=product&#038;p=10320"},"modified":"2024-07-01T01:00:07","modified_gmt":"2024-06-30T22:00:07","slug":"botanical-spf50-atspalvi-veidui-suteikiantis-losjonas-89-ml","status":"publish","type":"product","link":"https:\/\/nextglow.lt\/en\/produktas\/botanical-spf50-atspalvi-veidui-suteikiantis-losjonas-89-ml\/","title":{"rendered":"Botanical SPF50 atspalv\u012f veidui suteikiantis losjonas 89 ml."},"content":{"rendered":"<p>&nbsp;<\/p>\n<div id=\"content_wrapper\">\n<div class=\"content_body\">\n<div id=\"pages_detailed\">\n<div class=\"html_content\">\n<div class=\"page_editor_template editor_type_text container mx-auto mb-4 mb-sm-5 clearfix\">\n<div>\n<p><strong>\u012eSP\u0116JIMAS<\/strong>: \u00a0Tik i\u0161oriniam naudojimui. Venkite kontakto su akimis. Laikykite vaikams nepasiekiamoje vietoje. Nebetepkite, jei dirgina od\u0105. Kad \u00a0neb\u016bt\u0173 skatinamas greitas odos sen\u0117jimas, reguliariai naudokite \u012fvairias apsaugos priemones nuo saul\u0117s, b\u016bkite saul\u0117je ribot\u0105 laik\u0105, nesideginkite nuo 10:00 iki 14:00 valandos. Neleiskite tiesioginiuose saul\u0117s spinduliuose b\u016bti k\u016bdikiams ir vaikams<\/p>\n<h4><strong>Sud\u0117tis:<\/strong><\/h4>\n<p>Cyclopentasiloxane, Water\/Aqua\/Eau, Glycerin, Titanium Dioxide (Cl 77891), Zinc Oxide (Cl 77947), Silica, Cetyl PEG\/PPG-10\/1 Dimethicone, Disteardimonium Hectorite, Polymethylsilsesquioxane, PEG-10 Dimethicone, Hexyl Laurate, Polyglyceryl-4 Isostearate, Terminalia Ferdinandiana (Kakadu Plum) Fruit Extract, Porphyra Umbilicalis Extract, Eucalyptus Globulus (Eucalyptus) Leaf Extract, Dimethicone Crosspolymer, Stearic Acid, Caprylyl Glycol, Tocopheryl Acetate*, Butyrospermum Parkii (Shea) Butter, Squalane, Panthenol, Disodium EDTA, Triethoxycaprylylsilane, Alumina, Phenoxyethanol, Sodium Benzoate, Potassium Sorbate, Iron Oxides (Cl 77492, Cl 77491, Cl 77499)<\/p>\n<p>*Vitamin E<\/p>\n<p><em>Primename, kad produkt\u0173 sud\u0117tis gali b\u016bti kei\u010diama. Naujausias ingredient\u0173 s\u0105ra\u0161as yra ant j\u016bs\u0173 \u012fsigyto gaminio pakuot\u0117s. Jei internete nurodyta produkto sud\u0117tis skiriasi nuo pateiktos ant pakuot\u0117s, vadovaukit\u0117s s\u0105ra\u0161u, esan\u010diu ant \u012fsigyto gaminio.<\/em><\/p>\n<\/div>\n<\/div>\n<\/div>\n<\/div>\n<\/div>\n<\/div>\n<p>&nbsp;<\/p>\n<footer class=\"footer bg-dark pt-5\">\n<div class=\"container\">\n<div class=\"row pb-2\">\n<div id=\"pages_footer_menu\" class=\"col-md-8 col-sm-12\">\n<div class=\"row\">\n<div class=\"col-md-4 col-sm-6\">\n<div class=\"widget widget-links widget-light pb-2 mb-4\"><\/div>\n<\/div>\n<\/div>\n<\/div>\n<div class=\"col-md-4\">\n<div id=\"subscribers_subscribe\" class=\"widget pb-2 mb-4\">\n<h3 class=\"widget-title text-light pb-1\"><\/h3>\n<\/div>\n<\/div>\n<\/div>\n<\/div>\n<\/footer>\n","protected":false},"excerpt":{"rendered":"<p>Specialiai sukurtas jautriai veido odai apsaugoti ir ja pasir\u016bpinti. Mineralinis filtras nepalieka baltumo ant odos, suteikia jai pudros \u0161velnum\u0105, n\u0117ra riebumo, lipnumo poj\u016b\u010dio. Sud\u0117tyje esantys vitaminai ir antioksidantai, apsaugo nuo \u017ealing\u0173 UVA ir UVB spinduli\u0173, pamaitina, sudr\u0117kna od\u0105. Bekvapis. Taukmed\u017eio sviestas \u2013 nuramina ir sudr\u0117kina od\u0105. Kakadu slyv\u0173 ekstraktas maksimaliai apr\u016bpina od\u0105 vitaminu C, kuris apsaugo od\u0105 nuo laisv\u0173j\u0173 radikal\u0173. Raudon\u0173j\u0173 dumbli\u0173 ekstraktas \u2013 stiprus antioksidantas, suteikia odai gyvybingum\u0105 ir sveik\u0105 i\u0161vaizd\u0105, palaiko dr\u0117gm\u0117s pusiausvyr\u0105. Skvalenas \u2013 nat\u016braliai mink\u0161tina od\u0105. Subtilus atspalvis idealiai susilieja su bet kokia odos spalva ir yra lengvai nuplaunamas. Ypatingai atsparus vandeniui.<\/p>\n","protected":false},"featured_media":10338,"comment_status":"open","ping_status":"closed","template":"","meta":[],"product_cat":[214,73],"product_tag":[],"class_list":{"0":"post-10320","1":"product","2":"type-product","3":"status-publish","4":"has-post-thumbnail","6":"product_cat-veido-apsauga-nuo-saules","7":"product_cat-veidui","8":"pa_spalva-sviesi","9":"pa_spalva-vidutinio-tamsumo","11":"first","12":"instock","13":"shipping-taxable","14":"purchasable","15":"product-type-variable"},"_links":{"self":[{"href":"https:\/\/nextglow.lt\/en\/wp-json\/wp\/v2\/product\/10320","targetHints":{"allow":["GET"]}}],"collection":[{"href":"https:\/\/nextglow.lt\/en\/wp-json\/wp\/v2\/product"}],"about":[{"href":"https:\/\/nextglow.lt\/en\/wp-json\/wp\/v2\/types\/product"}],"replies":[{"embeddable":true,"href":"https:\/\/nextglow.lt\/en\/wp-json\/wp\/v2\/comments?post=10320"}],"wp:featuredmedia":[{"embeddable":true,"href":"https:\/\/nextglow.lt\/en\/wp-json\/wp\/v2\/media\/10338"}],"wp:attachment":[{"href":"https:\/\/nextglow.lt\/en\/wp-json\/wp\/v2\/media?parent=10320"}],"wp:term":[{"taxonomy":"product_cat","embeddable":true,"href":"https:\/\/nextglow.lt\/en\/wp-json\/wp\/v2\/product_cat?post=10320"},{"taxonomy":"product_tag","embeddable":true,"href":"https:\/\/nextglow.lt\/en\/wp-json\/wp\/v2\/product_tag?post=10320"}],"curies":[{"name":"wp","href":"https:\/\/api.w.org\/{rel}","templated":true}]}}