{"id":10321,"date":"2024-05-29T16:40:52","date_gmt":"2024-05-29T13:40:52","guid":{"rendered":"https:\/\/nextglow.lt\/?post_type=product&#038;p=10321"},"modified":"2024-05-30T14:57:01","modified_gmt":"2024-05-30T11:57:01","slug":"australian-gold-apsaugos-nuo-saules-piestukas-tattoo-spf50-14-gr","status":"publish","type":"product","link":"https:\/\/nextglow.lt\/en\/produktas\/australian-gold-apsaugos-nuo-saules-piestukas-tattoo-spf50-14-gr\/","title":{"rendered":"Australian Gold apsaugos nuo saul\u0117s pie\u0161tukas Tattoo SPF50, 14 gr"},"content":{"rendered":"<h2>Australian Gold apsaugos nuo saul\u0117s pie\u0161tukas Tattoo SPF50, 14 gr &#8211; Naudojimas<\/h2>\n<p>Tepkite pie\u0161tuku 20 min. prie\u0161 deginantis saul\u0117je. Jei maud\u0117t\u0117s arba prakaitavote, nusausin\u0119 od\u0105 pakartotinai u\u017etepkite po 40 min., v\u0117liau tepkit\u0117s kas 2 valandas.<\/p>\n<p>\u012eSP\u0116JIMAS:Tik i\u0161oriniam naudojimui, venkite patekimo \u012f akis ir saugokite nuo vaik\u0173. Neturi UV filtr\u0173 ir neapsaugo nuo nudegim\u0173. Per ilgas deginimasis didina \u00a0rizik\u0105 susirgti odos v\u0117\u017eiu, oda grei\u010diau sensta. Nenaudoti, jei pasirei\u0161kia alergin\u0117 reakcija.<\/p>\n<h2>Australian Gold apsaugos nuo saul\u0117s pie\u0161tukas Tattoo SPF50, 14 g\u00a0&#8211; sud\u0117tis<\/h2>\n<p>Cocoas Nucifera Oil, Zinc Oxide, Behenyl Behenate, Helianthus Annuus Seed Oil, Theobroma Cacao Seed Butter, Polyhydroxystearic Acid, Ricinus Communis Seed Oil, Squalane, Aroma, Helianthus Annuus Seed Wax, Butyrospermum Parkii Butter, Euphorbia Cerifera Wax, Tocopherol, Simmondsia Chinensis Seed Oil, Caprylic\/Capric Triglyceride, Aloe Barbadensis Leaf Juice<\/p>\n<p><em>Primename, kad produkt\u0173 sud\u0117tis gali b\u016bti kei\u010diama. Naujausias ingredient\u0173 s\u0105ra\u0161as yra ant j\u016bs\u0173 \u012fsigyto gaminio pakuot\u0117s. Jei internete nurodyta produkto sud\u0117tis skiriasi nuo pateiktos ant pakuot\u0117s, vadovaukit\u0117s s\u0105ra\u0161u, esan\u010diu ant \u012fsigyto gaminio.<\/em><\/p>\n","protected":false},"excerpt":{"rendered":"<p>Apsaugokite savo tatuiruotes nuo i\u0161blukimo su Australian Gold Tattoo stick SPF 50 pie\u0161tuku! \u0160is kompakti\u0161kas pie\u0161tukas yra sukurtas specialiai tatuiruot\u0117ms apsaugoti nuo saul\u0117s spinduli\u0173, kurie gali sukelti spalvos i\u0161blukim\u0105. Sud\u0117tyje esantys auk\u0161tos kokyb\u0117s veikliosios med\u017eiagos suteikia ne tik plataus spektro apsaug\u0105 nuo saul\u0117s (UVA\/UVB), bet ir stipr\u0173 dr\u0117kinim\u0105, kuris i\u0161laiko tatuiruotes ry\u0161kias ir gyvybingas. Kokos\u0173 aliejus, alijo\u0161ius ir simondsij\u0173 aliejus maitina od\u0105 ir i\u0161laiko tatuiruotes ry\u0161kias. Kompakti\u0161kas dydis &#8211; patogus visada tur\u0117ti su savimi.<br \/>\nGalima naudoti ant veido ir l\u016bp\u0173 &#8211; universalus produktas, tinkantis \u012fvairioms sritims \u2013 tatuiruot\u0117ms, permanentiniam makia\u017eui, apgamamas, randams, ausims ir pan.<\/p>\n","protected":false},"featured_media":10322,"comment_status":"open","ping_status":"closed","template":"","meta":[],"product_cat":[214,93,73],"product_tag":[],"class_list":{"0":"post-10321","1":"product","2":"type-product","3":"status-publish","4":"has-post-thumbnail","6":"product_cat-veido-apsauga-nuo-saules","7":"product_cat-kunui","8":"product_cat-veidui","10":"first","11":"instock","12":"sale","13":"shipping-taxable","14":"purchasable","15":"product-type-simple"},"_links":{"self":[{"href":"https:\/\/nextglow.lt\/en\/wp-json\/wp\/v2\/product\/10321","targetHints":{"allow":["GET"]}}],"collection":[{"href":"https:\/\/nextglow.lt\/en\/wp-json\/wp\/v2\/product"}],"about":[{"href":"https:\/\/nextglow.lt\/en\/wp-json\/wp\/v2\/types\/product"}],"replies":[{"embeddable":true,"href":"https:\/\/nextglow.lt\/en\/wp-json\/wp\/v2\/comments?post=10321"}],"wp:featuredmedia":[{"embeddable":true,"href":"https:\/\/nextglow.lt\/en\/wp-json\/wp\/v2\/media\/10322"}],"wp:attachment":[{"href":"https:\/\/nextglow.lt\/en\/wp-json\/wp\/v2\/media?parent=10321"}],"wp:term":[{"taxonomy":"product_cat","embeddable":true,"href":"https:\/\/nextglow.lt\/en\/wp-json\/wp\/v2\/product_cat?post=10321"},{"taxonomy":"product_tag","embeddable":true,"href":"https:\/\/nextglow.lt\/en\/wp-json\/wp\/v2\/product_tag?post=10321"}],"curies":[{"name":"wp","href":"https:\/\/api.w.org\/{rel}","templated":true}]}}