{"id":10326,"date":"2024-05-29T16:53:02","date_gmt":"2024-05-29T13:53:02","guid":{"rendered":"https:\/\/nextglow.lt\/?post_type=product&#038;p=10326"},"modified":"2024-05-30T14:57:01","modified_gmt":"2024-05-30T11:57:01","slug":"australian-gold-lip-balm-lupu-balzamas-su-apsauga-nuo-saules-spf30","status":"publish","type":"product","link":"https:\/\/nextglow.lt\/en\/produktas\/australian-gold-lip-balm-lupu-balzamas-su-apsauga-nuo-saules-spf30\/","title":{"rendered":"Australian Gold Lip Balm l\u016bp\u0173 balzamas su apsauga nuo saul\u0117s SPF30"},"content":{"rendered":"<h2><strong>Australian Gold Lip Balm l\u016bp\u0173 balzamas su apsauga nuo saul\u0117s SPF30 naudojimas<\/strong><\/h2>\n<p>Naudokite prie\u0161 deginim\u0105si. Tepkite pakartotinai, kad i\u0161laikytum\u0117te pakankam\u0105 apsaug\u0105 nuo saul\u0117s, ypa\u010d i\u0161simaud\u017eius.<\/p>\n<h2><strong>Australian Gold Lip Balm l\u016bp\u0173 balzamas su apsauga nuo saul\u0117s SPF30 sud\u0117tis<\/strong><\/h2>\n<p>Petrolatum, Ozokerite, Caprylic\/Capric Triglyceride, Ethylhexyl Methoxycrylene, Homosalate, Ethylhexyl Salicylate, Butyl Methoxydibenzoylmethane, Aroma, Isocetyl Stearate, Cera Microcristallina, Aloe Barbadensis Leaf Juice, BHT, Citric Acid, Cocos Nucifera Oil, Helianthus Annuus Seed Oil, Melaleuca Alternifolia Leaf Oil, Olea Europaea Fruit Oil, Stearyl Alcohol, Theobroma Cacao Seed Butter, Tocopherol, Tocopheryl Acetate, Potassium Sorbate, Sodium Benzoate<\/p>\n<p><em>Primename, kad produkt\u0173 sud\u0117tis gali b\u016bti kei\u010diama. Naujausias ingredient\u0173 s\u0105ra\u0161as yra ant j\u016bs\u0173 \u012fsigyto gaminio pakuot\u0117s. Jei internete nurodyta produkto sud\u0117tis skiriasi nuo pateiktos ant pakuot\u0117s, vadovaukit\u0117s s\u0105ra\u0161u, esan\u010diu ant \u012fsigyto gaminio.<\/em><\/p>\n","protected":false},"excerpt":{"rendered":"<p>&#8220;Australian Gold&#8221; SPF 30 l\u016bp\u0173 balzamas ne tik efektyvi apsauga \u00a0nuo saul\u0117s, bet ir nuostabus l\u016bp\u0173 balzamas. Sud\u0117tyje yra kokos\u0173 aliejus: pasi\u017eymi kondicionuojan\u010diomis ir dr\u0117kinan\u010diomis, apsaugan\u010diomis nuo skilin\u0117jimo savyb\u0117mis. Lanolinas- gausiai ir veiksmingai dr\u0117kina. Alijo\u0161ius, giliai dr\u0117kina, maitina ir nat\u016braliai ramina od\u0105. Dr\u0117kikliai: kakavos sviestas, simondsij\u0173 s\u0117kl\u0173 aliejus, saul\u0117gr\u0105\u017e\u0173 s\u0117kl\u0173 aliejus ir alyvuogi\u0173 vaisi\u0173 aliejus giliai dr\u0117kina ir maitina od\u0105. Kakadu slyva: \u0160is vaisius turi daugiausiai vitamino C i\u0161 vis\u0173 vaisi\u0173. Vitaminas C padidina priemon\u0117s nuo saul\u0117s veiksmingum\u0105 ir apsaugo nuo laisv\u0173j\u0173 radikal\u0173.<br \/>\nKokos\u0173 aromato.<br \/>\nPatarimas: Puikiai tinka ir \u017eiemos sporto metu, norint apsaugoti jautrias l\u016bpas.<\/p>\n","protected":false},"featured_media":10327,"comment_status":"open","ping_status":"closed","template":"","meta":[],"product_cat":[214,73],"product_tag":[],"class_list":{"0":"post-10326","1":"product","2":"type-product","3":"status-publish","4":"has-post-thumbnail","6":"product_cat-veido-apsauga-nuo-saules","7":"product_cat-veidui","9":"first","10":"instock","11":"sale","12":"shipping-taxable","13":"purchasable","14":"product-type-simple"},"_links":{"self":[{"href":"https:\/\/nextglow.lt\/en\/wp-json\/wp\/v2\/product\/10326","targetHints":{"allow":["GET"]}}],"collection":[{"href":"https:\/\/nextglow.lt\/en\/wp-json\/wp\/v2\/product"}],"about":[{"href":"https:\/\/nextglow.lt\/en\/wp-json\/wp\/v2\/types\/product"}],"replies":[{"embeddable":true,"href":"https:\/\/nextglow.lt\/en\/wp-json\/wp\/v2\/comments?post=10326"}],"wp:featuredmedia":[{"embeddable":true,"href":"https:\/\/nextglow.lt\/en\/wp-json\/wp\/v2\/media\/10327"}],"wp:attachment":[{"href":"https:\/\/nextglow.lt\/en\/wp-json\/wp\/v2\/media?parent=10326"}],"wp:term":[{"taxonomy":"product_cat","embeddable":true,"href":"https:\/\/nextglow.lt\/en\/wp-json\/wp\/v2\/product_cat?post=10326"},{"taxonomy":"product_tag","embeddable":true,"href":"https:\/\/nextglow.lt\/en\/wp-json\/wp\/v2\/product_tag?post=10326"}],"curies":[{"name":"wp","href":"https:\/\/api.w.org\/{rel}","templated":true}]}}