{"id":10355,"date":"2024-05-30T11:42:48","date_gmt":"2024-05-30T08:42:48","guid":{"rendered":"https:\/\/nextglow.lt\/?post_type=product&#038;p=10355"},"modified":"2024-05-30T14:57:01","modified_gmt":"2024-05-30T11:57:01","slug":"australian-gold-spray-gel-sunscreen-spf50-apsaugos-nuo-saules-pienelis-su-bronzantais-237ml","status":"publish","type":"product","link":"https:\/\/nextglow.lt\/en\/produktas\/australian-gold-spray-gel-sunscreen-spf50-apsaugos-nuo-saules-pienelis-su-bronzantais-237ml\/","title":{"rendered":"Australian Gold Spray Gel Sunscreen SPF50 apsaugos nuo saul\u0117s pienelis su bronzantais, 237ml"},"content":{"rendered":"<p><strong>Naudojimas:<\/strong> TTepkite pieneliu 20 min. prie\u0161 deginantis saul\u0117je. Jei maud\u0117t\u0117s arba prakaitavote, nusausin\u0119 od\u0105 pakartotinai u\u017etepkite po 40 min., v\u0117liau tepkit\u0117s kas 2 valandas. Prie\u0161 naudojant k\u016bdikiams iki 6 m\u0117n., pasikonsultuoti su gydytoju<\/p>\n<p><strong>\u012eSP\u0116JIMAS: <\/strong>Tik i\u0161oriniam naudojimui. Venkite kontakto su akimis. Laikykite vaikams nepasiekiamoje vietoje. \u00a0Nebetepkite, jei dirgina od\u0105. \u0160is gaminys \u00a0apsaugo nuo nudegimo. Kad neb\u016bt\u0173 skatinamas greitas odos sen\u0117jimas, reguliariai naudokite \u012fvairias apsaugos priemones nuo saul\u0117s, b\u016bkite saul\u0117je ribot\u0105 laik\u0105, ypa\u010d nuo 10:00 iki 14:00 valandos. Neleiskite tiesioginiuose saul\u0117s spinduliuose b\u016bti k\u016bdikiams ir vaikams.<\/p>\n<p>Sud\u0117tis: Water\/Aqua\/Eau, Homosalate, Ethylnexyl Salicylate, Octocrylene, Aloe Barbadensis Leaf Juice, Butyl Methoxydibenzoyl-methane, Glycerin, Caramel, Phenoxyethanol, Acrylates\/C12-22 Alkyl Methacrylate Copolymer, Dimethicone, Limonene, Acrylates\/C10-30 Alkyl Acrylate Crosspolymer, Fragrance (Parfum), Polysorbate 20, Trimethylsiloxysilicate, Helianthus Annuus (Sunflower) Seed Oil, Olea Europaea (Olive) Fruit Oil, Tocopheryl Acetate, Tetrasodium Glutamate Diacetate, Hydroxypropy Methylcellulose, Ethylhexyllycerin, Sodium Hydroxide, Propylene Glycol, Sorbitan Oleate, Coumarin, Methylparaben, Linalool, Citral, Benzy Alcohol, Melaleuca Alternifolia (Tea Tree) Leaf Oil, Sodium Chloride<\/p>\n<p><em>Primename, kad produkt\u0173 sud\u0117tis gali b\u016bti kei\u010diama. Naujausias ingredient\u0173 s\u0105ra\u0161as yra ant j\u016bs\u0173 \u012fsigyto gaminio pakuot\u0117s. Jei internete nurodyta produkto sud\u0117tis skiriasi nuo pateiktos ant pakuot\u0117s, vadovaukit\u0117s s\u0105ra\u0161u, esan\u010diu ant \u012fsigyto gaminio.<\/em><\/p>\n","protected":false},"excerpt":{"rendered":"<p>Australian Gold Spray Gel Sunscreen SPF50 apsaugos nuo saul\u0117s pienelis su bronzantais, 237ml. Efektyvi apsauga nuo UVA\/UVB spinduli\u0173 ir subtilus odos atspalvis vienu metu. Atrodykite puikiai net pirm\u0105 dien\u0105 papl\u016bdimyje. Nereikia laukti \u2013 nat\u016bralios karamel\u0117s bronzantas suteiks subtil\u0173 atspalv\u012f vos tik pasitepsite losjonu. Praturtintas vitaminu E, kuris saugo od\u0105 nuo laisv\u0173j\u0173 radikal\u0173 poveikio. Alijo\u0161ius ir egzotiniai aliejai pamaitins, sudr\u0117kins ir sumink\u0161tins od\u0105. I\u0161skirtinis, pasaulyje pripa\u017eintas, atostog\u0173 aromatas.<\/p>\n","protected":false},"featured_media":10356,"comment_status":"open","ping_status":"closed","template":"","meta":[],"product_cat":[217,93],"product_tag":[],"class_list":{"0":"post-10355","1":"product","2":"type-product","3":"status-publish","4":"has-post-thumbnail","6":"product_cat-kuno-apsauga-nuo-saules","7":"product_cat-kunui","9":"first","10":"instock","11":"sale","12":"shipping-taxable","13":"purchasable","14":"product-type-simple"},"_links":{"self":[{"href":"https:\/\/nextglow.lt\/en\/wp-json\/wp\/v2\/product\/10355","targetHints":{"allow":["GET"]}}],"collection":[{"href":"https:\/\/nextglow.lt\/en\/wp-json\/wp\/v2\/product"}],"about":[{"href":"https:\/\/nextglow.lt\/en\/wp-json\/wp\/v2\/types\/product"}],"replies":[{"embeddable":true,"href":"https:\/\/nextglow.lt\/en\/wp-json\/wp\/v2\/comments?post=10355"}],"wp:featuredmedia":[{"embeddable":true,"href":"https:\/\/nextglow.lt\/en\/wp-json\/wp\/v2\/media\/10356"}],"wp:attachment":[{"href":"https:\/\/nextglow.lt\/en\/wp-json\/wp\/v2\/media?parent=10355"}],"wp:term":[{"taxonomy":"product_cat","embeddable":true,"href":"https:\/\/nextglow.lt\/en\/wp-json\/wp\/v2\/product_cat?post=10355"},{"taxonomy":"product_tag","embeddable":true,"href":"https:\/\/nextglow.lt\/en\/wp-json\/wp\/v2\/product_tag?post=10355"}],"curies":[{"name":"wp","href":"https:\/\/api.w.org\/{rel}","templated":true}]}}