{"id":10365,"date":"2024-05-30T11:55:47","date_gmt":"2024-05-30T08:55:47","guid":{"rendered":"https:\/\/nextglow.lt\/?post_type=product&#038;p=10365"},"modified":"2024-05-30T14:57:01","modified_gmt":"2024-05-30T11:57:01","slug":"australian-gold-spray-gel-sunscreen-spf6-apsaugos-nuo-saules-pienelis-su-bronzantais-237ml","status":"publish","type":"product","link":"https:\/\/nextglow.lt\/en\/produktas\/australian-gold-spray-gel-sunscreen-spf6-apsaugos-nuo-saules-pienelis-su-bronzantais-237ml\/","title":{"rendered":"Australian Gold Spray Gel Sunscreen SPF6 apsaugos nuo saul\u0117s pienelis su bronzantais, 237ml"},"content":{"rendered":"<h2>Naudojimas:<\/h2>\n<p>Tepkite pieneliu 20 min. prie\u0161 deginantis saul\u0117je. Jei maud\u0117t\u0117s arba prakaitavote, nusausin\u0119 od\u0105 pakartotinai u\u017etepkite po 40 min., v\u0117liau tepkit\u0117s kas 2 valandas. Prie\u0161 naudojant k\u016bdikiams iki 6 m\u0117n., pasikonsultuoti su gydytoju.<\/p>\n<p><strong>\u012eSP\u0116JIMAS:<\/strong>\u00a0Tik i\u0161oriniam naudojimui. Venkite kontakto su akimis. Laikykite vaikams nepasiekiamoje vietoje. Nebetepkite, jei dirgina od\u0105. \u0160is gaminys \u00a0apsaugo nuo nudegimo. Kad neb\u016bt\u0173 skatinamas greitas odos sen\u0117jimas, reguliariai naudokite \u012fvairias apsaugos priemones nuo saul\u0117s, b\u016bkite saul\u0117je ribot\u0105 laik\u0105, ypa\u010d nuo 10:00 iki 14:00 valandos. Neleiskite tiesioginiuose saul\u0117s spinduliuose b\u016bti k\u016bdikiams ir vaikams.<\/p>\n<p><strong>Sud\u0117tis: <\/strong>Water\/Aqua\/Eau, Aloe Barbadensis Leaf Juice, C12-15 Alkyl Benzoate, Glycerin, Butylphthalimide, Butyl Methoxydibenzoylmethane, Caramel, Octocrylene, Acrylates\/C12-22 Alkyl Methacrylate Copolymer, Isopropy|phthalimide, Dimethicone, Acrylates\/C10-30 Alkyl Acrylate Crosspolymer, Trimethylsiloxysilicate, Sodium Hydroxide, Helianthus Annuus (Sunflower) Seed Oil, Hydroxypropyl Methylcellulose, Olea Europaea (Olive) Fruit Oil, Tocopheryl Acetate, Tetrasodium Glutamate Diacetate, Propylene Glycol, Polysorbate 20, Sorbitan Oleate, Melaleuca Alternifolia (Tea Tree) Leaf Oil, Terminalia Ferdinandiana (Kakadu Plum) Fruit Extract, Fragrance (Parfum), Limonene, Coumarin, Linalool, Citral, Benzyl Alcohol, Phenoxyethanol, Ethylhexylglycerin, Methylparaben, Sodium Benzoate, Potassium Sorbate<\/p>\n<p><em>Primename, kad produkt\u0173 sud\u0117tis gali b\u016bti kei\u010diama. Naujausias ingredient\u0173 s\u0105ra\u0161as yra ant j\u016bs\u0173 \u012fsigyto gaminio pakuot\u0117s. Jei internete nurodyta produkto sud\u0117tis skiriasi nuo pateiktos ant pakuot\u0117s, vadovaukit\u0117s s\u0105ra\u0161u, esan\u010diu ant \u012fsigyto gaminio.<\/em><\/p>\n","protected":false},"excerpt":{"rendered":"<p>Efektyvi apsauga nuo UVA\/UVB spinduli\u0173 ir subtilus odos atspalvis vienu metu. Atrodykite puikiai net pirm\u0105 dien\u0105 papl\u016bdimyje. Nereikia laukti \u2013 nat\u016bralios karamel\u0117s bronzantas suteiks subtil\u0173 atspalv\u012f vos tik pasitepsite losjonu. Praturtintas vitaminu E, kuris saugo od\u0105 nuo laisv\u0173j\u0173 radikal\u0173 poveikio. Alijo\u0161ius ir egzotiniai aliejai pamaitins, sudr\u0117kins ir sumink\u0161tins od\u0105. I\u0161skirtinis, pasaulyje pripa\u017eintas, atostog\u0173 aromatas.<\/p>\n","protected":false},"featured_media":10366,"comment_status":"open","ping_status":"closed","template":"","meta":[],"product_cat":[217,93],"product_tag":[],"class_list":{"0":"post-10365","1":"product","2":"type-product","3":"status-publish","4":"has-post-thumbnail","6":"product_cat-kuno-apsauga-nuo-saules","7":"product_cat-kunui","9":"first","10":"instock","11":"sale","12":"shipping-taxable","13":"purchasable","14":"product-type-simple"},"_links":{"self":[{"href":"https:\/\/nextglow.lt\/en\/wp-json\/wp\/v2\/product\/10365","targetHints":{"allow":["GET"]}}],"collection":[{"href":"https:\/\/nextglow.lt\/en\/wp-json\/wp\/v2\/product"}],"about":[{"href":"https:\/\/nextglow.lt\/en\/wp-json\/wp\/v2\/types\/product"}],"replies":[{"embeddable":true,"href":"https:\/\/nextglow.lt\/en\/wp-json\/wp\/v2\/comments?post=10365"}],"wp:featuredmedia":[{"embeddable":true,"href":"https:\/\/nextglow.lt\/en\/wp-json\/wp\/v2\/media\/10366"}],"wp:attachment":[{"href":"https:\/\/nextglow.lt\/en\/wp-json\/wp\/v2\/media?parent=10365"}],"wp:term":[{"taxonomy":"product_cat","embeddable":true,"href":"https:\/\/nextglow.lt\/en\/wp-json\/wp\/v2\/product_cat?post=10365"},{"taxonomy":"product_tag","embeddable":true,"href":"https:\/\/nextglow.lt\/en\/wp-json\/wp\/v2\/product_tag?post=10365"}],"curies":[{"name":"wp","href":"https:\/\/api.w.org\/{rel}","templated":true}]}}