{"id":10380,"date":"2024-05-30T12:58:00","date_gmt":"2024-05-30T09:58:00","guid":{"rendered":"https:\/\/nextglow.lt\/?post_type=product&#038;p=10380"},"modified":"2024-06-23T20:48:21","modified_gmt":"2024-06-23T17:48:21","slug":"bronzing-accelerator-spray-gel-idegi-skatinantis-pienelis-237ml","status":"publish","type":"product","link":"https:\/\/nextglow.lt\/en\/produktas\/bronzing-accelerator-spray-gel-idegi-skatinantis-pienelis-237ml\/","title":{"rendered":"Bronzing Accelerator Spray Gel \u012fdeg\u012f skatinantis pienelis 237ml"},"content":{"rendered":"<h2><strong>Naudojimas:<\/strong><\/h2>\n<p>Tepkite pieneliu\u00a0(vid. 35gr.) 20 min. prie\u0161 deginantis saul\u0117je. Jei maud\u0117t\u0117s arba prakaitavote, nusausin\u0119 od\u0105 pakartotinai u\u017etepkite po 40 min., v\u0117liau tepkit\u0117s kas 2 valandas.<\/p>\n<h2><strong>\u012esp\u0117jimas:\u00a0<\/strong><\/h2>\n<p>Tik i\u0161oriniam naudojimui. Venkite kontakto su akimis. Laikykite vaikams nepasiekiamoje vietoje. Nebetepkite jei dirgina od\u0105. \u0160is gaminys \u00a0apsaugo nuo nudegimo. Kad neb\u016bt\u0173 skatinamas greitas odos sen\u0117jimas, reguliariai naudokite \u012fvairias apsaugos priemones nuo saul\u0117s, b\u016bkite saul\u0117je ribot\u0105 laik\u0105, ypa\u010d nuo 10:00 iki 14:00 valandos. Neleiskite tiesioginiuose saul\u0117s spinduliuose b\u016bti k\u016bdikiams ir vaikams.<\/p>\n<h2><strong>Sud\u0117tis:<\/strong><\/h2>\n<p>Water\/Aqua\/Eau, Glycerin, Carthamus Tinctorius (Safflower) Seed Oil, Caprylic\/Capric Triglyceride, Dihydroxyacetone, Glyceryl Stearate, Hydroxyethyl Acrylate\/ Sodium Acryloyldimethyl Taurate Copolymer, Phenoxyethanol, Caramel, PEG-100 Stearate, Isohexadecane, Dimethicone, Limonene, Xanthan Gum, Fragrance (Parfum), Polysorbate 60, Cetyl Alcohol, Disodium EDTA, Ethylhexyglycerin, Panthenol, Sorbitan Isostearate, Coumarin, Tocopheryl Acetate, Linalool, Citral, Benzyl Alcohol, Terminalia Ferdinandiana (Kakadu Plum) Fruit Extract, Aloe Barbadensis Leaf Juice, Potassium Sorbate, Sodium Benzoate; Melaleuca Alternifolia (Tea Tree) Leaf Oil, may contain Citric Acid<\/p>\n<p><em>Primename, kad produkt\u0173 sud\u0117tis gali b\u016bti kei\u010diama. Naujausias ingredient\u0173 s\u0105ra\u0161as yra ant j\u016bs\u0173 \u012fsigyto gaminio pakuot\u0117s. Jei internete nurodyta produkto sud\u0117tis skiriasi nuo pateiktos ant pakuot\u0117s, vadovaukit\u0117s s\u0105ra\u0161u, esan\u010diu ant \u012fsigyto gaminio.<\/em><\/p>\n","protected":false},"excerpt":{"rendered":"<p>Tegul j\u016bs\u0173 \u012fdegis bus gilus ir akimirksniu pasiekiamas deginantis saul\u0117je su Australian Gold Accelerator tams\u0173 \u012fdeg\u012f pagreitinan\u010diu pur\u0161kiamuoju pieneliu su bronzantais. Sud\u0117tyje yra graikini\u0173 rie\u0161ut\u0173 ir karamel\u0117s ekstraktai, kurie i\u0161 karto suteikia spalv\u0105, o DHA u\u017etikrina gilesn\u0119, ilgiau i\u0161liekan\u010di\u0105 spalv\u0105.<\/p>\n<p>Sud\u0117tyje yra patentuota formul\u0117 Biosine Complex\u00ae: arbatmed\u017eio aliejaus, alyvuogi\u0173 aliejaus, alavij\u0173 ir pantenolio derinys. Jie pasi\u017eymi raminan\u010diomis, mink\u0161tinan\u010diomis ir dr\u0117kinan\u010diomis od\u0105 savyb\u0117mis, tod\u0117l nat\u016bralus pigmentacijos procesas leid\u017eia grei\u010diau ir tamsiau \u012fdegti. Vitaminas A padeda neutralizuoti laisvuosius radikalus, kad b\u016bt\u0173 i\u0161vengta odos sen\u0117jimo. Vitaminas E ma\u017eina smulki\u0173 rauk\u0161leli\u0173 atsiradim\u0105, mink\u0161tina od\u0105 ir dr\u0117kina j\u0105 i\u0161 vidaus, kad \u012fdegis i\u0161likt\u0173 ilgiau. Australijos augal\u0173 aliejai puosel\u0117ja od\u0105, kad ji nuostabiai \u0161vyt\u0117t\u0173, ir u\u017etikrina, kad pienelis greitai \u012fsigert\u0173 \u012f od\u0105. Alijo\u0161ius gerai \u017einomas od\u0105 dr\u0117kinan\u010diomis ir raminan\u010diomis savyb\u0117mis, padedan\u010diomis sutrumpinti \u012fdegio trukm\u0119 ir pagerinti b\u016bsimus rezultatus.<\/p>\n<p><strong>Sud\u0117tyje n\u0117ra apsaugos nuo UV spinduli\u0173, tod\u0117l turi b\u016bti naudojamas kartu su apsaugos nuo saul\u0117s priemone.<\/strong><\/p>\n","protected":false},"featured_media":10381,"comment_status":"open","ping_status":"closed","template":"","meta":[],"product_cat":[217,93],"product_tag":[],"class_list":{"0":"post-10380","1":"product","2":"type-product","3":"status-publish","4":"has-post-thumbnail","6":"product_cat-kuno-apsauga-nuo-saules","7":"product_cat-kunui","9":"first","10":"instock","11":"sale","12":"shipping-taxable","13":"purchasable","14":"product-type-simple"},"_links":{"self":[{"href":"https:\/\/nextglow.lt\/en\/wp-json\/wp\/v2\/product\/10380","targetHints":{"allow":["GET"]}}],"collection":[{"href":"https:\/\/nextglow.lt\/en\/wp-json\/wp\/v2\/product"}],"about":[{"href":"https:\/\/nextglow.lt\/en\/wp-json\/wp\/v2\/types\/product"}],"replies":[{"embeddable":true,"href":"https:\/\/nextglow.lt\/en\/wp-json\/wp\/v2\/comments?post=10380"}],"wp:featuredmedia":[{"embeddable":true,"href":"https:\/\/nextglow.lt\/en\/wp-json\/wp\/v2\/media\/10381"}],"wp:attachment":[{"href":"https:\/\/nextglow.lt\/en\/wp-json\/wp\/v2\/media?parent=10380"}],"wp:term":[{"taxonomy":"product_cat","embeddable":true,"href":"https:\/\/nextglow.lt\/en\/wp-json\/wp\/v2\/product_cat?post=10380"},{"taxonomy":"product_tag","embeddable":true,"href":"https:\/\/nextglow.lt\/en\/wp-json\/wp\/v2\/product_tag?post=10380"}],"curies":[{"name":"wp","href":"https:\/\/api.w.org\/{rel}","templated":true}]}}