{"id":10385,"date":"2024-05-30T13:02:41","date_gmt":"2024-05-30T10:02:41","guid":{"rendered":"https:\/\/nextglow.lt\/?post_type=product&#038;p=10385"},"modified":"2024-05-30T14:57:00","modified_gmt":"2024-05-30T11:57:00","slug":"australian-gold-bronzing-intensifier-dry-oil-idegi-skatinantis-purskiamas-sausas-aliejus-237ml","status":"publish","type":"product","link":"https:\/\/nextglow.lt\/en\/produktas\/australian-gold-bronzing-intensifier-dry-oil-idegi-skatinantis-purskiamas-sausas-aliejus-237ml\/","title":{"rendered":"Australian Gold Bronzing Intensifier Dry Oil \u012fdeg\u012f skatinantis pur\u0161kiamas sausas aliejus, 237ml"},"content":{"rendered":"<p>Tik i\u0161oriniam naudojimui. Venkite kontakto su akimis. Laikykite vaikams nepasiekiamoje vietoje.\u00a0 Nebetepkite, jei dirgina od\u0105. \u0160is gaminys\u00a0 neapsaugo nuo nudegimo. Kad\u00a0 neb\u016bt\u0173 skatinamas greitas odos sen\u0117jimas, reguliariai naudokite \u012fvairias apsaugos priemones nuo saul\u0117s, b\u016bkite saul\u0117je ribot\u0105 laik\u0105, ypa\u010d nuo 10:00 iki 14:00 valandos.<\/p>\n<h2><strong>Naudojimas:<\/strong><\/h2>\n<p>Tolygiai pur\u0161kite ant k\u016bno, lengvai \u012fmasa\u017euokite, leiskite susigerti.<\/p>\n<h2><strong>Sud\u0117tis:<\/strong><\/h2>\n<p>Water\/Aqua\/Eau, Polysorbate 20, Glycerin, Phenoxyethanol, PEG-12 Dimethicone, Caramel, Carbomer, PEG-12 Allyl Ether, Sodium Hydroxide, Disodium EDTA, Ethylhexylglycerin, PEG-12, Limonene, Fragrance (Parfum), Oleoyl Tyrosine, Luffa Cylindrica Seed Oil, Oleic Acid, Bixa Orellana Seed Extract, Daucus Carota Sativa (Carrot) Extract, Juglans Nigra (Black Walnut) Shell Extract, Musa Sapientum (Banana) Fruit Extract, Terminalia Ferdinandiana (Kakadu Plum) Fruit Extract, Coumarin, Aloe Barbadensis Leaf Juice, Potassium Sorbate, Sodium Benzoate, Melaleuca Alterifolia (Tea Tree) Leaf Oil, Zea Mays (Corn) Oil, Beta-Carotene<\/p>\n<p><em>Primename, kad produkt\u0173 sud\u0117tis gali b\u016bti kei\u010diama. Naujausias ingredient\u0173 s\u0105ra\u0161as yra ant j\u016bs\u0173 \u012fsigyto gaminio pakuot\u0117s. Jei internete nurodyta produkto sud\u0117tis skiriasi nuo pateiktos ant pakuot\u0117s, vadovaukit\u0117s s\u0105ra\u0161u, esan\u010diu ant \u012fsigyto gaminio.<\/em><\/p>\n","protected":false},"excerpt":{"rendered":"<p>\u0160is sausas pur\u0161kiamas aliejus su bronzantais specialiai sukurtas naudoti deginantis saul\u0117je lauke. Jis maitina ir puosel\u0117ja od\u0105, kad \u012fdegis b\u016bt\u0173 gilesnis ir ilgiau i\u0161likt\u0173, o j\u016bs \u012fdegtum\u0117te grei\u010diau!<\/p>\n<p>Sud\u0117tyje yra patentuota formul\u0117 Biosine Complex\u00ae: arbatmed\u017eio aliejaus, alyvuogi\u0173 aliejaus, alavij\u0173 ir pantenolio derinys. Jie pasi\u017eymi raminan\u010diomis, mink\u0161tinan\u010diomis ir dr\u0117kinan\u010diomis od\u0105 savyb\u0117mis, tod\u0117l nat\u016bralus pigmentacijos procesas leid\u017eia grei\u010diau ir tamsiau \u012fdegti.<\/p>\n<p>Banan\u0173 ekstraktas savo sud\u0117tyje turi nat\u016brali\u0173 spalv\u0105 stiprinan\u010di\u0173 veikli\u0173j\u0173 med\u017eiag\u0173, padedan\u010di\u0173 grei\u010diau pagilinti nat\u016bral\u0173 \u012fdeg\u012f. Saul\u0117gr\u0105\u017e\u0173 s\u0117kl\u0173 aliejus dr\u0117kina od\u0105, o vitaminas E ma\u017eina smulki\u0173 rauk\u0161leli\u0173 atsiradim\u0105. Be to, jie mink\u0161tina od\u0105 ir dr\u0117kina j\u0105 i\u0161 vidaus, kad \u012fdegis b\u016bt\u0173 gilesnis ir ilgiau i\u0161likt\u0173.<\/p>\n<p>Sausas aliejus palieka od\u0105 saus\u0105, neriebi\u0105. <strong>Sud\u0117tyje n\u0117ra apsaugos nuo UV spinduli\u0173, tod\u0117l turi b\u016bti naudojamas kartu su apsaugos nuo saul\u0117s priemon\u0117mis.<\/strong><\/p>\n","protected":false},"featured_media":10386,"comment_status":"open","ping_status":"closed","template":"","meta":[],"product_cat":[217,93],"product_tag":[],"class_list":{"0":"post-10385","1":"product","2":"type-product","3":"status-publish","4":"has-post-thumbnail","6":"product_cat-kuno-apsauga-nuo-saules","7":"product_cat-kunui","9":"first","10":"instock","11":"sale","12":"shipping-taxable","13":"purchasable","14":"product-type-simple"},"_links":{"self":[{"href":"https:\/\/nextglow.lt\/en\/wp-json\/wp\/v2\/product\/10385","targetHints":{"allow":["GET"]}}],"collection":[{"href":"https:\/\/nextglow.lt\/en\/wp-json\/wp\/v2\/product"}],"about":[{"href":"https:\/\/nextglow.lt\/en\/wp-json\/wp\/v2\/types\/product"}],"replies":[{"embeddable":true,"href":"https:\/\/nextglow.lt\/en\/wp-json\/wp\/v2\/comments?post=10385"}],"wp:featuredmedia":[{"embeddable":true,"href":"https:\/\/nextglow.lt\/en\/wp-json\/wp\/v2\/media\/10386"}],"wp:attachment":[{"href":"https:\/\/nextglow.lt\/en\/wp-json\/wp\/v2\/media?parent=10385"}],"wp:term":[{"taxonomy":"product_cat","embeddable":true,"href":"https:\/\/nextglow.lt\/en\/wp-json\/wp\/v2\/product_cat?post=10385"},{"taxonomy":"product_tag","embeddable":true,"href":"https:\/\/nextglow.lt\/en\/wp-json\/wp\/v2\/product_tag?post=10385"}],"curies":[{"name":"wp","href":"https:\/\/api.w.org\/{rel}","templated":true}]}}