{"id":10388,"date":"2024-05-30T13:04:42","date_gmt":"2024-05-30T10:04:42","guid":{"rendered":"https:\/\/nextglow.lt\/?post_type=product&#038;p=10388"},"modified":"2024-05-30T14:57:00","modified_gmt":"2024-05-30T11:57:00","slug":"australian-gold-spf50-lotion-kids-apsauga-nuo-saules-vaikams-237ml","status":"publish","type":"product","link":"https:\/\/nextglow.lt\/en\/produktas\/australian-gold-spf50-lotion-kids-apsauga-nuo-saules-vaikams-237ml\/","title":{"rendered":"Australian Gold SPF50 Lotion Kids apsauga nuo saul\u0117s vaikams, 237ml"},"content":{"rendered":"<p><strong>Naudojimas: <\/strong>Tepkite losjonu 20 min. prie\u0161 deginantis saul\u0117je. Jei maud\u0117t\u0117s arba prakaitavote, nusausin\u0119 od\u0105 pakartotinai u\u017etepkite po 40 min., v\u0117liau tepkite kas 2 val.<\/p>\n<p><strong>\u012eSP\u0116JIMAS:<\/strong> Tik i\u0161oriniam naudojimui. Venkite kontakto su akimis. \u00a0Laikykite vaikams nepasiekiamoje vietoje. \u00a0Nebetepkite, jei dirgina od\u0105. Kad \u00a0neb\u016bt\u0173 skatinamas greitas odos sen\u0117jimas, reguliariai naudokite \u012fvairias apsaugos priemones nuo saul\u0117s, b\u016bkite saul\u0117je ribot\u0105 laik\u0105, ypa\u010d nuo 10:00 iki 14:00 valandos. Neleiskite tiesioginiuose saul\u0117s spinduliuose b\u016bti k\u016bdikiams ir vaikams.<br \/>\nVaikams nuo 3 met\u0173 am\u017eiaus.<\/p>\n<h2>Australian Gold SPF50 Lotion Kids apsauga nuo saul\u0117s vaikams, 237ml &#8211; sud\u0117tis<\/h2>\n<p>Water\/Aqua\/Eau, Homosalate, Ethylhexyl Salicylate, Octocrylene, Aloe Barbadensis Leaf Juice, Butyl Methoxydibenzoy|methane, Glycerin, Polyethylene, C12-15 Alkyl Benzoate, Polysorbate 20, Acrylates\/C10-30 Alkyl Acrylate Crosspolymer, Sodium Hydroxide, Carbomer, Helianthus Annuus (Sunflower) Seed Oil, Hydroxypropyl Methylcellulose, Olea Europaea (Olive) Fruit Oil, Sorbitan Oleate, Theobroma Cacao (Cocoa) Seed Butter, Tocopheryl Acetate, Propylene Glycol, Tetrasodium Glutamate Diacetate, Camellia Sinensis (Green Tea) Leaf Extract, Melaleuca Alternifolia (Tea Tree) Leaf Oil, Terminalia Ferdinandiana (Kakadu Plum) Fruit Extract, Phenoxyethanol, Ethylhexylglycerin, Sodium Benzoate, Potassium Sorbate<\/p>\n<p><em>Primename, kad produkt\u0173 sud\u0117tis gali b\u016bti kei\u010diama. Naujausias ingredient\u0173 s\u0105ra\u0161as yra ant j\u016bs\u0173 \u012fsigyto gaminio pakuot\u0117s. Jei internete nurodyta produkto sud\u0117tis skiriasi nuo pateiktos ant pakuot\u0117s, vadovaukit\u0117s s\u0105ra\u0161u, esan\u010diu ant \u012fsigyto gaminio.<\/em><\/p>\n","protected":false},"excerpt":{"rendered":"<p><strong>S<\/strong>pecialiai sukurtas apsaugoti pa\u010di\u0173 ma\u017eiausi\u0173 od\u0105 nuo \u017ealing\u0173 UVA ir UVB spinduli\u0173. Visos losjono veikliosios med\u017eiagos yra \u00a0itin kruop\u0161\u010diai atrinktos ir atitinka auk\u0161\u010diausius saugos reikalavimus. Pediatrai rekomenduoja ne ma\u017eesn\u0119 nei SPF50 apsaug\u0105 nuo \u017ealing\u0173 saul\u0117s spinduli\u0173, vaik\u0173 odelei apsaugoti. Nealergizuojantis, be kvapi\u0173j\u0173 med\u017eiag\u0173, pediatr\u0173 rekomenduojamas. \u00a0Praturtintas Kakadu slyvos ekstraktu, kuriame gausu vitamino C, arbatmed\u017eio aliejumi bei alijo\u0161iumi, kurie pasi\u017eymi od\u0105 \u00a0raminan\u010diu poveikiu. Greitai susigeria, nelip\u0161nus, nepalieka baltumo, itin atsparus vandeniui. PA++++ apsauga.<\/p>\n","protected":false},"featured_media":10389,"comment_status":"open","ping_status":"closed","template":"","meta":[],"product_cat":[217,93],"product_tag":[],"class_list":{"0":"post-10388","1":"product","2":"type-product","3":"status-publish","4":"has-post-thumbnail","6":"product_cat-kuno-apsauga-nuo-saules","7":"product_cat-kunui","9":"first","10":"instock","11":"sale","12":"shipping-taxable","13":"purchasable","14":"product-type-simple"},"_links":{"self":[{"href":"https:\/\/nextglow.lt\/en\/wp-json\/wp\/v2\/product\/10388","targetHints":{"allow":["GET"]}}],"collection":[{"href":"https:\/\/nextglow.lt\/en\/wp-json\/wp\/v2\/product"}],"about":[{"href":"https:\/\/nextglow.lt\/en\/wp-json\/wp\/v2\/types\/product"}],"replies":[{"embeddable":true,"href":"https:\/\/nextglow.lt\/en\/wp-json\/wp\/v2\/comments?post=10388"}],"wp:featuredmedia":[{"embeddable":true,"href":"https:\/\/nextglow.lt\/en\/wp-json\/wp\/v2\/media\/10389"}],"wp:attachment":[{"href":"https:\/\/nextglow.lt\/en\/wp-json\/wp\/v2\/media?parent=10388"}],"wp:term":[{"taxonomy":"product_cat","embeddable":true,"href":"https:\/\/nextglow.lt\/en\/wp-json\/wp\/v2\/product_cat?post=10388"},{"taxonomy":"product_tag","embeddable":true,"href":"https:\/\/nextglow.lt\/en\/wp-json\/wp\/v2\/product_tag?post=10388"}],"curies":[{"name":"wp","href":"https:\/\/api.w.org\/{rel}","templated":true}]}}