{"id":10391,"date":"2024-05-30T13:14:12","date_gmt":"2024-05-30T10:14:12","guid":{"rendered":"https:\/\/nextglow.lt\/?post_type=product&#038;p=10391"},"modified":"2024-05-30T14:57:00","modified_gmt":"2024-05-30T11:57:00","slug":"australian-gold-plant-based-apsaugos-nuo-saules-losjonas-spf50","status":"publish","type":"product","link":"https:\/\/nextglow.lt\/en\/produktas\/australian-gold-plant-based-apsaugos-nuo-saules-losjonas-spf50\/","title":{"rendered":"Australian Gold Plant Based apsaugos nuo saul\u0117s losjonas SPF50"},"content":{"rendered":"<p><strong>Naudojimas:<\/strong> Tepkite losjonu 20 min. prie\u0161 deginantis saul\u0117je. Jei maud\u0117t\u0117s arba prakaitavote, nusausin\u0119 od\u0105 pakartotinai u\u017etepkite po 40 min., v\u0117liau tepkit\u0117s kas 2 valandas. Prie\u0161 naudojant k\u016bdikiams iki 6 m\u0117n., pasikonsultuoti su gydytoju.<\/p>\n<p><strong>\u012eSP\u0116JIMAS: <\/strong>Tik i\u0161oriniam naudojimui. Venkite kontakto su akimis. Laikykite vaikams nepasiekiamoje vietoje. Nebetepkite, jei dirgina od\u0105. \u0160is gaminys \u00a0apsaugo nuo nudegimo. Kad neb\u016bt\u0173 skatinamas greitas odos sen\u0117jimas, reguliariai naudokite \u012fvairias apsaugos priemones nuo saul\u0117s, b\u016bkite saul\u0117je ribot\u0105 laik\u0105, ypa\u010d nuo 10:00 iki 14:00 valandos. Neleiskite tiesioginiuose saul\u0117s spinduliuose b\u016bti k\u016bdikiams ir vaikams.<\/p>\n<p><strong>Sud\u0117tis:<\/strong> Aloe Barbadensis Leaf Juice, Water\/Aqua\/Eau, Homosalate, Ethylhexyl Salicylate, Octocrylene, Butyl Methoxydibenzoy|methane, Cocos Nucifera (Coconut) Oil, Glycerin, Tapioca Starch, VP\/Acrylates\/Laury! Methacrylate Copolymer, Phenoxyethanol, Acrylic Acid\/VP Crosspolymer, Sodium Hydroxice, Caprylyl Glycol, Fragrance (Parfum, Polyacrylate-13, Ethylhexylglycerin, Tocopheryl Acetate*, Tetrasodium Glutamate Diacetate, Benzyl Benzoate, Polyisobutene, Polymethylsilsesquioxane, Benzyl Alcohol, Polysorbate 20, Sorbiar Isostearate, Coumarin<br \/>\n* Vitamin E<br \/>\n* No Oxybenzone or Octinoxate<\/p>\n<p><em>Primename, kad produkt\u0173 sud\u0117tis gali b\u016bti kei\u010diama. Naujausias ingredient\u0173 s\u0105ra\u0161as yra ant j\u016bs\u0173 \u012fsigyto gaminio pakuot\u0117s. Jei internete nurodyta produkto sud\u0117tis skiriasi nuo pateiktos ant pakuot\u0117s, vadovaukit\u0117s s\u0105ra\u0161u, esan\u010diu ant \u012fsigyto gaminio.<\/em><\/p>\n","protected":false},"excerpt":{"rendered":"<p>Pirmasis \u201cAustralian Gold\u201d augalinio pagrindo, plataus spektro, apsaugos nuo saul\u0117s losjonas, kuriame naudojami nat\u016bral\u016bs ir efektyv\u016bs augalai, kad oda b\u016bt\u0173 spindinti. \u0160io losjono pagrind\u0105 sudaro koncentruota alijo\u0161aus forma ir kokoso aliejus, kuriuose gausu nauding\u0173 maistini\u0173 med\u017eiag\u0173 odai. Efektyviai dr\u0117kina ir maitina. Apsaugos nuo \u017ealing\u0173 UVA ir UVB spinduli\u0173 bei papildomai apsaugo nuo m\u0117lynosios \u0161viesos ir infraraudon\u0173j\u0173 spinduli\u0173. Hipoalerginis, tinkamas veganams, draugi\u0161kas rifams.<\/p>\n","protected":false},"featured_media":10392,"comment_status":"open","ping_status":"closed","template":"","meta":[],"product_cat":[217,214,93,73],"product_tag":[],"class_list":{"0":"post-10391","1":"product","2":"type-product","3":"status-publish","4":"has-post-thumbnail","6":"product_cat-kuno-apsauga-nuo-saules","7":"product_cat-veido-apsauga-nuo-saules","8":"product_cat-kunui","9":"product_cat-veidui","11":"first","12":"instock","13":"sale","14":"shipping-taxable","15":"purchasable","16":"product-type-simple"},"_links":{"self":[{"href":"https:\/\/nextglow.lt\/en\/wp-json\/wp\/v2\/product\/10391","targetHints":{"allow":["GET"]}}],"collection":[{"href":"https:\/\/nextglow.lt\/en\/wp-json\/wp\/v2\/product"}],"about":[{"href":"https:\/\/nextglow.lt\/en\/wp-json\/wp\/v2\/types\/product"}],"replies":[{"embeddable":true,"href":"https:\/\/nextglow.lt\/en\/wp-json\/wp\/v2\/comments?post=10391"}],"wp:featuredmedia":[{"embeddable":true,"href":"https:\/\/nextglow.lt\/en\/wp-json\/wp\/v2\/media\/10392"}],"wp:attachment":[{"href":"https:\/\/nextglow.lt\/en\/wp-json\/wp\/v2\/media?parent=10391"}],"wp:term":[{"taxonomy":"product_cat","embeddable":true,"href":"https:\/\/nextglow.lt\/en\/wp-json\/wp\/v2\/product_cat?post=10391"},{"taxonomy":"product_tag","embeddable":true,"href":"https:\/\/nextglow.lt\/en\/wp-json\/wp\/v2\/product_tag?post=10391"}],"curies":[{"name":"wp","href":"https:\/\/api.w.org\/{rel}","templated":true}]}}