{"id":10456,"date":"2024-06-26T19:21:39","date_gmt":"2024-06-26T16:21:39","guid":{"rendered":"https:\/\/nextglow.lt\/?post_type=product&#038;p=10456"},"modified":"2024-06-26T20:48:02","modified_gmt":"2024-06-26T17:48:02","slug":"youngblood-itin-pigmentuotas-akiu-piestukas-blackest-black-eyeliner","status":"publish","type":"product","link":"https:\/\/nextglow.lt\/en\/produktas\/youngblood-itin-pigmentuotas-akiu-piestukas-blackest-black-eyeliner\/","title":{"rendered":"YOUNGBLOOD itin pigmentuotas aki\u0173 pie\u0161tukas \u201eBlackest Black Eyeliner\u201d"},"content":{"rendered":"","protected":false},"excerpt":{"rendered":"<div id=\"description\" class=\"tab-pane fade in active\" role=\"tabpanel\">\n<div class=\"product-description\">\n<p>Universalus pie\u0161tukas, suteikiantis sodri\u0105 ilgai i\u0161liekan\u010di\u0105 spalv\u0105. \u0160velni, kremin\u0117 tekst\u016bra lengvai slysta netampant jautrios aki\u0173 sryties odos. Atsparus vandeniui tod\u0117l galite saugiai megautis vandens pramogomis.<\/p>\n<p><strong>Tinka:<\/strong>\u00a0Visiems odos tipams<\/p>\n<\/div>\n<\/div>\n","protected":false},"featured_media":10457,"comment_status":"open","ping_status":"closed","template":"","meta":[],"product_cat":[218,73],"product_tag":[],"class_list":{"0":"post-10456","1":"product","2":"type-product","3":"status-publish","4":"has-post-thumbnail","6":"product_cat-makiazas","7":"product_cat-veidui","9":"first","10":"instock","11":"shipping-taxable","12":"purchasable","13":"product-type-simple"},"_links":{"self":[{"href":"https:\/\/nextglow.lt\/en\/wp-json\/wp\/v2\/product\/10456","targetHints":{"allow":["GET"]}}],"collection":[{"href":"https:\/\/nextglow.lt\/en\/wp-json\/wp\/v2\/product"}],"about":[{"href":"https:\/\/nextglow.lt\/en\/wp-json\/wp\/v2\/types\/product"}],"replies":[{"embeddable":true,"href":"https:\/\/nextglow.lt\/en\/wp-json\/wp\/v2\/comments?post=10456"}],"wp:featuredmedia":[{"embeddable":true,"href":"https:\/\/nextglow.lt\/en\/wp-json\/wp\/v2\/media\/10457"}],"wp:attachment":[{"href":"https:\/\/nextglow.lt\/en\/wp-json\/wp\/v2\/media?parent=10456"}],"wp:term":[{"taxonomy":"product_cat","embeddable":true,"href":"https:\/\/nextglow.lt\/en\/wp-json\/wp\/v2\/product_cat?post=10456"},{"taxonomy":"product_tag","embeddable":true,"href":"https:\/\/nextglow.lt\/en\/wp-json\/wp\/v2\/product_tag?post=10456"}],"curies":[{"name":"wp","href":"https:\/\/api.w.org\/{rel}","templated":true}]}}