{"id":10464,"date":"2024-06-26T19:35:31","date_gmt":"2024-06-26T16:35:31","guid":{"rendered":"https:\/\/nextglow.lt\/?post_type=product&#038;p=10464"},"modified":"2024-06-26T19:36:55","modified_gmt":"2024-06-26T16:36:55","slug":"youngblood-akiu-konturo-piestukas-eye-mazing-liquid-liner","status":"publish","type":"product","link":"https:\/\/nextglow.lt\/en\/produktas\/youngblood-akiu-konturo-piestukas-eye-mazing-liquid-liner\/","title":{"rendered":"YOUNGBLOOD aki\u0173 kont\u016bro pie\u0161tukas \u201eEye-mazing Liquid Liner\u201c"},"content":{"rendered":"","protected":false},"excerpt":{"rendered":"<div id=\"description\" class=\"tab-pane fade in active\" role=\"tabpanel\">\n<div class=\"product-description\">\n<p>Naudodami \u0161\u012f skyst\u0105 aki\u0173 kont\u016bro priemon\u0119 sukursite begal\u0119 \u012fvaizd\u017ei\u0173 &#8211; nuo klasikini\u0173 iki grafini\u0173. Tams\u016bs, gausiai pigmentuoti da\u017eai lengvai tepasi ir ry\u0161kiai pasidengia. Vandeniui atspari formul\u0117 greitai i\u0161d\u017ei\u016bsta ir i\u0161lieka nenusitrynusi vis\u0105 dien\u0105.<\/p>\n<p><strong>Privalumai:<\/strong><\/p>\n<ul>\n<li>Lengvai tepasi ir ry\u0161kiai pasidengia.<\/li>\n<li>Greitai i\u0161d\u017ei\u016bsta ir i\u0161lieka nenusitrynusi vis\u0105 dien\u0105<\/li>\n<li>I\u0161laiko vis\u0105 dien\u0105<\/li>\n<\/ul>\n<\/div>\n<\/div>\n","protected":false},"featured_media":10469,"comment_status":"open","ping_status":"closed","template":"","meta":[],"product_cat":[218,73],"product_tag":[],"class_list":{"0":"post-10464","1":"product","2":"type-product","3":"status-publish","4":"has-post-thumbnail","6":"product_cat-makiazas","7":"product_cat-veidui","8":"pa_spalva-juoda","9":"pa_spalva-ruda","11":"first","12":"instock","13":"shipping-taxable","14":"purchasable","15":"product-type-variable"},"_links":{"self":[{"href":"https:\/\/nextglow.lt\/en\/wp-json\/wp\/v2\/product\/10464","targetHints":{"allow":["GET"]}}],"collection":[{"href":"https:\/\/nextglow.lt\/en\/wp-json\/wp\/v2\/product"}],"about":[{"href":"https:\/\/nextglow.lt\/en\/wp-json\/wp\/v2\/types\/product"}],"replies":[{"embeddable":true,"href":"https:\/\/nextglow.lt\/en\/wp-json\/wp\/v2\/comments?post=10464"}],"wp:featuredmedia":[{"embeddable":true,"href":"https:\/\/nextglow.lt\/en\/wp-json\/wp\/v2\/media\/10469"}],"wp:attachment":[{"href":"https:\/\/nextglow.lt\/en\/wp-json\/wp\/v2\/media?parent=10464"}],"wp:term":[{"taxonomy":"product_cat","embeddable":true,"href":"https:\/\/nextglow.lt\/en\/wp-json\/wp\/v2\/product_cat?post=10464"},{"taxonomy":"product_tag","embeddable":true,"href":"https:\/\/nextglow.lt\/en\/wp-json\/wp\/v2\/product_tag?post=10464"}],"curies":[{"name":"wp","href":"https:\/\/api.w.org\/{rel}","templated":true}]}}