{"id":10471,"date":"2024-06-26T20:04:14","date_gmt":"2024-06-26T17:04:14","guid":{"rendered":"https:\/\/nextglow.lt\/?post_type=product&#038;p=10471"},"modified":"2024-07-20T10:09:40","modified_gmt":"2024-07-20T07:09:40","slug":"youngblood-spalva-ir-poras-koreguojanti-makiazo-baze-complexion-correcting-primer","status":"publish","type":"product","link":"https:\/\/nextglow.lt\/en\/produktas\/youngblood-spalva-ir-poras-koreguojanti-makiazo-baze-complexion-correcting-primer\/","title":{"rendered":"YOUNGBLOOD Spalv\u0105 ir poras koreguojanti makia\u017eo baz\u0117 \u201c Complexion Correcting Primer\u201d"},"content":{"rendered":"<div class=\"card\">\n<div id=\"description\" class=\"collapse in\" aria-labelledby=\"descriptionTab\" data-parent=\"#prodDesc\" aria-expanded=\"true\">\n<div class=\"card-body\">\n<div class=\"product-description\">\n<p>Jeigu kas nors Jums pasi\u016blyt\u0173 pasimatuoti nauj\u0105, lygi\u0105, sveikai atrodan\u010di\u0105 veido od\u0105, ar atsisakytum\u0117te? YOUNGBLOOD suk\u016br\u0117 makia\u017eo baz\u0119, kuri suteikia ir i\u0161laiko tobulos odos efekt\u0105 vis\u0105 dien\u0105.<\/p>\n<p>Daugiafunkcin\u0117 makia\u017eo baz\u0117 su atspalviu, kuri suteikia ir i\u0161laiko tobulos odos efekt\u0105 vis\u0105 dien\u0105. U\u017etepta ant veido \u0161i makia\u017eo baz\u0117 i\u0161lygina odos pavir\u0161i\u0173, suvienodina odos spalv\u0105, paslepia paraudimus, suma\u017eina nepageidaujam\u0105 odos blizg\u0117jim\u0105. D\u0117ka savo\u00a0geros sud\u0117ties ir lengvos tekst\u016bros, \u0161i baz\u0117 neapsunkina odos, nekem\u0161a por\u0173, tod\u0117l galima naudoti kasdien.<\/p>\n<p><strong>Tinka:<\/strong> visiems odos tipams<\/p>\n<p><strong>Pagrindiniai ingredientai:\u00a0<\/strong><\/p>\n<p><strong>Mica mineralai &#8211;<\/strong> sukuria \u0161ilkin\u0119 tekst\u016br\u0105 ir suteikia subtilaus blizgesio<\/p>\n<p><strong>Peptidai<\/strong> &#8211; skatina kolageno atsinaujinim\u0105<\/p>\n<p><strong>Saldymed\u017eio \u0161akn\u0173 ekstraktas (Licorice Root Extract)<\/strong> \u2013 ma\u017eina paraudim\u0105 ir ramina od\u0105<\/p>\n<p>Tepkite ant \u0161varios veido odos, \u0161velniai \u012fmasa\u017euokite ir palaukite, kol produktas susigers \u012f od\u0105. Gali b\u016bti naudojamas vienas arba po skysta pudra &#8211; taip makia\u017eas i\u0161silaikys ilgiau.<\/p>\n<div class=\"card\"><\/div>\n<div class=\"card\">\n<div id=\"manufacturerDescriptionTab\" class=\"card-header\">\n<h2 class=\"mb-0\">Daugiau nei 27 metus Youngblood Mineral Cosmetics gamina itin prabangi\u0105 kosmetik\u0105 ir odos prie\u017ei\u016bros produktus, sudarytus i\u0161 nat\u016brali\u0173, \u0161vari\u0173 ir eti\u0161kai i\u0161gaut\u0173 ingredient\u0173.<\/h2>\n<\/div>\n<\/div>\n<div class=\"card\">\n<div id=\"manufacturer-description\" class=\"collapse in\" aria-labelledby=\"manufacturerDescriptionTab\" data-parent=\"#prodDesc\" aria-expanded=\"true\">\n<div class=\"card-body\">\n<div class=\"product-description\">\n<p>Dar gerokai prie\u0161 tai, kai kas nors sugalvojo termin\u0105 \u201e\u0160varus gro\u017eis\u201c, \u201eYoungblood\u201c nustat\u0117 auk\u0161\u010diausi\u0105 kokyb\u0117s standart\u0105, visi\u0161kai atsisakydami\u00a0 od\u0105 dirginan\u010di\u0173 med\u017eiag\u0173 suk\u016br\u0117 produkt\u0173 linij\u0105, tinkan\u010di\u0105 VISIEMS odos tipams, net ir turintiems ypatingai jautri\u0105 , pigmentuot\u0105, akn\u0117s paveikt\u0105 od\u0105.<\/p>\n<p>&#8220;Youngblood&#8221; meistri\u0161kumo standartas yra apibr\u0117\u017etas \u0161iais 3 pagrindiniais prioritetais:<\/p>\n<p>1. Auk\u0161\u010diausia kokyb\u0117 ir tik auk\u0161\u010diausios kokyb\u0117s \u017ealiavos.<\/p>\n<p>2. Paslaptimi paliekamas malimo procesas, kurio metu nat\u016bral\u016bs mineralai sumalami iki \u0161velnaus ir nepaprastai biraus mi\u0161inio.<\/p>\n<p>3. I\u0161skirtinis pigmenti\u0161kumas<\/p>\n<p>Apdovanojimus pelniusius \u201eYoungblood\u201c produktus naudoja ir m\u0117gsta \u017eymiausi plastikos chirurgai, dermatologai, medicinos estetikai ir \u012f\u017eymybi\u0173 makia\u017eo meistrai, kartu suvienydami tiek ekspertus, tiek lojalius Youngblood prekinio \u017eenklo myletojus.<\/p>\n<div class=\"card\">\n<div id=\"extraTab0\" class=\"card-header\">\n<h2 class=\"mb-0\">INGREDIENTAI:<\/h2>\n<\/div>\n<div id=\"extraKey0\" class=\"collapse in\" aria-labelledby=\"extraTab0\" data-parent=\"#prodDesc\" aria-expanded=\"true\">\n<div class=\"card-body\">\n<p>Cyclopentasiloxane, Dimethicone Crosspolymer, Cyclohexasiloxane, Caprylic\/Capric Triglyceride, Polyhydroxystearic Acid, Stearic Acid, Alumina, Water\/Aqua, Glycerin, Mica, Methicone, Polysorbate 20, Butylene Glycol, Carbomer, Palmitoyl Tripeptide-1, Palmitoyl Tetrapeptide-7, Sodium Lactate, Phenoxyethanol. MAY CONTAIN (+\/-): Titanium Dioxide (CI 77891), Iron Oxides (CI 77492, CI 77491, CI 77499).<\/p>\n<\/div>\n<\/div>\n<\/div>\n<p>&nbsp;<\/p>\n<\/div>\n<\/div>\n<\/div>\n<\/div>\n<div class=\"card\">\n<div id=\"extraTab0\" class=\"card-header\">\n<h2 class=\"mb-0\"><\/h2>\n<\/div>\n<\/div>\n<div class=\"card\"><\/div>\n<div class=\"card\">\n<div id=\"extraTab1\" class=\"card-header\">\n<h2 class=\"mb-0\"><\/h2>\n<\/div>\n<\/div>\n<div>\n<div class=\"col-md-7 prod-info ml-1\">\n<div id=\"prodDesc\" class=\"accordion\">\n<div class=\"card\"><\/div>\n<\/div>\n<\/div>\n<\/div>\n<p>&nbsp;<\/p>\n<\/div>\n<\/div>\n<\/div>\n<\/div>\n<div class=\"card\">\n<div id=\"manufacturerDescriptionTab\" class=\"card-header\">\n<h2 class=\"mb-0\"><\/h2>\n<\/div>\n<\/div>\n<div class=\"card\"><\/div>\n<div class=\"card\">\n<div id=\"extraTab0\" class=\"card-header\">\n<h2 class=\"mb-0\"><\/h2>\n<\/div>\n<\/div>\n<div class=\"card\"><\/div>\n<div class=\"card\">\n<div id=\"extraTab1\" class=\"card-header\">\n<h2 class=\"mb-0\"><\/h2>\n<\/div>\n<\/div>\n<div>\n<div class=\"col-md-7 prod-info ml-1\">\n<div id=\"prodDesc\" class=\"accordion\">\n<div class=\"card\"><\/div>\n<\/div>\n<\/div>\n<\/div>\n","protected":false},"excerpt":{"rendered":"<p>Daugiafunkcin\u0117 makia\u017eo baz\u0117 su atspalviu, kuri suteikia ir i\u0161laiko tobulos odos efekt\u0105 vis\u0105 dien\u0105. U\u017etepta ant veido \u0161i makia\u017eo baz\u0117 i\u0161lygina odos pavir\u0161i\u0173, suvienodina odos spalv\u0105, paslepia paraudimus, suma\u017eina nepageidaujam\u0105 odos blizg\u0117jim\u0105. D\u0117ka savo geros sud\u0117ties ir lengvos tekst\u016bros, \u0161i baz\u0117 neapsunkina odos, nekem\u0161a por\u0173, tod\u0117l galima naudoti kasdien.<\/p>\n<div id=\"product-description-short-46054\" class=\"product-description\">\n<p><strong>Privalumai:<\/strong><\/p>\n<ul>\n<li>Neapsunkina odos, nekem\u0161a por\u0173<\/li>\n<li>Suteikia ir i\u0161laiko tobulos odos efekt\u0105<\/li>\n<li>Suvienodina odos spalv\u0105, paslepia paraudimus<\/li>\n<\/ul>\n<\/div>\n","protected":false},"featured_media":10478,"comment_status":"open","ping_status":"closed","template":"","meta":[],"product_cat":[218,222,73],"product_tag":[],"class_list":{"0":"post-10471","1":"product","2":"type-product","3":"status-publish","4":"has-post-thumbnail","6":"product_cat-makiazas","7":"product_cat-makiazo-bazes","8":"product_cat-veidui","9":"pa_spalva-sviesi","10":"pa_spalva-tamsi","12":"first","13":"instock","14":"shipping-taxable","15":"purchasable","16":"product-type-variable"},"_links":{"self":[{"href":"https:\/\/nextglow.lt\/en\/wp-json\/wp\/v2\/product\/10471","targetHints":{"allow":["GET"]}}],"collection":[{"href":"https:\/\/nextglow.lt\/en\/wp-json\/wp\/v2\/product"}],"about":[{"href":"https:\/\/nextglow.lt\/en\/wp-json\/wp\/v2\/types\/product"}],"replies":[{"embeddable":true,"href":"https:\/\/nextglow.lt\/en\/wp-json\/wp\/v2\/comments?post=10471"}],"wp:featuredmedia":[{"embeddable":true,"href":"https:\/\/nextglow.lt\/en\/wp-json\/wp\/v2\/media\/10478"}],"wp:attachment":[{"href":"https:\/\/nextglow.lt\/en\/wp-json\/wp\/v2\/media?parent=10471"}],"wp:term":[{"taxonomy":"product_cat","embeddable":true,"href":"https:\/\/nextglow.lt\/en\/wp-json\/wp\/v2\/product_cat?post=10471"},{"taxonomy":"product_tag","embeddable":true,"href":"https:\/\/nextglow.lt\/en\/wp-json\/wp\/v2\/product_tag?post=10471"}],"curies":[{"name":"wp","href":"https:\/\/api.w.org\/{rel}","templated":true}]}}