{"id":10480,"date":"2024-06-26T20:19:07","date_gmt":"2024-06-26T17:19:07","guid":{"rendered":"https:\/\/nextglow.lt\/?post_type=product&#038;p=10480"},"modified":"2024-12-29T17:47:47","modified_gmt":"2024-12-29T15:47:47","slug":"youngblood-mineraline-makiazo-baze-mineral-primer","status":"publish","type":"product","link":"https:\/\/nextglow.lt\/en\/produktas\/youngblood-mineraline-makiazo-baze-mineral-primer\/","title":{"rendered":"YOUNGBLOOD mineralin\u0117 makia\u017eo baz\u0117 \u201eMineral Primer\u201c"},"content":{"rendered":"<div id=\"description\" class=\"tab-pane fade in active\" role=\"tabpanel\">\n<div class=\"product-description\">\n<p>Tai nat\u016bralios sud\u0117ties, bespalv\u0117, bekvap\u0117, lengvos tekst\u016bros makia\u017eo baz\u0117. U\u017etepta ant veido ji akimirksniu sulygina atviras poras, rauk\u0161leles ir nedidelius randelius. \u0160i priemon\u0117 suteikia odai nat\u016braliai atrodan\u010dio mati\u0161kumo jos nei\u0161sausindama. D\u0117ka sud\u0117tyje esan\u010di\u0173\u00a0 mineral\u0173 ir vitamin\u0173, \u0161i makia\u017eo baz\u0117 stiprina nat\u016bral\u0173 odos barjer\u0105, reguliuoja kolageno gamyb\u0105, saugo od\u0105 nuo neigiamo aplinkos poveikio.<\/p>\n<p>\u0160i YOUNGBLOOD makia\u017eo baz\u0117 yra puikiai vertinama profesionali\u0173 makia\u017eo meistr\u0173, naudojan\u010di\u0173 j\u0105 profesionaliems makia\u017eams atlikti, bet taip pat yra gerai \u017einoma ir tarp makia\u017eo meg\u0117j\u0173, kaip efektyvi priemon\u0117 \u0161ilkiniam odos efektui i\u0161gauti.<\/p>\n<p>Tepkite ant \u0161varios veido odos, \u012fmasa\u017euokite \u012f od\u0105 ir palaukite, kol pilnai susigers. Gali b\u016bti naudojama viena arba po skysta pudra &#8211; taip makia\u017eas i\u0161silaikys ilgiau.<\/p>\n<p><strong>Privalumai:<\/strong><\/p>\n<ul>\n<li><strong>Lengvos tekst\u016bros<\/strong><\/li>\n<li>Suteikia odai mati\u0161kumo, jos nei\u0161sausindama<\/li>\n<li>Suteikia \u0161ilkin\u0117s odos efekt\u0105<\/li>\n<\/ul>\n<p><strong>Tinka:<\/strong>\u00a0Visiems odos tipams<\/p>\n<p><strong>Pagrindiniai ingredientai:\u00a0<\/strong><\/p>\n<ul>\n<li>Jojoba (simondsij\u0173) aliejus &#8211; intensyviai dr\u0117kina od\u0105, didindamas jos elastingum\u0105, stangrum\u0105<\/li>\n<li>Vitaminas E \u2013 dr\u0117kina ir ramina saus\u0105, sudirgusi\u0105 od\u0105, taip saugodamas j\u0105 nuo aplinkos tar\u0161os<\/li>\n<\/ul>\n<p><strong>Ingredientai:<\/strong><\/p>\n<p>DIMETHICONE, ISODODECANE, DIMETHICONE CROSSPOLYMER, POLYMETHYLSILSESQUIOXANE, LONICERA CAPRIFOLIUM FLOWER EXTRACT; LONICERA JAPONICA FLOWER EXTRACT, SIMMONDSIA CHINENSIS SEED OIL, ETHYLHEXYL METHOXYCINNAMATE, BUTYL METHOXYDIBENZOYLMETHANE, ETHYLHEXYL SALICYLATE, RETINYL PALMITATE, TOCOPHERYL ACETATE, BHT<\/p>\n<\/div>\n<\/div>\n","protected":false},"excerpt":{"rendered":"<p>Tai nat\u016bralios sud\u0117ties, bespalv\u0117, bekvap\u0117, lengvos tekst\u016bros makia\u017eo baz\u0117. U\u017etepta ant veido ji akimirksniu sulygina atviras poras, rauk\u0161leles ir nedidelius randelius. \u0160i priemon\u0117 suteikia odai nat\u016braliai atrodan\u010dio mati\u0161kumo jos nei\u0161sausindama. D\u0117ka sud\u0117tyje esan\u010di\u0173 mineral\u0173 ir vitamin\u0173, \u0161i makia\u017eo baz\u0117 stiprina nat\u016bral\u0173 odos barjer\u0105, reguliuoja kolageno gamyb\u0105, saugo od\u0105 nuo neigiamo aplinkos poveikio.<\/p>\n<div id=\"product-description-short-24924\" class=\"product-description-short\">\n<p><strong>Privalumai:<\/strong><\/p>\n<ul>\n<li>Lengvos tekst\u016bros<\/li>\n<li>Suteikia odai mati\u0161kumo, jos nei\u0161sausindama<\/li>\n<li>Suteikia \u0161ilkin\u0117s odos efekt\u0105<\/li>\n<\/ul>\n<\/div>\n","protected":false},"featured_media":10481,"comment_status":"open","ping_status":"closed","template":"","meta":[],"product_cat":[218,222],"product_tag":[],"class_list":{"0":"post-10480","1":"product","2":"type-product","3":"status-publish","4":"has-post-thumbnail","6":"product_cat-makiazas","7":"product_cat-makiazo-bazes","9":"first","10":"instock","11":"shipping-taxable","12":"purchasable","13":"product-type-simple"},"_links":{"self":[{"href":"https:\/\/nextglow.lt\/en\/wp-json\/wp\/v2\/product\/10480","targetHints":{"allow":["GET"]}}],"collection":[{"href":"https:\/\/nextglow.lt\/en\/wp-json\/wp\/v2\/product"}],"about":[{"href":"https:\/\/nextglow.lt\/en\/wp-json\/wp\/v2\/types\/product"}],"replies":[{"embeddable":true,"href":"https:\/\/nextglow.lt\/en\/wp-json\/wp\/v2\/comments?post=10480"}],"wp:featuredmedia":[{"embeddable":true,"href":"https:\/\/nextglow.lt\/en\/wp-json\/wp\/v2\/media\/10481"}],"wp:attachment":[{"href":"https:\/\/nextglow.lt\/en\/wp-json\/wp\/v2\/media?parent=10480"}],"wp:term":[{"taxonomy":"product_cat","embeddable":true,"href":"https:\/\/nextglow.lt\/en\/wp-json\/wp\/v2\/product_cat?post=10480"},{"taxonomy":"product_tag","embeddable":true,"href":"https:\/\/nextglow.lt\/en\/wp-json\/wp\/v2\/product_tag?post=10480"}],"curies":[{"name":"wp","href":"https:\/\/api.w.org\/{rel}","templated":true}]}}