{"id":10488,"date":"2024-06-26T20:46:36","date_gmt":"2024-06-26T17:46:36","guid":{"rendered":"https:\/\/nextglow.lt\/?post_type=product&#038;p=10488"},"modified":"2024-06-26T20:46:36","modified_gmt":"2024-06-26T17:46:36","slug":"youngblood-zvilgesio-suteikianti-makiazo-baze-hydra-glow-treatment-balm-30ml","status":"publish","type":"product","link":"https:\/\/nextglow.lt\/en\/produktas\/youngblood-zvilgesio-suteikianti-makiazo-baze-hydra-glow-treatment-balm-30ml\/","title":{"rendered":"YOUNGBLOOD \u017evilgesio suteikianti makia\u017eo baz\u0117 \u201eHydra-Glow Treatment Balm\u201c 30ml"},"content":{"rendered":"<p><strong>Naudojimas:<\/strong><\/p>\n<p>Tepkite ant \u0161varios veido odos, \u0161velniai \u012fmasa\u017euokite ir palaukite, kol produktas susigers \u012f od\u0105.<\/p>\n<p><strong>Ingredientai:<\/strong><\/p>\n<p>Water\/Aqua, Propanediol, Olea Europaea (Olive) Fruit Oil, Glycerin, Pentaerythrityl Tetraisostearate, Mica, Glyceryl Stearate, PEG-100 Stearate, Ethylhexyl Palmitate (Coconut Derived), Stearic Acid, Polysorbate-20, Cetearyl Alcohol, Capryl Glycol, Ethylhexylglycerin, Hexylene Glycol, Triethanolamine, VP\/Hexadecene Copolymer, Cetyl Alcohol, Sorbitan Stearate, Magnesium Aluminum Silicate, Dimethicone, Carbomer, Cellulose Gum, Tocopheryl Acetate, Cyclopentasiloxane, Cyclohexasiloxane, Tetrasodium EDTA, Butyrospermum Parkii (Shea Butter), Citrus Aurantium Dulcis (Orange) Peel Oil, Citric Acid, Sclerocarya birrea Seed Oil, Chondrus Crispus (Carrageenan) Extract, Sea Buckthorn Berry Oil, Polymethylsilsesquioxane, Diamond Powder, Stearyl Alcohol, Phenoxyethanol, Limonene, Linalool, Citral, Titanium Dioxide (CI 77891), Iron Oxides (CI 77491).<\/p>\n","protected":false},"excerpt":{"rendered":"<div id=\"description\" class=\"tab-pane fade in active\" role=\"tabpanel\">\n<div class=\"product-description\">\n<p>Tai efektyviai dr\u0117kinanti ir spindesio suteikianti priemon\u0117. D\u0117ka sud\u0117tyje esan\u010di\u0173 nat\u016brali\u0173, gamtoje aptinkam\u0173 aliej\u0173, \u0161i priemon\u0117 apr\u016bpina veido od\u0105 maistingomis med\u017eiagomis, suteikia reikiam\u0105 dr\u0117gm\u0117s kiek\u012f ir j\u0105 nuramina. Prabangos\u00a0 produktui suteikia juod\u0173j\u0173 deimant\u0173 dulk\u0117s &#8211; atspind\u0117damos nat\u016brali\u0105 \u0161vies\u0105 jos sukuria subtilaus \u0161vyt\u0117jimo efekt\u0105.<\/p>\n<p><strong>Privalumai:<\/strong><\/p>\n<ul>\n<li>Suteikia dr\u0117gm\u0117s ir spindesio<\/li>\n<li>Lengvos tekst\u016bros<\/li>\n<li>Nekem\u0161a por\u0173, neapsunkina odos<\/li>\n<\/ul>\n<p><strong>Tinka:<\/strong>\u00a0Visiems odos tipams<\/p>\n<p>\u0160i baz\u0117 yra lengvos tekst\u016bros, tod\u0117l neapsunkina odos, nekem\u0161a por\u0173 ir galima naudoti kasdien.<\/p>\n<\/div>\n<\/div>\n","protected":false},"featured_media":10489,"comment_status":"open","ping_status":"closed","template":"","meta":[],"product_cat":[218,222,73],"product_tag":[],"class_list":{"0":"post-10488","1":"product","2":"type-product","3":"status-publish","4":"has-post-thumbnail","6":"product_cat-makiazas","7":"product_cat-makiazo-bazes","8":"product_cat-veidui","10":"first","11":"instock","12":"shipping-taxable","13":"purchasable","14":"product-type-simple"},"_links":{"self":[{"href":"https:\/\/nextglow.lt\/en\/wp-json\/wp\/v2\/product\/10488","targetHints":{"allow":["GET"]}}],"collection":[{"href":"https:\/\/nextglow.lt\/en\/wp-json\/wp\/v2\/product"}],"about":[{"href":"https:\/\/nextglow.lt\/en\/wp-json\/wp\/v2\/types\/product"}],"replies":[{"embeddable":true,"href":"https:\/\/nextglow.lt\/en\/wp-json\/wp\/v2\/comments?post=10488"}],"wp:featuredmedia":[{"embeddable":true,"href":"https:\/\/nextglow.lt\/en\/wp-json\/wp\/v2\/media\/10489"}],"wp:attachment":[{"href":"https:\/\/nextglow.lt\/en\/wp-json\/wp\/v2\/media?parent=10488"}],"wp:term":[{"taxonomy":"product_cat","embeddable":true,"href":"https:\/\/nextglow.lt\/en\/wp-json\/wp\/v2\/product_cat?post=10488"},{"taxonomy":"product_tag","embeddable":true,"href":"https:\/\/nextglow.lt\/en\/wp-json\/wp\/v2\/product_tag?post=10488"}],"curies":[{"name":"wp","href":"https:\/\/api.w.org\/{rel}","templated":true}]}}