{"id":10493,"date":"2024-06-26T21:07:42","date_gmt":"2024-06-26T18:07:42","guid":{"rendered":"https:\/\/nextglow.lt\/?post_type=product&#038;p=10493"},"modified":"2024-06-26T21:08:54","modified_gmt":"2024-06-26T18:08:54","slug":"youngblood-skystas-mineralinis-makiazo-pagrindas-pudra-liquid-mineral-foundation-30ml","status":"publish","type":"product","link":"https:\/\/nextglow.lt\/en\/produktas\/youngblood-skystas-mineralinis-makiazo-pagrindas-pudra-liquid-mineral-foundation-30ml\/","title":{"rendered":"YOUNGBLOOD Skystas mineralinis makia\u017eo pagrindas &#8211; pudra \u201cLiquid Mineral Foundation\u201d 30ml"},"content":{"rendered":"<div id=\"description\" class=\"tab-pane in active\" role=\"tabpanel\">\n<div class=\"product-description\">\n<p>Apdovanojimus peln\u0119s 20 g\u0117l\u0173j\u0173\u00a0 j\u016bros vanden\u0173 mineral\u0173 kompleksas- tai tobulas\u00a0 \u00a0skystas makia\u017eo pagrindas, suteikiantis sveik\u0105 nat\u016bral\u0173 spindes\u012f, ilgai i\u0161liekant\u012f vis\u0105 dien\u0105. Tobulai dr\u0117kina ir suteikia \u0161ilko \u0161velnumo atspalv\u012f. Saugus naudoti ant problematin\u0117s bei jautrios odos. Tai tarsi antra oda, kuri leis j\u016bs\u0173 odai kv\u0117puoti ir b\u016bti apsaugotai nuo neigiamo aplinkos poveikio.<\/p>\n<p>Tinka: sausai, normaliai ir kombinuotai odai. Lengvas\/vidutinis padengimas.<\/p>\n<p><strong>Naudojimas:<\/strong><\/p>\n<p>U\u017etepkite vien\u0105 paspaudim\u0105 ant rankos ar palet\u0117s, tada pamirkykite YB3 \u0161epet\u0117l\u012f ir \u0161velniai sukamais judesiais padenkite od\u0105-gausite lengv\u0105 tarsi u\u017epurk\u0161t\u0105 efekt\u0105. Stipresniam padengimui naudokite YB4 makia\u017eo pagrindo \u0161epet\u0117l\u012f<\/p>\n<p><strong>Ingredientai:<\/strong><\/p>\n<p>Water (Aqua), Cyclomethicone, Dimethicone, Hexyl Laurate, Glycerin, Maris Aqua, Butylene Glycol, PEG-8 Dimethicone, Sodium Chloride, Lauryl PEG\/PPG-18\/18 Methicone, Squalane, Cereus Grandiflorus (Cactus) Flower Extract, Sorbitan Sesquioleate, Allantoin, Cucumis Sativus (Cucumber) Fruit Extract, Plantago Lanceolata Leaf Extract, Calendula Officinalis Flower Extract, Natto Gum, Camellia Sinensis (Green Tea) Leaf Extract, Chamomilla Recutita (Matricaria) Flower Extract, Magnolia Biondii Bark Extract, Salix Alba (Willow) Bark Extract, Propolis Extract, Citrus Grandis (Grapefruit) Fruit Extract, Thujopsis Dolabrata Branch Extract, Dimethicone\/Vinyl Dimethicone Crosspolymer, Disodium EDTA, Phenoxyethanol, Ethylhexylglycerin, Fragrance (Parfum), Linalool, Limonene. MAY CONTAIN (+\/-): Titanium Dioxide (CI 77891), Iron Oxides (CI 77491, CI 77492, CI 77499).<\/p>\n<p>&nbsp;<\/p>\n<\/div>\n<\/div>\n","protected":false},"excerpt":{"rendered":"<div id=\"description\" class=\"tab-pane in active\" role=\"tabpanel\">\n<div class=\"product-description\">\n<ul>\n<li>Suteikia sveik\u0105, nat\u016bral\u0173 spindes\u012f<\/li>\n<li>Nekem\u0161a por\u0173<\/li>\n<li>Tobulai dr\u0117kina ir suteikia \u0161ilko \u0161velnumo atspalv\u012f<\/li>\n<li>Tinka jautriai odai<\/li>\n<\/ul>\n<p>Atsisveikinkite su sausa oda! M\u016bs\u0173 priemon\u0117 \u201eDeep Sea Hydrating Complex\u201c atgaivina i\u0161saus\u0117jusi\u0105 od\u0105, suteikia jai sveiko spindesio. Specialus vandens su druskomis \u201eReduced Salt Deep Sea Water\u201c, augalini\u0173 med\u017eiag\u0173 ir daugiau nei 20 vandenyne randam\u0173 mineral\u0173 derinys ramina ir atgaivina od\u0105. Neu\u017ekem\u0161a por\u0173, ilgai i\u0161silaiko.<\/p>\n<\/div>\n<\/div>\n","protected":false},"featured_media":10494,"comment_status":"open","ping_status":"closed","template":"","meta":[],"product_cat":[226,218,73],"product_tag":[],"class_list":{"0":"post-10493","1":"product","2":"type-product","3":"status-publish","4":"has-post-thumbnail","6":"product_cat-kremines-pudros","7":"product_cat-makiazas","8":"product_cat-veidui","9":"pa_spalva-bisque","10":"pa_spalva-capri","11":"pa_spalva-golden-tan","12":"pa_spalva-ivory","13":"pa_spalva-pebble","14":"pa_spalva-sand","15":"pa_spalva-shell","16":"pa_spalva-sun-kissed","17":"pa_spalva-tahitian-sun","19":"first","20":"instock","21":"shipping-taxable","22":"purchasable","23":"product-type-variable"},"_links":{"self":[{"href":"https:\/\/nextglow.lt\/en\/wp-json\/wp\/v2\/product\/10493","targetHints":{"allow":["GET"]}}],"collection":[{"href":"https:\/\/nextglow.lt\/en\/wp-json\/wp\/v2\/product"}],"about":[{"href":"https:\/\/nextglow.lt\/en\/wp-json\/wp\/v2\/types\/product"}],"replies":[{"embeddable":true,"href":"https:\/\/nextglow.lt\/en\/wp-json\/wp\/v2\/comments?post=10493"}],"wp:featuredmedia":[{"embeddable":true,"href":"https:\/\/nextglow.lt\/en\/wp-json\/wp\/v2\/media\/10494"}],"wp:attachment":[{"href":"https:\/\/nextglow.lt\/en\/wp-json\/wp\/v2\/media?parent=10493"}],"wp:term":[{"taxonomy":"product_cat","embeddable":true,"href":"https:\/\/nextglow.lt\/en\/wp-json\/wp\/v2\/product_cat?post=10493"},{"taxonomy":"product_tag","embeddable":true,"href":"https:\/\/nextglow.lt\/en\/wp-json\/wp\/v2\/product_tag?post=10493"}],"curies":[{"name":"wp","href":"https:\/\/api.w.org\/{rel}","templated":true}]}}