{"id":10541,"date":"2024-06-26T22:07:08","date_gmt":"2024-06-26T19:07:08","guid":{"rendered":"https:\/\/nextglow.lt\/?post_type=product&#038;p=10541"},"modified":"2024-06-26T22:32:35","modified_gmt":"2024-06-26T19:32:35","slug":"youngblood-mineralinis-blakstienu-tusas-mineral-lengthening-mascara","status":"publish","type":"product","link":"https:\/\/nextglow.lt\/en\/produktas\/youngblood-mineralinis-blakstienu-tusas-mineral-lengthening-mascara\/","title":{"rendered":"YOUNGBLOOD Mineralinis blakstien\u0173 tu\u0161as \u201cMineral Lengthening Mascara\u201d"},"content":{"rendered":"<p><strong>Naudojimas:<\/strong><\/p>\n<p>Tu\u0161\u0105 tepkite zigzag judesiais taip gerai i\u0161\u0161ukuodami blakstienas. Nor\u0117dami gauti geriausius rezultatus, naudokite ant mineralinio ilginan\u010dio blakstien\u0173 pagrindo.<\/p>\n<p><strong>Ingredientai:<\/strong><\/p>\n<div id=\"content-wrapper\" class=\"col-xs-12\">\n<section id=\"main\">\n<div class=\"row\">\n<div class=\"col-xs-12\">\n<div class=\"tabs \">\n<div id=\"tab-content\" class=\"tab-content\">\n<div id=\"extra-0\" class=\"tab-pane fade active in\" role=\"tabpanel\" aria-expanded=\"true\">Water\/Aqua, Beeswax, Acrylates Copolymer, Stearic Acid, Copernicia Cerifera (Carnauba) Wax, Sucrose Polystearate, PVP, Arginine, Behenyl Alcohol, Polysorbate 80, Caprylyl Glycol, Sorbitan Sesquioleate, Squalane, Hydroxyethylcellulose, Nylon-6, Sodium Dehydroacetate, Potassium Sorbate, Polyquaternium-10, Aloe Barbadensis Leaf Juice, Hexylene Glycol, Silica, Disodium EDTA, Panthenol, Phenoxyethanol. MAY CONTAIN (+\/-): Iron Oxides (CI 77499, CI 77491, CI 77492), Titanium Dioxide (CI 77891).<\/div>\n<div role=\"tabpanel\" aria-expanded=\"true\"><\/div>\n<\/div>\n<\/div>\n<\/div>\n<\/div>\n<footer class=\"page-footer\"><\/footer>\n<\/section>\n<\/div>\n<p>&nbsp;<\/p>\n<p>&nbsp;<\/p>\n","protected":false},"excerpt":{"rendered":"<div class=\"card\">\n<div id=\"description\" class=\"collapse in\" aria-labelledby=\"descriptionTab\" data-parent=\"#prodDesc\" aria-expanded=\"true\">\n<div class=\"card-body\">\n<div class=\"product-description\">\n<p>\u0160is blakstien\u0173 tu\u0161as idealios konsistencijos, nesisluoksniuoja ir nenubyra, ta\u010diau puikiai i\u0161silaiko ant blakstien\u0173 jas prailgindamas. Tu\u0161as nesausina blakstien\u0173, bet atvirk\u0161\u010diai jas pridr\u0117kina.<\/p>\n<p>Tinka: net ir pa\u010dioms jautriausioms akims<\/p>\n<p><strong>Privalumai:<\/strong><\/p>\n<ul>\n<li>Tinka jautrioms akims<\/li>\n<li>Maitina, dr\u0117kina ir kondicionuoja blakstienas<\/li>\n<li>Idealios konsistencijos, nesisluoksniuoja ir nenubyra<\/li>\n<\/ul>\n<\/div>\n<\/div>\n<\/div>\n<\/div>\n<div class=\"card\">\n<div id=\"manufacturerDescriptionTab\" class=\"card-header\">\n<h2 class=\"mb-0\"><\/h2>\n<\/div>\n<\/div>\n<div class=\"card\"><\/div>\n<div class=\"card\">\n<div id=\"extraTab0\" class=\"card-header\">\n<h2 class=\"mb-0\"><\/h2>\n<\/div>\n<\/div>\n<div class=\"card\">\n<div id=\"extraTab0\" class=\"card-header\">\n<h2 class=\"mb-0\"><\/h2>\n<\/div>\n<\/div>\n<div class=\"card\">\n<div id=\"extraTab1\" class=\"card-header\">\n<h2 class=\"mb-0\"><\/h2>\n<\/div>\n<\/div>\n<div>\n<div class=\"col-md-7 prod-info ml-1\">\n<div id=\"prodDesc\" class=\"accordion\">\n<div class=\"card\">\n<div id=\"extraTab1\" class=\"card-header\">\n<h2 class=\"mb-0\"><\/h2>\n<\/div>\n<\/div>\n<\/div>\n<\/div>\n<\/div>\n","protected":false},"featured_media":10542,"comment_status":"open","ping_status":"closed","template":"","meta":[],"product_cat":[236],"product_tag":[],"class_list":{"0":"post-10541","1":"product","2":"type-product","3":"status-publish","4":"has-post-thumbnail","6":"product_cat-blakstienoms","8":"first","9":"instock","10":"shipping-taxable","11":"purchasable","12":"product-type-simple"},"_links":{"self":[{"href":"https:\/\/nextglow.lt\/en\/wp-json\/wp\/v2\/product\/10541","targetHints":{"allow":["GET"]}}],"collection":[{"href":"https:\/\/nextglow.lt\/en\/wp-json\/wp\/v2\/product"}],"about":[{"href":"https:\/\/nextglow.lt\/en\/wp-json\/wp\/v2\/types\/product"}],"replies":[{"embeddable":true,"href":"https:\/\/nextglow.lt\/en\/wp-json\/wp\/v2\/comments?post=10541"}],"wp:featuredmedia":[{"embeddable":true,"href":"https:\/\/nextglow.lt\/en\/wp-json\/wp\/v2\/media\/10542"}],"wp:attachment":[{"href":"https:\/\/nextglow.lt\/en\/wp-json\/wp\/v2\/media?parent=10541"}],"wp:term":[{"taxonomy":"product_cat","embeddable":true,"href":"https:\/\/nextglow.lt\/en\/wp-json\/wp\/v2\/product_cat?post=10541"},{"taxonomy":"product_tag","embeddable":true,"href":"https:\/\/nextglow.lt\/en\/wp-json\/wp\/v2\/product_tag?post=10541"}],"curies":[{"name":"wp","href":"https:\/\/api.w.org\/{rel}","templated":true}]}}