{"id":10546,"date":"2024-06-26T22:14:32","date_gmt":"2024-06-26T19:14:32","guid":{"rendered":"https:\/\/nextglow.lt\/?post_type=product&#038;p=10546"},"modified":"2024-06-26T23:11:52","modified_gmt":"2024-06-26T20:11:52","slug":"youngblood-mineraline-blakstienu-baze-mineral-lengthening-lash-primer","status":"publish","type":"product","link":"https:\/\/nextglow.lt\/en\/produktas\/youngblood-mineraline-blakstienu-baze-mineral-lengthening-lash-primer\/","title":{"rendered":"YOUNGBLOOD mineralin\u0117 blakstien\u0173 baz\u0117 \u201eMineral Lengthening Lash Primer\u201c"},"content":{"rendered":"<p><strong>Naudojimas:<\/strong><\/p>\n<p>Kad pasiektum\u0117te geriausi\u0173 rezultat\u0173, prie\u0161 naudodami blakstien\u0173 tu\u0161\u0105 u\u017etepkite baz\u0119 ant blakstien\u0173, tada tepkite blakstien\u0173 tu\u0161\u0105, kol baz\u0117 dar nei\u0161d\u017eiuvo. Tepkite blakstien\u0173 tu\u0161\u0105 nuo blakstien\u0173 pagrindo \u012f vir\u0161\u0173, pagal poreik\u012f.<\/p>\n<p><strong>Ingredientai:<\/strong><\/p>\n<p>Water, Coconut Alkanes, Tribehenin, C18-36 Acid Glycol Ester, CI 77891, Synthetic Wax, Copernicia Cerifera Cera, Euphorbia Cerifera Cera, Glyceryl Stearate, Propanediol, Stearic Acid, Bis-Diglyceryl Polyacyladipate-2, Palmitic Acid, Glycerin, Behenic Acid, Synthetic Beeswax, Aminomethyl Propanol, Phenoxyethanol, Hydroxyethylcellulose, Coco-Caprylate\/Caprate, Hydroxyacetophenone, Myristic Acid, Ricinus Communis Seed Oil, Xanthan Gum, Dimethicone, Cellulose, Hydrogenated Lecithin, Ethylhexylglycerin, Trisodium Ethylenediamine Disuccinate.<\/p>\n<p>&nbsp;<\/p>\n","protected":false},"excerpt":{"rendered":"<p>\u0160i lengvos tekst\u016bros blakstien\u0173 baz\u0117 prailgina blakstienas ir suteikia joms apimties, taip sustiprindama po jos naudojamo blasktien\u0173 tu\u0161o efekt\u0105. D\u0117ka savo sud\u0117ties \u0161i priemon\u0117 maitina, dr\u0117kina ir kondicionuoja blakstienas. Sud\u0117tyje esntis kokos\u0173 aliejus stiprina blakstien\u0173 plaukeli\u0173 strukt\u016br\u0105, skatina j\u0173 augim\u0105 ir suteikia blizgesio. Priemon\u0117 nedaro jokio neigiamo poveikio blakstienoms, tod\u0117l yra galima naudoti kasdien.<\/p>\n<p>Itin kondicionuojantis, lengvos konsistencijos\u00a0 blakstien\u0173 pagrindas\u00a0 akimirksniu suteikia blakstienoms apimties ir ilgio. Praturtintas kokos\u0173 aliejumi, pagrindas maitina ir pagerina blakstien\u0173 b\u016bkl\u0119.<\/p>\n<p><strong>Privalumai:<\/strong><\/p>\n<ul>\n<li>Maitina blakstienas, suteikia joms apimties<\/li>\n<li>Tinka jautrioms akims<\/li>\n<li>Dr\u0117kina ir kondicionuoja blakstienas<\/li>\n<li>Tinka: net ir pa\u010dioms jautriausioms akims<\/li>\n<\/ul>\n","protected":false},"featured_media":10547,"comment_status":"open","ping_status":"closed","template":"","meta":[],"product_cat":[236,218,73],"product_tag":[],"class_list":{"0":"post-10546","1":"product","2":"type-product","3":"status-publish","4":"has-post-thumbnail","6":"product_cat-blakstienoms","7":"product_cat-makiazas","8":"product_cat-veidui","10":"first","11":"instock","12":"shipping-taxable","13":"purchasable","14":"product-type-simple"},"_links":{"self":[{"href":"https:\/\/nextglow.lt\/en\/wp-json\/wp\/v2\/product\/10546","targetHints":{"allow":["GET"]}}],"collection":[{"href":"https:\/\/nextglow.lt\/en\/wp-json\/wp\/v2\/product"}],"about":[{"href":"https:\/\/nextglow.lt\/en\/wp-json\/wp\/v2\/types\/product"}],"replies":[{"embeddable":true,"href":"https:\/\/nextglow.lt\/en\/wp-json\/wp\/v2\/comments?post=10546"}],"wp:featuredmedia":[{"embeddable":true,"href":"https:\/\/nextglow.lt\/en\/wp-json\/wp\/v2\/media\/10547"}],"wp:attachment":[{"href":"https:\/\/nextglow.lt\/en\/wp-json\/wp\/v2\/media?parent=10546"}],"wp:term":[{"taxonomy":"product_cat","embeddable":true,"href":"https:\/\/nextglow.lt\/en\/wp-json\/wp\/v2\/product_cat?post=10546"},{"taxonomy":"product_tag","embeddable":true,"href":"https:\/\/nextglow.lt\/en\/wp-json\/wp\/v2\/product_tag?post=10546"}],"curies":[{"name":"wp","href":"https:\/\/api.w.org\/{rel}","templated":true}]}}