{"id":10551,"date":"2024-06-26T22:25:12","date_gmt":"2024-06-26T19:25:12","guid":{"rendered":"https:\/\/nextglow.lt\/?post_type=product&#038;p=10551"},"modified":"2024-06-26T22:25:12","modified_gmt":"2024-06-26T19:25:12","slug":"youngblood-akiu-seseliu-baze-stay-put-eye-prime","status":"publish","type":"product","link":"https:\/\/nextglow.lt\/en\/produktas\/youngblood-akiu-seseliu-baze-stay-put-eye-prime\/","title":{"rendered":"YOUNGBLOOD aki\u0173 \u0161e\u0161\u0117li\u0173 baz\u0117 \u201eStay Put Eye Prime\u201c"},"content":{"rendered":"<p><strong>Naudojimas:<\/strong><\/p>\n<p>\u0160velniai produkt\u0105 \u012ftap\u0161nokite pir\u0161tu ant vir\u0161utinio akies voko. Prie\u0161 dedant \u0161e\u0161\u0117lius, leiskite \u0161e\u0161\u0117li\u0173 bazei \u0161iek tiek i\u0161d\u017ei\u016bti<\/p>\n<p><strong>Ingredientai:<\/strong><\/p>\n<p>Hydrogenated Polyisobutene, Mica, Dimethicone, Ethylhexyl Palmitate, Copernicia Cerifera (Carnauba) Wax, Ozokerite, Nylon-12, C12-15 Alkyl Benzoate, Tridecyl Stearate, Neopentyl Glycol Dicaprylate \/Dicaprate, VP\/Hexadecane Copolymer, Tridecyl Trimellitate, Lonicera Caprifolium (Honeysuckle) Flower Extract, Lonicera Japonica (Honeysuckle) Flower Extract, Simmondsia Chinensis (Jojoba) Seed Oil. MAY CONTAIN (+\/-): Titanium Dioxide (CI 77891), Iron Oxides (CI 77489, CI 77491, CI 77492, CI 77499).<\/p>\n","protected":false},"excerpt":{"rendered":"<p>Tai\u00a0geros sud\u0117ties, lengvos tekst\u016bros \u0161e\u0161\u0117li\u0173 baz\u0117, dr\u0117kinanti aki\u0173 vokus ir sukurianti tobul\u0105 pagrind\u0105 aki\u0173 makia\u017eui. Panaudojus \u0161i\u0105 priemon\u0119 atsiskleid\u017eia tikroji, ry\u0161ki ir sodri, aki\u0173 \u0161e\u0161\u0117li\u0173 spalva, aki\u0173 pravedimas br\u0117\u017eiasi lengviau ir tiksliau. \u0160i baz\u0117 apsaugo nuo \u0161e\u0161\u0117li\u0173 sub\u0117gimo \u012f rauk\u0161leles, j\u0173 nubir\u0117jimo, tod\u0117l aki\u0173 makia\u017eas i\u0161lieka nepriekai\u0161tingas vis\u0105 dien\u0105.<\/p>\n<p><strong>Privalumai:<\/strong><\/p>\n<ul>\n<li>Lengvos tekst\u016bros<\/li>\n<li>Dr\u0117kina aki\u0173 vokus<\/li>\n<li>I\u0161laiko aki\u0173 makia\u017e\u0105 nepriekai\u0161ting\u0105 visai dienai<\/li>\n<\/ul>\n<p><strong>Tinka:<\/strong>\u00a0visiems odos tipams<\/p>\n","protected":false},"featured_media":10552,"comment_status":"open","ping_status":"closed","template":"","meta":[],"product_cat":[237],"product_tag":[],"class_list":{"0":"post-10551","1":"product","2":"type-product","3":"status-publish","4":"has-post-thumbnail","6":"product_cat-akiu-seseliai","8":"first","9":"instock","10":"shipping-taxable","11":"purchasable","12":"product-type-simple"},"_links":{"self":[{"href":"https:\/\/nextglow.lt\/en\/wp-json\/wp\/v2\/product\/10551","targetHints":{"allow":["GET"]}}],"collection":[{"href":"https:\/\/nextglow.lt\/en\/wp-json\/wp\/v2\/product"}],"about":[{"href":"https:\/\/nextglow.lt\/en\/wp-json\/wp\/v2\/types\/product"}],"replies":[{"embeddable":true,"href":"https:\/\/nextglow.lt\/en\/wp-json\/wp\/v2\/comments?post=10551"}],"wp:featuredmedia":[{"embeddable":true,"href":"https:\/\/nextglow.lt\/en\/wp-json\/wp\/v2\/media\/10552"}],"wp:attachment":[{"href":"https:\/\/nextglow.lt\/en\/wp-json\/wp\/v2\/media?parent=10551"}],"wp:term":[{"taxonomy":"product_cat","embeddable":true,"href":"https:\/\/nextglow.lt\/en\/wp-json\/wp\/v2\/product_cat?post=10551"},{"taxonomy":"product_tag","embeddable":true,"href":"https:\/\/nextglow.lt\/en\/wp-json\/wp\/v2\/product_tag?post=10551"}],"curies":[{"name":"wp","href":"https:\/\/api.w.org\/{rel}","templated":true}]}}