{"id":10574,"date":"2024-06-26T23:15:26","date_gmt":"2024-06-26T20:15:26","guid":{"rendered":"https:\/\/nextglow.lt\/?post_type=product&#038;p=10574"},"modified":"2024-06-26T23:15:26","modified_gmt":"2024-06-26T20:15:26","slug":"youngblood-presuotu-mineraliniu-akiu-seseliu-palete-pressed-mineral-eyeshadow-quad-taupe-smoke","status":"publish","type":"product","link":"https:\/\/nextglow.lt\/en\/produktas\/youngblood-presuotu-mineraliniu-akiu-seseliu-palete-pressed-mineral-eyeshadow-quad-taupe-smoke\/","title":{"rendered":"YOUNGBLOOD presuot\u0173 mineralini\u0173 aki\u0173 \u0161e\u0161\u0117li\u0173 palet\u0117 \u201ePressed Mineral Eyeshadow Quad\u201c TAUPE SMOKE"},"content":{"rendered":"<div id=\"description\" class=\"tab-pane active in\" role=\"tabpanel\" aria-expanded=\"true\">\n<div class=\"product-description\">\n<p>Mineralini\u0173, aki\u0173 \u0161e\u0161\u0117li\u0173 palet\u0117. Keturios, viena kit\u0105 papildan\u010dios spalvos vienoje kompakti\u0161koje d\u0117\u017eut\u0117je su veidrod\u0117liu. \u0160ilkin\u0117s tekst\u016bros \u0161e\u0161\u0117lius lengva u\u017etepti, jie laikosi daug valand\u0173. Kiekvienoje pakuot\u0117je yra matinis, perlinis ir blizgus atspalviai, kurie puikiai dera tarpusavyje.<\/p>\n<p>Keturi\u0173 spalv\u0173 mineralini\u0173 presuot\u0173 \u0161e\u0161\u0117li\u0173 palet\u0117, pagaminti su aksominiais pigmentais, kurie gra\u017eiai susimai\u0161o ir \u0161e\u0161\u0117liai i\u0161lieka vis\u0105 dien\u0105. Nor\u0117dami dar geresnio padengimo ir ilgalaiki\u0161kumo naudokite ant aki\u0173 vok\u0173 pagrindo \u201eStay Put Eye Primer\u201c<\/p>\n<p><strong>Tinka:<\/strong>\u00a0Visiems odos tipams<\/p>\n<p><strong>Privalumai:<\/strong><\/p>\n<ul>\n<li>Net keturios, viena kit\u0105 papildan\u010dios spalvos vienoje kompakti\u0161koje d\u0117\u017eut\u0117je su veidrod\u0117liu<\/li>\n<li>Lengva naudoti<\/li>\n<li>I\u0161laiko vis\u0105 dien\u0105<\/li>\n<\/ul>\n<p><strong>Naudojimas:<\/strong><\/p>\n<div id=\"extra-1\" class=\"tab-pane fade active in\" role=\"tabpanel\" aria-expanded=\"true\">\n<ul>\n<li>Tepkite tiesiai ant aki\u0173 vok\u0173 pagrindo \u201eStay Put Eye Prime\u201c geresniam rezultatui ir i\u0161liekamumui.<\/li>\n<li>U\u017etepkite sviesiausia atspalv\u012f ant viso voko ir palei apatin\u0119 antakio linij\u0105<\/li>\n<li>Sumai\u0161ykite vidutin\u012f atspalv\u012f per voko vidur\u012f<\/li>\n<li>Tamsesn\u012f atspalv\u012f naudokite nuo i\u0161orinio kampo br\u0117\u017edami \u201eV \u201e formos lank\u0105<\/li>\n<li>U\u017ebaigiant patap\u0161nokite blizgan\u010di\u0105 spalv\u0105 ant voko centro ir vidinio aki\u0173 kampo.<\/li>\n<\/ul>\n<p><strong>Ingredientai:<\/strong><\/p>\n<p>Mica, Caprylic\/Capric Triglyceride, Zinc Stearate, Calcium Sodium Borosilicate, Lauroyl Lysine, Silica, Lonicera Caprifolium (Honeysuckle) Flower Extract, Lonicera Japonica (Honeysuckle) Flower Extract, Simmondsia Chinensis (Jojoba) Seed Oil, Oryza Sativa (Rice) Starch, Water\/Aqua, Stearic Acid, Tocopherol, Tin Oxide (CI 77861). MAY CONTAIN (+\/-): Titanium Dioxide (CI 77891), Iron Oxides (CI 77491, CI 77492, CI 77499), Blue 1 Lake (CI 42090), Ferric Ferrocyanide (CI 77510), Ultramarines (CI 77007), Carmine (CI 75470), Yellow 5 Lake (CI 19140), Bismuth Oxychloride (CI 77163), Manganese Violet (CI 77742).<\/p>\n<\/div>\n<\/div>\n<\/div>\n","protected":false},"excerpt":{"rendered":"<ul>\n<li>Net keturios, viena kit\u0105 papildan\u010dios spalvos vienoje kompakti\u0161koje d\u0117\u017eut\u0117je su veidrod\u0117liu<\/li>\n<li>Lengva naudoti<\/li>\n<li>I\u0161laiko vis\u0105 dien\u0105<\/li>\n<\/ul>\n","protected":false},"featured_media":10575,"comment_status":"open","ping_status":"closed","template":"","meta":[],"product_cat":[237,218,73],"product_tag":[],"class_list":{"0":"post-10574","1":"product","2":"type-product","3":"status-publish","4":"has-post-thumbnail","6":"product_cat-akiu-seseliai","7":"product_cat-makiazas","8":"product_cat-veidui","10":"first","11":"instock","12":"shipping-taxable","13":"purchasable","14":"product-type-simple"},"_links":{"self":[{"href":"https:\/\/nextglow.lt\/en\/wp-json\/wp\/v2\/product\/10574","targetHints":{"allow":["GET"]}}],"collection":[{"href":"https:\/\/nextglow.lt\/en\/wp-json\/wp\/v2\/product"}],"about":[{"href":"https:\/\/nextglow.lt\/en\/wp-json\/wp\/v2\/types\/product"}],"replies":[{"embeddable":true,"href":"https:\/\/nextglow.lt\/en\/wp-json\/wp\/v2\/comments?post=10574"}],"wp:featuredmedia":[{"embeddable":true,"href":"https:\/\/nextglow.lt\/en\/wp-json\/wp\/v2\/media\/10575"}],"wp:attachment":[{"href":"https:\/\/nextglow.lt\/en\/wp-json\/wp\/v2\/media?parent=10574"}],"wp:term":[{"taxonomy":"product_cat","embeddable":true,"href":"https:\/\/nextglow.lt\/en\/wp-json\/wp\/v2\/product_cat?post=10574"},{"taxonomy":"product_tag","embeddable":true,"href":"https:\/\/nextglow.lt\/en\/wp-json\/wp\/v2\/product_tag?post=10574"}],"curies":[{"name":"wp","href":"https:\/\/api.w.org\/{rel}","templated":true}]}}