{"id":10579,"date":"2024-06-26T23:22:07","date_gmt":"2024-06-26T20:22:07","guid":{"rendered":"https:\/\/nextglow.lt\/?post_type=product&#038;p=10579"},"modified":"2024-06-26T23:24:29","modified_gmt":"2024-06-26T20:24:29","slug":"youngblood-konturavimo-ir-akiu-seseliu-palete-weekender-palette","status":"publish","type":"product","link":"https:\/\/nextglow.lt\/en\/produktas\/youngblood-konturavimo-ir-akiu-seseliu-palete-weekender-palette\/","title":{"rendered":"YOUNGBLOOD kont\u016bravimo ir aki\u0173 \u0161e\u0161\u0117li\u0173 palet\u0117 \u201eWeekender Palette\u201c"},"content":{"rendered":"<p>\u0160e\u0161\u0117li\u0173 palet\u0119 sudaro sodr\u016bs matiniai ir \u017e\u0117rintys \u0161e\u0161\u0117liai. Visos devynios spalvos \u2013 labai praki\u0161kos ir gali b\u016bti naudojamos tiek dieniniam, tiek vakariniam makia\u017eui atlikti. \u0160e\u0161\u0117liai lengvai sklaidomi ir puikiai i\u0161silaiko.<\/p>\n<p>Dvi skirtingos skaistal\u0173 spalvos taip pat labai pravers kuriant savo dienos ar vakaro \u012fvaizd\u012f. Jie atitinka kiekvieno skon\u012f \u2013 mai\u0161ant skaistalus tarpusavyje galima i\u0161gauti tiek \u0161iltesn\u012f, tiek \u0161altesn\u012f atspalv\u012f, matin\u012f ar \u017e\u0117rint\u012f efekt\u0105. Tai lengvai sklaidomi, odos neapsunkinantys skaistalai.<\/p>\n<p>Iluminatorius taip pat galima naudoti po vien\u0105 arba pamai\u0161yti kartu. Tai labai subtiliai \u017e\u0117rintys, nat\u016braliai atrodantys iluminatoriai.<\/p>\n<p>Jeigu reik\u0117t\u0173 \u0161i\u0105 YOUNGBLOOD palet\u0119 apib\u016bdinti trimis \u017eod\u017eiais, tai b\u016bt\u0173: PRAKTI\u0160KA, U\u017dBURIANTI IR TINKANTI KIEKVIENAI. \u0160i palet\u0117 yra pam\u0117gta ne tik makia\u017eo meg\u0117j\u0173, bet ir profesionali\u0173 makia\u017eo meistr\u0173.<\/p>\n<p><strong>Naudojimas:<\/strong><\/p>\n<p>Naudojimas, skaistalai: Dvi skirtingos skaistal\u0173 spalvos taip pat labai pravers kuriant savo dienos ar vakaro \u012fvaizd\u012f. Jie atitinka kiekvieno skon\u012f \u2013 mai\u0161ant skaistalus tarpusavyje galima i\u0161gauti tiek \u0161iltesn\u012f, tiek \u0161altesn\u012f atspalv\u012f, matin\u012f ar \u017e\u0117rint\u012f efekt\u0105.<\/p>\n<p>Naudojimas, iliuminatoriai: taip pat galima naudoti po vien\u0105 arba pamai\u0161yti kartu. Tai labai subtiliai \u017e\u0117rintys, nat\u016braliai atrodantys iluminatoriai.<\/p>\n<p>Ingredientai:<\/p>\n<div id=\"extra-0\" class=\"tab-pane fade in active\" role=\"tabpanel\" aria-expanded=\"true\">\n<p>GETAWAY: Mica, Zinc Stearate, Caprylic\/Capric Triglyceride, Lauroyl Lysine, Tocopherol, Oryza Sativa (Rice) Starch, Silica, Aqua\/Water, Stearic Acid, Lonicera Caprifolium (Honeysuckle) Flower Extract, Lonicera Japonica (Honeysuckle) Flower Extract, Simmondsia Chinensis (Jojoba) Seed Oil, Tin Oxide. MAY CONTAIN (+\/-): Titanium Dioxide (CI 77891), Iron Oxides (CI 77491, CI 77499, CI 77492), Bismuth Oxychloride (CI 77163), Ultramarines (CI 77007), Carmine (CI 75470), Yellow 5 Lake (CI 19140), Manganese Violet (CI 77742).<\/p>\n<p>&nbsp;<\/p>\n<p>TAN LINES, ROSE, SAIL AWAY, ADVENTURE, BRUNCHIN: Mica, Zinc Stearate, Caprylic\/Capric Triglyceride, Lauroyl Lysine, Tocopherol, Oryza Sativa (Rice) Starch, Silica, Aqua\/Water, Stearic Acid, Lonicera Caprifolium (Honeysuckle) Flower Extract, Lonicera Japonica (Honeysuckle) Flower Extract, Simmondsia Chinensis (Jojoba) Seed Oil. MAY CONTAIN (+\/-): Titanium Dioxide (CI 77891), Iron Oxides (CI 77491, CI 77499, CI 77492), Bismuth Oxychloride (CI 77163), Ultramarines (CI 77007), Carmine (CI 75470), Yellow 5 Lake (CI 19140), Manganese Violet (CI 77742).<\/p>\n<p>&nbsp;<\/p>\n<p>AL FRESCO: Mica, Zinc Stearate, Caprylic\/Capric Triglyceride, Silica, Synthetic Fluorphlogopite, Lonicera Caprifolium (Honeysuckle) Flower Extract, Calcium Sodium Borosilicate, Lauroyl Lysine, Tocopherol, Oryza Sativa (Rice) Starch, Aqua\/Water, Stearic Acid, Lonicera Japonica (Honeysuckle) Flower Extract, Simmondsia Chinensis (Jojoba) Seed Oil, Tin Oxide. MAY CONTAIN (+\/-): Titanium Dioxide (CI 77891), Iron Oxides (CI 77491, CI 77499), Bronze Powder (CI 77400), Bismuth Oxychloride (CI 77163), Ultramarines (CI 77007), Carmine (CI 75470), Yellow 5 Lake (CI 19140).<\/p>\n<p>&nbsp;<\/p>\n<p>MIMOSAS: Mica, Silica, Zinc Stearate, Caprylic\/Capric Triglyceride, Calcium Sodium Borosilicate, Synthetic Fluorphlogopite, Lonicera Caprifolium (Honeysuckle) Flower Extract, Lauroyl Lysine, Tocopherol, Oryza Sativa (Rice) Starch, Aqua\/Water, Stearic Acid, Lonicera Japonica (Honeysuckle) Flower Extract, Simmondsia Chinensis (Jojoba) Seed Oil, Tin Oxide. MAY CONTAIN (+\/-): Titanium Dioxide (CI 77891), Iron Oxides (CI 77491, CI 77499), Bronze Powder (CI 77400), Bismuth Oxychloride (CI 77163), Ultramarines (CI 77007), Carmine (CI 75470), Yellow 5 Lake (CI 19140).<\/p>\n<p>&nbsp;<\/p>\n<p>PRIVATE JET: Mica, Synthetic Fluorphlogopite, Zinc Stearate, Caprylic\/Capric Triglyceride, Lonicera Caprifolium (Honeysuckle) Flower Extract, Lauroyl Lysine, Tocopherol, Oryza Sativa (Rice) Starch, Aqua\/Water, Lonicera Japonica (Honeysuckle) Flower Extract, Silica, Simmondsia Chinensis (Jojoba) Seed Oil, Calcium Sodium Borosilicate, Stearic Acid, Tin Oxide. MAY CONTAIN (+\/-): Titanium Dioxide (CI 77891), Iron Oxides (CI 77491, CI 77499), Bronze Powder (CI 77400), Bismuth Oxychloride (CI 77163), Carmine (CI 75470), Yellow 5 Lake (CI 19140).<\/p>\n<p>&nbsp;<\/p>\n<p>BON VOYAGE, FIRST CLASS, BOARDING PASS: Mica, Zinc Stearate, Caprylic\/Capric Triglyceride, Lonicera Caprifolium (Honeysuckle) Flower Extract, Lauroyl Lysine, Tocopherol, Oryza Sativa (Rice) Starch, Silica, Aqua\/Water, Stearic Acid, Lonicera Japonica (Honeysuckle) Flower Extract, Simmondsia Chinensis (Jojoba) Seed Oil. MAY CONTAIN (+\/-): Titanium Dioxide (CI 77891), Iron Oxides (CI 77491, CI 77499, CI 77492), Bismuth Oxychloride (CI 77163), Carmine (CI 75470), Yellow 5 Lake (CI 19140), Manganese Violet (CI 77742), Red 30 Lake (CI 73360), Red 7 Lake (CI 15850), Red 28 Lake (CI 45410).<\/p>\n<p>&nbsp;<\/p>\n<p>YACHT CLUB: Mica, Zinc Stearate, Caprylic\/Capric Triglyceride, Lauroyl Lysine, Tocopherol, Oryza Sativa (Rice) Starch, Silica, Aqua\/Water, Stearic Acid, Lonicera Caprifolium (Honeysuckle) Flower Extract, Lonicera Japonica (Honeysuckle) Flower Extract, Simmondsia Chinensis (Jojoba) Seed Oil, Tin Oxide. MAY CONTAIN (+\/-): Titanium Dioxide (CI 77891), Iron Oxides (CI 77491, CI 77499, CI 77492), Bismuth Oxychloride (CI 77163), Carmine (CI 75470), Yellow 5 Lake (CI 19140), Manganese Violet (CI 77742), Red 30 Lake (CI 73360), Red 7 Lake (CI 15850), Red 28 Lake (CI 45410).<\/p>\n<\/div>\n","protected":false},"excerpt":{"rendered":"<p>Devynios pritrenkian\u010dios aki\u0173 \u0161e\u0161\u0117li\u0173 spalvos, du tobuli skaistal\u0173 atspalviai ir du u\u017eburiantys iluminatoriai \u2013 ir visa tai vienoje YOUNGBLOOD palet\u0117je! Tai labai prakti\u0161kas ir kompakti\u0161kas produktas, kur\u012f galima lengvai pasiimti su savimi, kad ir kur bekeliautum\u0117te.<\/p>\n<p><strong>Pagrindiniai ingredientai:<\/strong><\/p>\n<ul>\n<li>Mica mineralai \u2013 sukuria \u0161ilkin\u0119 tekst\u016br\u0105 ir suteikia subtilaus blizgesio.<\/li>\n<li>Ry\u017ei\u0173 pudra \u2013 u\u017etikrina ilg\u0105 produkto i\u0161silaikym\u0105.<\/li>\n<li>Vitaminas E \u2013 dr\u0117kina ir ramina saus\u0105, sudirgusi\u0105 od\u0105, taip saugodamas j\u0105 nuo aplinkos tar\u0161os.<\/li>\n<\/ul>\n","protected":false},"featured_media":10580,"comment_status":"open","ping_status":"closed","template":"","meta":[],"product_cat":[237,218,238,73],"product_tag":[],"class_list":{"0":"post-10579","1":"product","2":"type-product","3":"status-publish","4":"has-post-thumbnail","6":"product_cat-akiu-seseliai","7":"product_cat-makiazas","8":"product_cat-veido-konturavimas-skaistalai","9":"product_cat-veidui","11":"first","12":"instock","13":"shipping-taxable","14":"purchasable","15":"product-type-simple"},"_links":{"self":[{"href":"https:\/\/nextglow.lt\/en\/wp-json\/wp\/v2\/product\/10579","targetHints":{"allow":["GET"]}}],"collection":[{"href":"https:\/\/nextglow.lt\/en\/wp-json\/wp\/v2\/product"}],"about":[{"href":"https:\/\/nextglow.lt\/en\/wp-json\/wp\/v2\/types\/product"}],"replies":[{"embeddable":true,"href":"https:\/\/nextglow.lt\/en\/wp-json\/wp\/v2\/comments?post=10579"}],"wp:featuredmedia":[{"embeddable":true,"href":"https:\/\/nextglow.lt\/en\/wp-json\/wp\/v2\/media\/10580"}],"wp:attachment":[{"href":"https:\/\/nextglow.lt\/en\/wp-json\/wp\/v2\/media?parent=10579"}],"wp:term":[{"taxonomy":"product_cat","embeddable":true,"href":"https:\/\/nextglow.lt\/en\/wp-json\/wp\/v2\/product_cat?post=10579"},{"taxonomy":"product_tag","embeddable":true,"href":"https:\/\/nextglow.lt\/en\/wp-json\/wp\/v2\/product_tag?post=10579"}],"curies":[{"name":"wp","href":"https:\/\/api.w.org\/{rel}","templated":true}]}}