{"id":10596,"date":"2024-06-27T18:39:07","date_gmt":"2024-06-27T15:39:07","guid":{"rendered":"https:\/\/nextglow.lt\/?post_type=product&#038;p=10596"},"modified":"2024-06-27T18:39:07","modified_gmt":"2024-06-27T15:39:07","slug":"youngblood-presuota-mineraline-fiksuojamoji-pudra-su-ryziu-krakmolu-pressed-rice-mineral-powder","status":"publish","type":"product","link":"https:\/\/nextglow.lt\/en\/produktas\/youngblood-presuota-mineraline-fiksuojamoji-pudra-su-ryziu-krakmolu-pressed-rice-mineral-powder\/","title":{"rendered":"YOUNGBLOOD presuota mineralin\u0117 fiksuojamoji pudra su ry\u017ei\u0173 krakmolu \u201ePressed Rice Mineral Powder\u201d"},"content":{"rendered":"<p>Ingredientai:<\/p>\n<p>Mica, Oryza Sativa (Rice) Starch, Zea Mays (Corn) Starch, Zinc Stearate, Octyldodecyl Stearoyl Stearate, Silica, Tocopherol, Camellia Oleifera (Green Tea) Leaf Extract, Caprylic\/Capric Triglyceride, Water\/Aqua, Stearic Acid, Lonicera Caprifolium (Honeysuckle) Flower Extract, Lonicera Japonica (Honeysuckle) Flower Extract, Simmondsia Chinensis (Jojoba) Seed Oil. MAY CONTAIN (+\/-): Titanium Dioxide (CI 77891), Iron Oxides (CI 77491, CI 77492, CI 77499).<\/p>\n","protected":false},"excerpt":{"rendered":"<div id=\"description\" class=\"tab-pane fade in active\" role=\"tabpanel\">\n<div class=\"product-description\">\n<p>Tai vis\u0173 odos tip\u0173 pudra, kuri yra permatoma, nei\u0161d\u017ei\u016bstanti, absobuojanti perteklin\u012f riebum\u0105, suteikianti mati\u0161kumo ir suma\u017einanti poras. Labiausiai tinka riebiai ir mi\u0161riai odai.<\/p>\n<p>\u0160is nesausinantis, aliej\u0173 sugeriantis ry\u017ei\u0173 milteli\u0173 ir kukur\u016bz\u0173 krakmolo duetas kartu su maistin\u0117mis med\u017eiagomis praturtintais mineralais pa\u0161alina blizges\u012f,\u00a0u\u017emaskuoja poras ir smulkias rauk\u0161leles, kad b\u016bt\u0173 sukurtas nepriekai\u0161tingos odos \u012fsp\u016bdis. Sudedamosios augalin\u0117s ir mineralin\u0117s med\u017eiagos suteikia odai \u0161velnumo.<\/p>\n<p><strong>Privalumai:<\/strong><\/p>\n<ul>\n<li>Tinka visiems odos tipams<\/li>\n<li>Pa\u0161alina blizges\u012f, u\u017emaskuoja poras ir smulkias rauk\u0161leles<\/li>\n<li>Sudedamosios augalin\u0117s ir mineralin\u0117s med\u017eiagos suteikia odai \u0161velnumo.<\/li>\n<\/ul>\n<\/div>\n<\/div>\n","protected":false},"featured_media":10605,"comment_status":"open","ping_status":"closed","template":"","meta":[],"product_cat":[218,241],"product_tag":[],"class_list":{"0":"post-10596","1":"product","2":"type-product","3":"status-publish","4":"has-post-thumbnail","6":"product_cat-makiazas","7":"product_cat-sausos-ir-birios-pudros","8":"pa_spalva-light","9":"pa_spalva-medium","11":"first","12":"instock","13":"shipping-taxable","14":"purchasable","15":"product-type-variable"},"_links":{"self":[{"href":"https:\/\/nextglow.lt\/en\/wp-json\/wp\/v2\/product\/10596","targetHints":{"allow":["GET"]}}],"collection":[{"href":"https:\/\/nextglow.lt\/en\/wp-json\/wp\/v2\/product"}],"about":[{"href":"https:\/\/nextglow.lt\/en\/wp-json\/wp\/v2\/types\/product"}],"replies":[{"embeddable":true,"href":"https:\/\/nextglow.lt\/en\/wp-json\/wp\/v2\/comments?post=10596"}],"wp:featuredmedia":[{"embeddable":true,"href":"https:\/\/nextglow.lt\/en\/wp-json\/wp\/v2\/media\/10605"}],"wp:attachment":[{"href":"https:\/\/nextglow.lt\/en\/wp-json\/wp\/v2\/media?parent=10596"}],"wp:term":[{"taxonomy":"product_cat","embeddable":true,"href":"https:\/\/nextglow.lt\/en\/wp-json\/wp\/v2\/product_cat?post=10596"},{"taxonomy":"product_tag","embeddable":true,"href":"https:\/\/nextglow.lt\/en\/wp-json\/wp\/v2\/product_tag?post=10596"}],"curies":[{"name":"wp","href":"https:\/\/api.w.org\/{rel}","templated":true}]}}