{"id":10611,"date":"2024-06-27T19:29:24","date_gmt":"2024-06-27T16:29:24","guid":{"rendered":"https:\/\/nextglow.lt\/?post_type=product&#038;p=10611"},"modified":"2024-06-27T19:37:55","modified_gmt":"2024-06-27T16:37:55","slug":"youngblood-birus-mineralinis-makiazo-pagrindas-pudra-loose-mineral-foundation","status":"publish","type":"product","link":"https:\/\/nextglow.lt\/en\/produktas\/youngblood-birus-mineralinis-makiazo-pagrindas-pudra-loose-mineral-foundation\/","title":{"rendered":"YOUNGBLOOD birus mineralinis makia\u017eo pagrindas &#8211; pudra \u201eLoose Mineral Foundation\u201d"},"content":{"rendered":"<p>\u0160i itin smulki, \u0161velni ir lengvai paskirstoma mineralin\u0117 pudra sukuria nat\u016bralios ir nepriekai\u0161tingos odos \u012fsp\u016bd\u012f. Ji puikiai u\u017emaskuoja odos netobulumus: randelius,  paraudimus ar pigmentines d\u0117mes. Net ir puikiai maskuodama, \u0161i priemon\u0117 neapsunkina ir ned\u017eiovina veido odos, nekem\u0161a por\u0173 ir nesukelia alergij\u0173. Panaudojus oda tampa tarytum \u0161ilkin\u0117, tok\u012f \u012fsp\u016bd\u012f padeda sukurti sud\u0117tyje esantys mika mineralai, kuri\u0173 d\u0117ka, oda \u012fgauna subtilaus \u0161vyt\u0117jimo<\/p>\n<p>Tinka visiems odos tipams<\/p>\n<p>Dar vienas svarbus \u0161ios priemon\u0117s ingridientas \u2013 titano dioksidas. Jis stiprina odos apsaug\u0105 nuo saul\u0117s ir ramina od\u0105, tod\u0117l \u0161i pudra tinka net ir itin jautriai odai. <\/p>\n<p>Panaudoj\u0105 \u0161i\u0105 pudr\u0105 tarsi \u012fvelkate savo veid\u0105 \u012f nauj\u0105, tobulai atrodan\u010di\u0105 od\u0105. <\/p>\n<p>Priemon\u0117 parduodama i\u0161skirtinio dizaino indelyje su dozatoriumi, kuris paskirsto pudr\u0105 reikiamais kiekiais. <\/p>\n<p>Naudojimas:<br \/>\nMakia\u017eo \u0161epet\u0117liu pa\u0117m\u0119 \u0161iek tiek pudros lengvai nukr\u0117skite \u0161epet\u0117l\u012f, taip atsikratysite produkto pert\u0117kliaus ir makia\u017eas atrodys nat\u016braliau. \u0160velniais sukamaisiais judesiais braukite \u0161epet\u0117liu nuo veido centro \u012f \u0161onus. Nor\u0117dami i\u0161gauti intensyvesn\u012f maskavim\u0105, denkite produkt\u0105 keliais sluoksniais.<\/p>\n<p>Ingredientai:<br \/>\nMica. MAY CONTAIN (+\/-): Titanium Dioxide (CI 77891), Iron Oxides (CI 77489, CI 77491, CI 77492, CI 77499), Bismuth Oxychloride (CI 77163).<\/p>\n","protected":false},"excerpt":{"rendered":"<p>    Sukuria nat\u016bralios ir nepriekai\u0161tingos odos \u012fsp\u016bd\u012f<br \/>\n    Puikiai u\u017emaskuoja odos netobulumus<br \/>\n    Neapsunkina ir ned\u017eiovina veido odos, nekem\u0161a por\u0173<br \/>\n    Suteikia nat\u016bralaus \u0161vyt\u0117jimo<\/p>\n","protected":false},"featured_media":10627,"comment_status":"open","ping_status":"closed","template":"","meta":[],"product_cat":[218,241],"product_tag":[],"class_list":{"0":"post-10611","1":"product","2":"type-product","3":"status-publish","4":"has-post-thumbnail","6":"product_cat-makiazas","7":"product_cat-sausos-ir-birios-pudros","8":"pa_spalva-barely-beige-warm","9":"pa_spalva-cool-beige-cool","10":"pa_spalva-honey-neutral","11":"pa_spalva-ivory-neutral","12":"pa_spalva-neutral-cool","13":"pa_spalva-soft-beige-warm","14":"pa_spalva-tawnee-neutral","15":"pa_spalva-toast-warm","16":"pa_spalva-warm-beige-warm","18":"first","19":"instock","20":"shipping-taxable","21":"purchasable","22":"product-type-variable"},"_links":{"self":[{"href":"https:\/\/nextglow.lt\/en\/wp-json\/wp\/v2\/product\/10611","targetHints":{"allow":["GET"]}}],"collection":[{"href":"https:\/\/nextglow.lt\/en\/wp-json\/wp\/v2\/product"}],"about":[{"href":"https:\/\/nextglow.lt\/en\/wp-json\/wp\/v2\/types\/product"}],"replies":[{"embeddable":true,"href":"https:\/\/nextglow.lt\/en\/wp-json\/wp\/v2\/comments?post=10611"}],"wp:featuredmedia":[{"embeddable":true,"href":"https:\/\/nextglow.lt\/en\/wp-json\/wp\/v2\/media\/10627"}],"wp:attachment":[{"href":"https:\/\/nextglow.lt\/en\/wp-json\/wp\/v2\/media?parent=10611"}],"wp:term":[{"taxonomy":"product_cat","embeddable":true,"href":"https:\/\/nextglow.lt\/en\/wp-json\/wp\/v2\/product_cat?post=10611"},{"taxonomy":"product_tag","embeddable":true,"href":"https:\/\/nextglow.lt\/en\/wp-json\/wp\/v2\/product_tag?post=10611"}],"curies":[{"name":"wp","href":"https:\/\/api.w.org\/{rel}","templated":true}]}}