{"id":10645,"date":"2024-06-27T20:02:02","date_gmt":"2024-06-27T17:02:02","guid":{"rendered":"https:\/\/nextglow.lt\/?post_type=product&#038;p=10645"},"modified":"2024-06-27T20:02:02","modified_gmt":"2024-06-27T17:02:02","slug":"youngblood-biri-mineraline-fiksuojamoji-pudra-su-ryziu-krakmolu-loose-rice-powder","status":"publish","type":"product","link":"https:\/\/nextglow.lt\/en\/produktas\/youngblood-biri-mineraline-fiksuojamoji-pudra-su-ryziu-krakmolu-loose-rice-powder\/","title":{"rendered":"YOUNGBLOOD biri mineralin\u0117 fiksuojamoji pudra su ry\u017ei\u0173 krakmolu \u201eLoose Rice Powder\u201d"},"content":{"rendered":"<p>\u0160i mineralin\u0117 pudra suteikia odai nat\u016bralaus skaistumo. Sud\u0117tyje esantis gili\u0173j\u0173 j\u016br\u0173 vanduo dr\u0117kina. Sudedamosios augalin\u0117s ir mineralin\u0117s med\u017eiagos suteikia odai \u0161velnumo.<\/p>\n<p>Tinka visiems odos tipams, bet ideali mi\u0161riai bei riebiai odai.   <\/p>\n<p>100 % be talko, lengva pudra gali b\u016bti naudojama viena arba kaip fiksatorius kartu su makia\u017eo pagrindu bei maskuokliu.  \u0160is nesausinantis, aliej\u0173 sugeriantis ry\u017ei\u0173 milteli\u0173 ir kukur\u016bz\u0173 krakmolo duetas kartu su maistin\u0117mis med\u017eiagomis praturtintais mineralais pa\u0161alina blizges\u012f, u\u017emaskuoja poras ir smulkias rauk\u0161leles, kad b\u016bt\u0173 sukurtas nepriekai\u0161tingos odos \u012fsp\u016bdis. Sudedamosios augalin\u0117s ir mineralin\u0117s med\u017eiagos suteikia odai \u0161velnumo. Pudra ypa\u010d smulkaus malimo, kad \u012fsiliet\u0173 \u012f od\u0105 padengdama netobulumus. <\/p>\n<p>Tinka: visiems odos tipams, bet ideali mi\u0161riai bei riebiai odai. <\/p>\n<p>Padengimas: Matinis<\/p>\n<p>Ingredientai ir privalumai:<\/p>\n<p>    Mika \u017e\u0117rutis \u2013 suteikia subtil\u0173 blizges\u012f ir \u0161ilko \u0161velnumo tekst\u016br\u0105<br \/>\n    Kukur\u016bz\u0173 krakmolas &#8211; sugeria aliejaus pertekli\u0173<br \/>\n    Ry\u017ei\u0173 krakmolas \u2013 neprilygstamai ilgalaikiam d\u0117v\u0117jimui<br \/>\n    Petra\u017eoli\u0173 ekstraktas \u2013 suaktyvina  kolageno gamyb\u0105, reguliuoja aliejaus gamyb\u0105 ir valo poras<br \/>\n    Agurk\u0173 ekstraktas &#8211; Atpalaiduoja ir dr\u0117kina saus\u0105 od\u0105<br \/>\n    Kukur\u016bz\u0173 g\u0117li\u0173 ekstraktas \u2013 stiprios prie\u0161u\u017edegimin\u0117s ir antioksidacin\u0117s savyb\u0117s padeda nuraminti  od\u0105<br \/>\n    Citrinos \u017eievel\u0117s ekstraktas \u2013 ramina ir kondicionuoja<br \/>\n    Jojobos s\u0117kl\u0173 aliejus \u2013 kondicionuoja ir dr\u0117kina<\/p>\n","protected":false},"excerpt":{"rendered":"<p>\u0160i mineralin\u0117 pudra suteikia odai nat\u016bralaus skaistumo. Sud\u0117tyje esantis gili\u0173j\u0173 j\u016br\u0173 vanduo dr\u0117kina. Sudedamosios augalin\u0117s ir mineralin\u0117s med\u017eiagos suteikia odai<\/p>\n","protected":false},"featured_media":0,"comment_status":"open","ping_status":"closed","template":"","meta":[],"product_cat":[218,241],"product_tag":[],"class_list":{"0":"post-10645","1":"product","2":"type-product","3":"status-publish","5":"product_cat-makiazas","6":"product_cat-sausos-ir-birios-pudros","7":"pa_spalva-light","8":"pa_spalva-medium","10":"first","11":"instock","12":"shipping-taxable","13":"purchasable","14":"product-type-variable"},"_links":{"self":[{"href":"https:\/\/nextglow.lt\/en\/wp-json\/wp\/v2\/product\/10645","targetHints":{"allow":["GET"]}}],"collection":[{"href":"https:\/\/nextglow.lt\/en\/wp-json\/wp\/v2\/product"}],"about":[{"href":"https:\/\/nextglow.lt\/en\/wp-json\/wp\/v2\/types\/product"}],"replies":[{"embeddable":true,"href":"https:\/\/nextglow.lt\/en\/wp-json\/wp\/v2\/comments?post=10645"}],"wp:attachment":[{"href":"https:\/\/nextglow.lt\/en\/wp-json\/wp\/v2\/media?parent=10645"}],"wp:term":[{"taxonomy":"product_cat","embeddable":true,"href":"https:\/\/nextglow.lt\/en\/wp-json\/wp\/v2\/product_cat?post=10645"},{"taxonomy":"product_tag","embeddable":true,"href":"https:\/\/nextglow.lt\/en\/wp-json\/wp\/v2\/product_tag?post=10645"}],"curies":[{"name":"wp","href":"https:\/\/api.w.org\/{rel}","templated":true}]}}