{"id":10654,"date":"2024-06-27T20:07:46","date_gmt":"2024-06-27T17:07:46","guid":{"rendered":"https:\/\/nextglow.lt\/?post_type=product&#038;p=10654"},"modified":"2024-06-27T20:08:48","modified_gmt":"2024-06-27T17:08:48","slug":"youngblood-lyginamoji-mineraline-pudra-hi-definition-hydrating-mineral-perfecting-powder","status":"publish","type":"product","link":"https:\/\/nextglow.lt\/en\/produktas\/youngblood-lyginamoji-mineraline-pudra-hi-definition-hydrating-mineral-perfecting-powder\/","title":{"rendered":"YOUNGBLOOD lyginamoji mineralin\u0117 pudra \u201eHi-Definition Hydrating Mineral Perfecting Powder\u201c"},"content":{"rendered":"<p>\u0160i skaidri, \u0161ilkin\u0117s tekst\u016bros biri pudra suma\u017eina nepageidaujam\u0105 veido odos blizg\u0117jim\u0105, i\u0161lygina odos nelygumus, pasl\u0117pia i\u0161sipl\u0117tusias poras ir \u012fvairius randelius. Priemon\u0117 suteikia odai \u0161ilkin\u012f matin\u012f efekt\u0105, ta\u010diau jos nei\u0161sausina ir neapsunkina, prie\u0161ingai \u2013 d\u0117ka sud\u0117tyje esan\u010di\u0173 mineral\u0173 ir vitamin\u0173, \u0161i pudra pasi\u017eymi dr\u0117kinan\u010diomis ir &#8220;anti-aging&#8221; savyb\u0117mis. <\/p>\n<p>Privalumai:<\/p>\n<p>    Suma\u017eina nepageidaujam\u0105 odos blizg\u0117jim\u0105<br \/>\n    Suteikia \u0161ilkin\u012f matin\u012f efekt\u0105<br \/>\n    Maskuoja nelygumus, nepageidaujamus randelius<\/p>\n<p>Tinka: Visiems odos tipams<\/p>\n<p>Panaudojus \u0161i\u0105 YOUNGBLOOD pudr\u0105 makia\u017eas atrodys nepriekai\u0161tingai ne tik realyb\u0117je, bet ir nuotraukose ar vaizdo \u012fra\u0161uose. Be to, \u0161ios priemon\u0117s d\u0117ka labai lengva pataisyti ir at\u017evie\u017einti makia\u017e\u0105 \u2013 pudra yra bespalv\u0117, tod\u0117l dienos eigoje galima dengti kelet\u0105 jos sluoksni\u0173. Produktas tinkamas naudoti tiek kasdieniam, tiek profesionaliam makia\u017eui atlikti. <\/p>\n<p>Pagrindiniai ingredientai:<\/p>\n<p>    Saldymed\u017eio \u0161akn\u0173 ekstraktas (Licorice Root Extract) \u2013 akivaizd\u017eiai \u0161viesina od\u0105, ma\u017eina tamsi\u0173 d\u0117meli\u0173, hiperpigmentacijos ir raudonio atsiradimo galimyb\u0119<br \/>\n    Vitaminas E \u2013 dr\u0117kina ir ramina saus\u0105, sudirgusi\u0105 od\u0105, taip saugodamas j\u0105 nuo aplinkos tar\u0161os<br \/>\n    Magnio karbonato (Rhodochrosite) ir cinko karbonato (Smithsonite) ekstraktas \u2013  saugo od\u0105 nuo \u017ealingo aplinkos poveikio ir stiprina jos nat\u016brali\u0105 apsaug\u0105. Reguliuoja kolageno gamyb\u0105 ir padeda odai i\u0161likti jaunatvi\u0161kai<br \/>\n    Nekristalinis kvarcas \u2013 sugeria odos riebal\u0173 pert\u0117kli\u0173, paslepia odos nelygumus \u2013 sulygina poras, rauk\u0161leles ir pan.<\/p>\n<p>Naudojimas:<\/p>\n<p>Denkite produkt\u0105 tam skirtu \u0161epet\u0117liu ant skysta pudra padengto veido. Vietose, kuriose norite stipresnio efekto, produkt\u0105 lengvai \u012ftap\u0161nokite \u012f od\u0105 \u0161epet\u0117liu. <\/p>\n<p>Labiausiai tinka: tinka mi\u0161riai ir riebiai odai. <\/p>\n<p>Ingredientai:<\/p>\n<p>Cyclopentasiloxane, Silica, Dimethicone\/Vinyl Dimethicone Crosspolymer, Caprylyl Glycol, Water (Aqua), Glycyrrhiza Glabra (Licorice) Root Extract, Menthol, Methyl Lactate, Tocopheryl Acetate, Rhodochrosite Extract, Smithsonite Extract, Phenoxyethanol, Sorbic Acid. MAY CONTAIN (+\/-): Iron Oxides (CI 77491, CI 77492).<\/p>\n","protected":false},"excerpt":{"rendered":"<p>    Suma\u017eina nepageidaujam\u0105 odos blizg\u0117jim\u0105<br \/>\n    Suteikia \u0161ilkin\u012f matin\u012f efekt\u0105<br \/>\n    Maskuoja nelygumus, nepageidaujamus randelius<\/p>\n","protected":false},"featured_media":10655,"comment_status":"open","ping_status":"closed","template":"","meta":[],"product_cat":[218,241],"product_tag":[],"class_list":{"0":"post-10654","1":"product","2":"type-product","3":"status-publish","4":"has-post-thumbnail","6":"product_cat-makiazas","7":"product_cat-sausos-ir-birios-pudros","9":"first","10":"instock","11":"shipping-taxable","12":"purchasable","13":"product-type-simple"},"_links":{"self":[{"href":"https:\/\/nextglow.lt\/en\/wp-json\/wp\/v2\/product\/10654","targetHints":{"allow":["GET"]}}],"collection":[{"href":"https:\/\/nextglow.lt\/en\/wp-json\/wp\/v2\/product"}],"about":[{"href":"https:\/\/nextglow.lt\/en\/wp-json\/wp\/v2\/types\/product"}],"replies":[{"embeddable":true,"href":"https:\/\/nextglow.lt\/en\/wp-json\/wp\/v2\/comments?post=10654"}],"wp:featuredmedia":[{"embeddable":true,"href":"https:\/\/nextglow.lt\/en\/wp-json\/wp\/v2\/media\/10655"}],"wp:attachment":[{"href":"https:\/\/nextglow.lt\/en\/wp-json\/wp\/v2\/media?parent=10654"}],"wp:term":[{"taxonomy":"product_cat","embeddable":true,"href":"https:\/\/nextglow.lt\/en\/wp-json\/wp\/v2\/product_cat?post=10654"},{"taxonomy":"product_tag","embeddable":true,"href":"https:\/\/nextglow.lt\/en\/wp-json\/wp\/v2\/product_tag?post=10654"}],"curies":[{"name":"wp","href":"https:\/\/api.w.org\/{rel}","templated":true}]}}