{"id":10659,"date":"2024-06-27T20:17:27","date_gmt":"2024-06-27T17:17:27","guid":{"rendered":"https:\/\/nextglow.lt\/?post_type=product&#038;p=10659"},"modified":"2024-06-27T20:18:37","modified_gmt":"2024-06-27T17:18:37","slug":"youngblood-antakiu-piestukas-su-sukytemis-on-point-brow-defining-pencil","status":"publish","type":"product","link":"https:\/\/nextglow.lt\/en\/produktas\/youngblood-antakiu-piestukas-su-sukytemis-on-point-brow-defining-pencil\/","title":{"rendered":"YOUNGBLOOD antaki\u0173 pie\u0161tukas su \u0161ukyt\u0117mis \u201eOn Point Brow Defining Pencil\u201c"},"content":{"rendered":"<p>YOUNGBLOOD suk\u016br\u0117 \u0161\u012f stipriai pigmentuot\u0105, kar\u0161\u010diui ir dr\u0117gmei atspar\u0173 antaki\u0173 pie\u0161tuk\u0105, tam, kad kiekviena moteris gal\u0117t\u0173 d\u017eiaugtis tobulais antakiais kasdien. Vitaminai C ir E, stiprina ir suteikia 10 valand\u0173 nepriekai\u0161ting\u0105 matin\u0119 spalv\u0105. Pie\u0161tukas i\u0161silaiko gerai net ir prie auk\u0161tos temperat\u016bros, suprakaitavus ar su\u0161lapus. <\/p>\n<p>Tinka: Visiems <\/p>\n<p>Privalumai:<\/p>\n<p>    Atsparus dr\u0117gmei ir kar\u0161\u010diui<br \/>\n    Suteikia nepriekai\u0161ting\u0105, matin\u0119 spalv\u0105<br \/>\n    Stipriai pigmentuotas<\/p>\n<p>Pie\u0161tuko pagalba suformuokite ir u\u017epildykite antakius, o tada pra\u0161ukuokite juos specialiomis \u0161ukyt\u0117mis, taip antakiai atrodys dar nat\u016braliau. D\u0117ka nat\u016bralios savo sud\u0117ties produktas nedaro jokio neigiamo poveikio odai, tod\u0117l yra galimas naudoti kasdien. Pie\u0161tukas i\u0161silaiko gerai net ir prie auk\u0161tos temperat\u016bros, suprakaitavus ar  su\u0161lapus. I\u0161sirinkite Jums labiausiai tinkant\u012f atspalv\u012f ir d\u017eiaukit\u0117s nepriekai\u0161tingai atrodan\u010diais antakiais ir J\u016bs! <\/p>\n<p>Pagrindiniai ingredientai: <\/p>\n<p>    Mica mineralai \u2013 sukuria \u0161ilkin\u0119 tekst\u016br\u0105 ir suteikia subtilaus blizgesio<br \/>\n    Vitaminas E \u2013 dr\u0117kina ir ramina saus\u0105, sudirgusi\u0105 od\u0105, taip saugodamas j\u0105 nuo aplinkos tar\u0161os<br \/>\n    Vitaminas C \u2013 pasi\u017eymi dideliu antioksidant\u0173 kiekiu, saugo od\u0105 nuo neigiamo aplinkos poveikio <\/p>\n<p>Naudojimas:<\/p>\n<p>Pie\u0161tuko pagalba suformuokite ir u\u017epildykite antakius, o tada pra\u0161ukuokite juos specialiomis \u0161ukyt\u0117mis, taip antakiai atrodys dar nat\u016braliau<\/p>\n<p>Ingredientai:<\/p>\n<p>Diisostearyl Malate, Caprylic\/Capric Triglyceride, C20-40 Acid, C20-40 Alcohols, Polyethylene, Synthetic Wax, Isoamyl Laurate, Glyceryl Behenate\/Eicosadioate, Ethylcellulose, Boron Nitrate, Tocopherol, Ascorbyl Palmitate. MAY CONTAIN (+\/-): Mica (CI 77019), Titanium Dioxide (CI 77891), Iron Oxide (CI 77491, CI 77492, CI 77499). <\/p>\n","protected":false},"excerpt":{"rendered":"<p>    Atsparus dr\u0117gmei ir kar\u0161\u010diui<br \/>\n    Suteikia nepriekai\u0161ting\u0105, matin\u0119 spalv\u0105<br \/>\n    Stipriai pigmentuotas<\/p>\n","protected":false},"featured_media":10671,"comment_status":"open","ping_status":"closed","template":"","meta":[],"product_cat":[251],"product_tag":[],"class_list":{"0":"post-10659","1":"product","2":"type-product","3":"status-publish","4":"has-post-thumbnail","6":"product_cat-antakiu-koregavimas","7":"pa_spalva-blonde","8":"pa_spalva-dark-brown","9":"pa_spalva-soft-brown","11":"first","12":"instock","13":"shipping-taxable","14":"purchasable","15":"product-type-variable"},"_links":{"self":[{"href":"https:\/\/nextglow.lt\/en\/wp-json\/wp\/v2\/product\/10659","targetHints":{"allow":["GET"]}}],"collection":[{"href":"https:\/\/nextglow.lt\/en\/wp-json\/wp\/v2\/product"}],"about":[{"href":"https:\/\/nextglow.lt\/en\/wp-json\/wp\/v2\/types\/product"}],"replies":[{"embeddable":true,"href":"https:\/\/nextglow.lt\/en\/wp-json\/wp\/v2\/comments?post=10659"}],"wp:featuredmedia":[{"embeddable":true,"href":"https:\/\/nextglow.lt\/en\/wp-json\/wp\/v2\/media\/10671"}],"wp:attachment":[{"href":"https:\/\/nextglow.lt\/en\/wp-json\/wp\/v2\/media?parent=10659"}],"wp:term":[{"taxonomy":"product_cat","embeddable":true,"href":"https:\/\/nextglow.lt\/en\/wp-json\/wp\/v2\/product_cat?post=10659"},{"taxonomy":"product_tag","embeddable":true,"href":"https:\/\/nextglow.lt\/en\/wp-json\/wp\/v2\/product_tag?post=10659"}],"curies":[{"name":"wp","href":"https:\/\/api.w.org\/{rel}","templated":true}]}}