{"id":10678,"date":"2024-06-27T20:26:12","date_gmt":"2024-06-27T17:26:12","guid":{"rendered":"https:\/\/nextglow.lt\/?post_type=product&#038;p=10678"},"modified":"2024-06-27T20:26:12","modified_gmt":"2024-06-27T17:26:12","slug":"youngblood-konturuojantis-bronzantas-defining-bronzer","status":"publish","type":"product","link":"https:\/\/nextglow.lt\/en\/produktas\/youngblood-konturuojantis-bronzantas-defining-bronzer\/","title":{"rendered":"YOUNGBLOOD kont\u016bruojantis bronzantas \u201eDefining Bronzer\u201c"},"content":{"rendered":"<p>I\u0161laikykite sveiko ir \u012fdegusio veido \u012fsp\u016bd\u012f visus metus naudojant vos vien\u0105 kosmetikos priemon\u0119! <\/p>\n<p>R\u016bpindamiesi J\u016bs\u0173 odos sveikata ir gro\u017eiu YOUNGBLOOD suk\u016br\u0117 \u0161\u012f universal\u0173 produkt\u0105 \u2013 tai kompaktiniai skaistalai, bronzantas ir iluminatorius viename. Jo d\u0117ka pary\u0161kinsite veido kont\u016brus, suteiksite veidui gyvyb\u0117s ir \u0161vyt\u0117jimo. Produkt\u0105 galima naudoti ir dekolte zonai gra\u017einti. Taip pat galima naudoti ir kaip aki\u0173 \u0161e\u0161\u0117lius. \u0160i priemon\u0117 neapsunkina odos ir yra tinkama visiems odos tipams. <\/p>\n<p>Tinka: Visiems odos tipams<\/p>\n<p>Naudojimas:<\/p>\n<p>Naudodami skruost\u0173 \u0161epet\u0117l\u012f, tepkite ant skruost\u0173 \u012fdubim\u0173, i\u0161ilgai plauk\u0173 linijos ir per \u017eandikaulio linij\u0105 arba naudokite YB2 pudros \u0161epet\u0117l\u012f, kad suteiktumete odai nat\u016bralaus \u012fdegio atspalv\u012f<\/p>\n<p>Ingredientai:<\/p>\n<p>SOLEIL Shade Ingredients: Mica, Triethylhexanoin, Zinc Stearate, Dimethicone, Boron Nitride, Phenoxyethanol, Silica Silylate, Ethylhexylglycerin. MAY CONTAIN (+\/-): Titanium Dioxide (CI 77891), Iron Oxides (CI 77491, CI 77492, CI 77499). Net Wt. 0.28 Oz \/ 8 g<\/p>\n","protected":false},"excerpt":{"rendered":"<p>    Skaistalai, iliuminatorius ir bronzantas viename<br \/>\n    Suteikia veidui gyvyb\u0117s ir \u0161vyt\u0117jimo<br \/>\n    Galima naudoti kaip aki\u0173 \u0161e\u0161\u0117lius<\/p>\n","protected":false},"featured_media":10679,"comment_status":"open","ping_status":"closed","template":"","meta":[],"product_cat":[218,238,73],"product_tag":[],"class_list":{"0":"post-10678","1":"product","2":"type-product","3":"status-publish","4":"has-post-thumbnail","6":"product_cat-makiazas","7":"product_cat-veido-konturavimas-skaistalai","8":"product_cat-veidui","10":"first","11":"instock","12":"shipping-taxable","13":"purchasable","14":"product-type-simple"},"_links":{"self":[{"href":"https:\/\/nextglow.lt\/en\/wp-json\/wp\/v2\/product\/10678","targetHints":{"allow":["GET"]}}],"collection":[{"href":"https:\/\/nextglow.lt\/en\/wp-json\/wp\/v2\/product"}],"about":[{"href":"https:\/\/nextglow.lt\/en\/wp-json\/wp\/v2\/types\/product"}],"replies":[{"embeddable":true,"href":"https:\/\/nextglow.lt\/en\/wp-json\/wp\/v2\/comments?post=10678"}],"wp:featuredmedia":[{"embeddable":true,"href":"https:\/\/nextglow.lt\/en\/wp-json\/wp\/v2\/media\/10679"}],"wp:attachment":[{"href":"https:\/\/nextglow.lt\/en\/wp-json\/wp\/v2\/media?parent=10678"}],"wp:term":[{"taxonomy":"product_cat","embeddable":true,"href":"https:\/\/nextglow.lt\/en\/wp-json\/wp\/v2\/product_cat?post=10678"},{"taxonomy":"product_tag","embeddable":true,"href":"https:\/\/nextglow.lt\/en\/wp-json\/wp\/v2\/product_tag?post=10678"}],"curies":[{"name":"wp","href":"https:\/\/api.w.org\/{rel}","templated":true}]}}