{"id":10683,"date":"2024-06-27T20:36:00","date_gmt":"2024-06-27T17:36:00","guid":{"rendered":"https:\/\/nextglow.lt\/?post_type=product&#038;p=10683"},"modified":"2024-06-27T20:36:27","modified_gmt":"2024-06-27T17:36:27","slug":"youngblood-mineraliniai-skaistalai-mineral-radiance-sundance","status":"publish","type":"product","link":"https:\/\/nextglow.lt\/en\/produktas\/youngblood-mineraliniai-skaistalai-mineral-radiance-sundance\/","title":{"rendered":"YOUNGBLOOD Mineraliniai skaistalai &#8220;Mineral Radiance&#8221; Sundance"},"content":{"rendered":"<p>\u201eViskas viename\u201c minerain\u0117 pudra, kuri veikia kaip skaistalas + bronzantas + highlighter&#8217;is \u201eSundance\u201c kompakti\u0161kas rinkinys- viskas ko gali prireikti nepriekai\u0161tingam veido spindesiui. Naudokite j\u012f tam tikroms vietoms pary\u0161kinti arba lengvai perbraukite vis\u0105 veid\u0105, kad atrodytum\u0117te nat\u016braliai \u012fdeg\u0119. Galima naudoti ir akims.<br \/>\nPrivalumai:<\/p>\n<p>    Gali b\u016bti naudojamas kaip aki\u0173 \u0161e\u0161\u0117liai, skaistalai arba viso k\u016bno pary\u0161kinimas\/bronzeris.<br \/>\n    Suteikia spindesio<br \/>\n    Puikiai tinka keliaujantiems<\/p>\n<p>Tinka: Visiems odos tipams <\/p>\n","protected":false},"excerpt":{"rendered":"<p>    Gali b\u016bti naudojamas kaip aki\u0173 \u0161e\u0161\u0117liai, skaistalai arba viso k\u016bno pary\u0161kinimas\/bronzeris.<br \/>\n    Suteikia spindesio<br \/>\n    Puikiai tinka keliaujantiems<\/p>\n","protected":false},"featured_media":10685,"comment_status":"open","ping_status":"closed","template":"","meta":[],"product_cat":[218,238,73],"product_tag":[],"class_list":{"0":"post-10683","1":"product","2":"type-product","3":"status-publish","4":"has-post-thumbnail","6":"product_cat-makiazas","7":"product_cat-veido-konturavimas-skaistalai","8":"product_cat-veidui","10":"first","11":"instock","12":"shipping-taxable","13":"purchasable","14":"product-type-simple"},"_links":{"self":[{"href":"https:\/\/nextglow.lt\/en\/wp-json\/wp\/v2\/product\/10683","targetHints":{"allow":["GET"]}}],"collection":[{"href":"https:\/\/nextglow.lt\/en\/wp-json\/wp\/v2\/product"}],"about":[{"href":"https:\/\/nextglow.lt\/en\/wp-json\/wp\/v2\/types\/product"}],"replies":[{"embeddable":true,"href":"https:\/\/nextglow.lt\/en\/wp-json\/wp\/v2\/comments?post=10683"}],"wp:featuredmedia":[{"embeddable":true,"href":"https:\/\/nextglow.lt\/en\/wp-json\/wp\/v2\/media\/10685"}],"wp:attachment":[{"href":"https:\/\/nextglow.lt\/en\/wp-json\/wp\/v2\/media?parent=10683"}],"wp:term":[{"taxonomy":"product_cat","embeddable":true,"href":"https:\/\/nextglow.lt\/en\/wp-json\/wp\/v2\/product_cat?post=10683"},{"taxonomy":"product_tag","embeddable":true,"href":"https:\/\/nextglow.lt\/en\/wp-json\/wp\/v2\/product_tag?post=10683"}],"curies":[{"name":"wp","href":"https:\/\/api.w.org\/{rel}","templated":true}]}}