{"id":10700,"date":"2024-09-10T12:16:47","date_gmt":"2024-09-10T09:16:47","guid":{"rendered":"https:\/\/nextglow.lt\/?post_type=product&#038;p=10700"},"modified":"2024-12-29T19:39:06","modified_gmt":"2024-12-29T17:39:06","slug":"kreminis-akiu-pravedimas","status":"publish","type":"product","link":"https:\/\/nextglow.lt\/en\/produktas\/kreminis-akiu-pravedimas\/","title":{"rendered":"Kreminis aki\u0173 pravedimas"},"content":{"rendered":"<div class=\"product__description rte quick-add-hidden\">\n<p>Stipriai pigmentuotas pravedimas. Galima naudoti dvejopai: tepti dr\u0117gnu \u0161epet\u0117liu ir gausite intensyvi\u0105 spalv\u0105; arba tepti sausu \u0161epet\u0117liu ir tuomet gausite lengv\u0105 d\u016bmin\u012f efekt\u0105.<\/p>\n<p>Spalva &#8211; juoda.<\/p>\n<p>2,5g<\/p>\n<\/div>\n","protected":false},"excerpt":{"rendered":"<p>Stipriai pigmentuotas pravedimas. Galima naudoti dvejopai: tepti dr\u0117gnu \u0161epet\u0117liu ir gausite intensyvi\u0105 spalv\u0105; arba tepti sausu \u0161epet\u0117liu ir tuomet gausite<\/p>\n","protected":false},"featured_media":10702,"comment_status":"open","ping_status":"closed","template":"","meta":[],"product_cat":[237,218],"product_tag":[],"class_list":{"0":"post-10700","1":"product","2":"type-product","3":"status-publish","4":"has-post-thumbnail","6":"product_cat-akiu-seseliai","7":"product_cat-makiazas","9":"first","10":"instock","11":"shipping-taxable","12":"purchasable","13":"product-type-simple"},"_links":{"self":[{"href":"https:\/\/nextglow.lt\/en\/wp-json\/wp\/v2\/product\/10700","targetHints":{"allow":["GET"]}}],"collection":[{"href":"https:\/\/nextglow.lt\/en\/wp-json\/wp\/v2\/product"}],"about":[{"href":"https:\/\/nextglow.lt\/en\/wp-json\/wp\/v2\/types\/product"}],"replies":[{"embeddable":true,"href":"https:\/\/nextglow.lt\/en\/wp-json\/wp\/v2\/comments?post=10700"}],"wp:featuredmedia":[{"embeddable":true,"href":"https:\/\/nextglow.lt\/en\/wp-json\/wp\/v2\/media\/10702"}],"wp:attachment":[{"href":"https:\/\/nextglow.lt\/en\/wp-json\/wp\/v2\/media?parent=10700"}],"wp:term":[{"taxonomy":"product_cat","embeddable":true,"href":"https:\/\/nextglow.lt\/en\/wp-json\/wp\/v2\/product_cat?post=10700"},{"taxonomy":"product_tag","embeddable":true,"href":"https:\/\/nextglow.lt\/en\/wp-json\/wp\/v2\/product_tag?post=10700"}],"curies":[{"name":"wp","href":"https:\/\/api.w.org\/{rel}","templated":true}]}}