{"id":10716,"date":"2024-12-29T16:26:59","date_gmt":"2024-12-29T14:26:59","guid":{"rendered":"https:\/\/nextglow.lt\/?post_type=product&#038;p=10716"},"modified":"2026-03-24T22:33:17","modified_gmt":"2026-03-24T20:33:17","slug":"qiqi-hydration-fixation-kondicionierius","status":"publish","type":"product","link":"https:\/\/nextglow.lt\/en\/produktas\/qiqi-hydration-fixation-kondicionierius\/","title":{"rendered":"QIQI Hydration Fixation kondicionierius 300ml."},"content":{"rendered":"<p>Naudojimas: <span class=\"HwtZe\" lang=\"lt\"><span class=\"jCAhz ChMk0b\"><span class=\"ryNqvb\">Gausiai tepkite nuo vir\u0161ugalvio iki galiuk\u0173 po \u201eSmooth Service&#8221; \u0161amp\u016bno.<\/span><\/span> <span class=\"jCAhz ChMk0b\"><span class=\"ryNqvb\">Palikite 2-3 minutes.<\/span><\/span> <span class=\"jCAhz ChMk0b\"><span class=\"ryNqvb\">Kruop\u0161\u010diai nuplaukite.<\/span><\/span><\/span><\/p>\n<p>Ingredientai: Water\/Aqua\/Eau, Glycerin, Cetyl Alcohol, Cetearyl Alcohol, Cetyl Esters, Stearamidopropyl Dimethylamine, Behentrimonium Methosulfate,\u202fAmodimethicone, Lactic Acid, Phenoxyethanol, Parfum (Fragrance), Butylene Glycol, Polyquaternium-10, Citric Acid, Caprylyl Glycol, Chlorphenesin, Cetrimonium Chloride, Trideceth-12, Amines, C16-22-alkyldimethyl, Acetic Acid, Sodium Benzoate, Benzyl Salicylate, Linalool.<\/p>\n","protected":false},"excerpt":{"rendered":"<p>Pasinerkite \u012f neprilygstamo dr\u0117kinimo karalyst\u0119, kur pramon\u0117je pirmaujanti technologija susilieja su neprilygstama patirtimi, kad \u012fkv\u0117pt\u0173 j\u016bs\u0173 brangiems plaukams naujos gyvyb\u0117s. M\u016bs\u0173<strong> QIQI Hydration Fixation <\/strong>kondicionierius sukurtas taip, kad numal\u0161int\u0173 net labiausiai i\u0161tro\u0161kusius plaukus, bei padaryt\u0173 juos sveikesnius ir \u017evilgan\u010dius. M\u016bs\u0173 formul\u0117s pagrindas yra paprastumas ir kokyb\u0117, o Hydration Fixation kondicionierius yra transcendentinis eliksyras, kuris numal\u0161ina giliausi\u0105 vis\u0173 tip\u0173 plauk\u0173 tro\u0161kul\u012f, atkuria ir stiprina, atskleid\u017eia plauk\u0173 strukt\u016br\u0105. sveikesni\u0173 plauk\u0173 vizija, kuri pranoksta j\u016bs\u0173 dr\u0105siausias svajones.<span lang=\"LT\"> 300 ml<\/span><\/p>\n<p><strong>Privalumai:<\/strong><\/p>\n<ul>\n<li>Glotnina<\/li>\n<li>Dr\u0117kina<\/li>\n<li>Mink\u0161tina<\/li>\n<li>Maitina<\/li>\n<\/ul>\n","protected":false},"featured_media":10726,"comment_status":"open","ping_status":"closed","template":"","meta":[],"product_cat":[279,72,146],"product_tag":[],"class_list":{"0":"post-10716","1":"product","2":"type-product","3":"status-publish","4":"has-post-thumbnail","6":"product_cat-qiqi-kondicionierius-plaukams","7":"product_cat-plaukams","8":"product_cat-kondicionierius-plaukams","10":"first","11":"instock","12":"shipping-taxable","13":"purchasable","14":"product-type-simple"},"_links":{"self":[{"href":"https:\/\/nextglow.lt\/en\/wp-json\/wp\/v2\/product\/10716","targetHints":{"allow":["GET"]}}],"collection":[{"href":"https:\/\/nextglow.lt\/en\/wp-json\/wp\/v2\/product"}],"about":[{"href":"https:\/\/nextglow.lt\/en\/wp-json\/wp\/v2\/types\/product"}],"replies":[{"embeddable":true,"href":"https:\/\/nextglow.lt\/en\/wp-json\/wp\/v2\/comments?post=10716"}],"wp:featuredmedia":[{"embeddable":true,"href":"https:\/\/nextglow.lt\/en\/wp-json\/wp\/v2\/media\/10726"}],"wp:attachment":[{"href":"https:\/\/nextglow.lt\/en\/wp-json\/wp\/v2\/media?parent=10716"}],"wp:term":[{"taxonomy":"product_cat","embeddable":true,"href":"https:\/\/nextglow.lt\/en\/wp-json\/wp\/v2\/product_cat?post=10716"},{"taxonomy":"product_tag","embeddable":true,"href":"https:\/\/nextglow.lt\/en\/wp-json\/wp\/v2\/product_tag?post=10716"}],"curies":[{"name":"wp","href":"https:\/\/api.w.org\/{rel}","templated":true}]}}