{"id":10723,"date":"2024-12-29T16:54:04","date_gmt":"2024-12-29T14:54:04","guid":{"rendered":"https:\/\/nextglow.lt\/?post_type=product&#038;p=10723"},"modified":"2026-03-24T22:31:17","modified_gmt":"2026-03-24T20:31:17","slug":"qiqi-smooth-service-sampunas","status":"publish","type":"product","link":"https:\/\/nextglow.lt\/en\/produktas\/qiqi-smooth-service-sampunas\/","title":{"rendered":"QIQI Smooth Service \u0161amp\u016bnas"},"content":{"rendered":"<div class=\"layoutArea\">\n<div class=\"column\">\n<p><span lang=\"LT\">Atraskite m\u016bs\u0173 <strong>QIQI Smooth Service<\/strong> \u0161amp\u016bno \u017eaves\u012f \u2013 tobul\u0105 meno ir mokslo derin\u012f. Giliai dr\u0117kinantis \u0161amp\u016bnas, kuris glotnina, \u0161velnina ir stiprina plaukus. Sukurta itin paprastai, bet \u0161i viliojanti formul\u0117 nepalieka ne\u0161varum\u0173 ar susikaupim\u0173 p\u0117dsak\u0173 jau po pirmo plovimo, o plaukai taps glotn\u016bs ir primaitinti. <span class=\"HwtZe\" lang=\"lt\"><span class=\"jCAhz ChMk0b\"><span class=\"ryNqvb\">Minimalistin\u0117 formul\u0117, kuri\u0105 sudaro tik 16 ingredient\u0173, suteikia \u0161var\u0173 blizges\u012f ir nenumaldomai \u0161velnius plaukus.<\/span><\/span> <\/span>. Pasiduokite \u017eavingam poky\u010diui ir j\u016bs\u0173 plaukai taps gro\u017eio \u0161edevru. <\/span><span lang=\"LT\">(300 ml \/ 1000 ml)<\/span><\/p>\n<p>Ingredientai:Water\/Aqua\/Eau, Sodium Coceth Sulfate, Cocamidopropyl Betaine, Cocamide DEA, Parfum (Fragrance), Glycerin, Polyquaternium-7, Phenoxyethanol, Polysorbate 20, Caprylyl Glycol, Lactic Acid, Chlorphenesin, Polyquaternium-10, Citric Acid, Sodium Benzoate, Sodium Chloride, Benzyl Salicylate, Linalool, Limonene.<\/p>\n<\/div>\n<\/div>\n","protected":false},"excerpt":{"rendered":"<ul>\n<li>\u0160velniai i\u0161valo ne\u0161varumus ir produkt\u0173 liku\u010dius<\/li>\n<li>Glotnina<\/li>\n<li>Dr\u0117kina<\/li>\n<li>Mink\u0161tina<\/li>\n<li>Maitina<\/li>\n<li>Atsargiai: nusimato pastovus plauk\u0173 glostymas!<\/li>\n<\/ul>\n","protected":false},"featured_media":10724,"comment_status":"open","ping_status":"closed","template":"","meta":[],"product_cat":[278,72,76],"product_tag":[],"class_list":{"0":"post-10723","1":"product","2":"type-product","3":"status-publish","4":"has-post-thumbnail","6":"product_cat-qiqi-plaukams-sampunas","7":"product_cat-plaukams","8":"product_cat-plaukams-sampunas","10":"first","11":"instock","12":"shipping-taxable","13":"purchasable","14":"product-type-simple"},"_links":{"self":[{"href":"https:\/\/nextglow.lt\/en\/wp-json\/wp\/v2\/product\/10723","targetHints":{"allow":["GET"]}}],"collection":[{"href":"https:\/\/nextglow.lt\/en\/wp-json\/wp\/v2\/product"}],"about":[{"href":"https:\/\/nextglow.lt\/en\/wp-json\/wp\/v2\/types\/product"}],"replies":[{"embeddable":true,"href":"https:\/\/nextglow.lt\/en\/wp-json\/wp\/v2\/comments?post=10723"}],"wp:featuredmedia":[{"embeddable":true,"href":"https:\/\/nextglow.lt\/en\/wp-json\/wp\/v2\/media\/10724"}],"wp:attachment":[{"href":"https:\/\/nextglow.lt\/en\/wp-json\/wp\/v2\/media?parent=10723"}],"wp:term":[{"taxonomy":"product_cat","embeddable":true,"href":"https:\/\/nextglow.lt\/en\/wp-json\/wp\/v2\/product_cat?post=10723"},{"taxonomy":"product_tag","embeddable":true,"href":"https:\/\/nextglow.lt\/en\/wp-json\/wp\/v2\/product_tag?post=10723"}],"curies":[{"name":"wp","href":"https:\/\/api.w.org\/{rel}","templated":true}]}}