{"id":10734,"date":"2024-12-29T17:57:53","date_gmt":"2024-12-29T15:57:53","guid":{"rendered":"https:\/\/nextglow.lt\/?post_type=product&#038;p=10734"},"modified":"2026-03-24T22:30:27","modified_gmt":"2026-03-24T20:30:27","slug":"qiqi-porosity-play-spray-dulksna-250ml","status":"publish","type":"product","link":"https:\/\/nextglow.lt\/en\/produktas\/qiqi-porosity-play-spray-dulksna-250ml\/","title":{"rendered":"QIQI Porosity Play Spray dulksna 250ml"},"content":{"rendered":"","protected":false},"excerpt":{"rendered":"<div class=\"woocommerce-product-details__short-description\">\n<div class=\"page\" title=\"Page 4\">\n<div class=\"section\">\n<div class=\"layoutArea\">\n<div class=\"column\">\n<p><span lang=\"LT\">Glotn\u016bs, atstatyti ir apsaugoti plaukai su m\u016bs\u0173 <strong>QIQI Porosity Play Spray<\/strong> dulksna. \u0160iluma aktyvuojama dulksna jau po vieno naudojimo suteikia plaukams \u0161velnumo, \u017evilgesio ir padaro juos sveikesnius. Atkurkite ir apsaugokite plaukus nuo b\u016bsimos kar\u0161\u010dio, dr\u0117gm\u0117s ar aplinkos \u017ealos, naudodami m\u016bs\u0173 \u0161iluma aktyvuojam\u0105 formul\u0119. \u0160i dr\u0117gmei atspari formul\u0117 nenuilstamai glotnina, stiprina ir suteikia plaukams \u017evilgesio. Su kar\u0161\u010dio apsauga iki 450\u00b0 F \/ 230\u00b0 C, ji veikia kaip skydas nuo pa\u017eeidim\u0173 ir padeda i\u0161saugoti j\u016bs\u0173 plauk\u0173 spalvos gyvybingum\u0105. Porosity Play Spray yra viskas, ko jums reikia nepriekai\u0161tingiems, lyg k\u0105 tik i\u0161 salono i\u0161\u0161\u0117jusiems plaukams. <\/span><span lang=\"LT\">(250 ml)<\/span><\/p>\n<p>&nbsp;<\/p>\n<p><strong>Privalumai:<\/strong><\/p>\n<\/div>\n<\/div>\n<\/div>\n<\/div>\n<ul>\n<li>\u0160iluma aktyvuojama dulksna<\/li>\n<li>Atstatanti<\/li>\n<li>Suteikia plaukams apsaug\u0105 nuo kar\u0161\u010dio<\/li>\n<li>Padeda apsisaugoti nuo spalvos i\u0161blukimo<\/li>\n<li>Atsparus dr\u0117gmei<\/li>\n<li>Glotnina<\/li>\n<li>Stiprina<\/li>\n<li>Suteikia ypating\u0105 \u017evilges\u012f<\/li>\n<\/ul>\n<\/div>\n","protected":false},"featured_media":10735,"comment_status":"open","ping_status":"closed","template":"","meta":[],"product_cat":[273,72,126],"product_tag":[],"class_list":{"0":"post-10734","1":"product","2":"type-product","3":"status-publish","4":"has-post-thumbnail","6":"product_cat-qiqi","7":"product_cat-plaukams","8":"product_cat-fluidas-purskiklis-plaukams","10":"first","11":"outofstock","12":"shipping-taxable","13":"purchasable","14":"product-type-simple"},"_links":{"self":[{"href":"https:\/\/nextglow.lt\/en\/wp-json\/wp\/v2\/product\/10734","targetHints":{"allow":["GET"]}}],"collection":[{"href":"https:\/\/nextglow.lt\/en\/wp-json\/wp\/v2\/product"}],"about":[{"href":"https:\/\/nextglow.lt\/en\/wp-json\/wp\/v2\/types\/product"}],"replies":[{"embeddable":true,"href":"https:\/\/nextglow.lt\/en\/wp-json\/wp\/v2\/comments?post=10734"}],"wp:featuredmedia":[{"embeddable":true,"href":"https:\/\/nextglow.lt\/en\/wp-json\/wp\/v2\/media\/10735"}],"wp:attachment":[{"href":"https:\/\/nextglow.lt\/en\/wp-json\/wp\/v2\/media?parent=10734"}],"wp:term":[{"taxonomy":"product_cat","embeddable":true,"href":"https:\/\/nextglow.lt\/en\/wp-json\/wp\/v2\/product_cat?post=10734"},{"taxonomy":"product_tag","embeddable":true,"href":"https:\/\/nextglow.lt\/en\/wp-json\/wp\/v2\/product_tag?post=10734"}],"curies":[{"name":"wp","href":"https:\/\/api.w.org\/{rel}","templated":true}]}}