{"id":10737,"date":"2024-12-29T18:41:20","date_gmt":"2024-12-29T16:41:20","guid":{"rendered":"https:\/\/nextglow.lt\/?post_type=product&#038;p=10737"},"modified":"2026-03-24T21:49:46","modified_gmt":"2026-03-24T19:49:46","slug":"qiqi-super-soaker-smoothing-kauke-250ml","status":"publish","type":"product","link":"https:\/\/nextglow.lt\/en\/produktas\/qiqi-super-soaker-smoothing-kauke-250ml\/","title":{"rendered":"QIQI Super Soaker Smoothing kauk\u0117 250ml"},"content":{"rendered":"<p>Naudojimas: Paskirstykite plauk\u0173 kauk\u0119 per vis\u0105 plauko ilg\u012f ir leiskite \u012fsigerti nuo 5 iki 20 min. Gerai i\u0161skalaukite vandeniu.<\/p>\n<p>Ingredientai: Water\/Aqua\/Eau, Cetyl Alcohol, Cetearyl Alcohol, Cetyl Esters, Stearamidopropyl Dimethylamine, Glycerin, Amodimethicone, Dimethicone, Behentrimonium Methosulfate, Quaternium-91, Behentrimonium Chloride, Lactic Acid, Caprylyl Glycol, Trideceth-12, Butylene Glycol, Myristyl Myristate, Parfum (Fragrance), Phenoxyethanol, Polyquaternium-10, Chlorphenesin, Citric Acid, Amines, C16-22-alkyldimethyl, Acetic Acid, Sodium Benzoate, Sodium Chloride, Benzyl Salicylate, Linalool.<\/p>\n","protected":false},"excerpt":{"rendered":"<div class=\"woocommerce-product-details__short-description\">\n<div class=\"page\" title=\"Page 4\">\n<div class=\"section\">\n<div class=\"layoutArea\">\n<div class=\"column\">\n<p><span lang=\"LT\">Pasim\u0117gaukite puikia plauk\u0173 sausum\u0105 suma\u017einan\u010dia <strong>QIQI Super Soaker Smoothing <\/strong>kauke. D\u0117l ekspert\u0173 sukurtos minimalistin\u0117s formul\u0117s ir stipraus maitinam\u0173j\u0173 ingredient\u0173 mi\u0161inio, \u012fskaitant dr\u0117kinam\u0105sias med\u017eiagas ir augalinius ekstraktus, \u0161i kauk\u0117 intensyviai dr\u0117kina j\u016bs\u0173 plaukus. Pasiduokite gundan\u010diam \u0161ios transformuojan\u010dios kauk\u0117s gl\u0117biui ir leiskite savo plaukams m\u0117gautis ypatingo \u0161velnumo, \u017evilgesio ir gyvybingumo malonumu. Paverskite plaukus nuo blanki\u0173 iki akinan\u010di\u0173. <\/span><span lang=\"LT\">(250 ml | 1000 ml)<\/span><\/p>\n<p>&nbsp;<\/p>\n<p><strong>Privalumai:<\/strong><\/p>\n<\/div>\n<\/div>\n<\/div>\n<\/div>\n<ul>\n<li>Ypatingai dr\u0117kinanti<\/li>\n<li>Maitinanti<\/li>\n<li>Suteikia plaukams \u017evilgesio<\/li>\n<li>Plaukai tampa sveikesni<\/li>\n<\/ul>\n<\/div>\n","protected":false},"featured_media":10742,"comment_status":"open","ping_status":"closed","template":"","meta":[],"product_cat":[72,77,145,139,138,136,137],"product_tag":[],"class_list":{"0":"post-10737","1":"product","2":"type-product","3":"status-publish","4":"has-post-thumbnail","6":"product_cat-plaukams","7":"product_cat-kauke","8":"product_cat-besipuciantiems-siurkstiems-plaukams","9":"product_cat-dazytiems-plaukams","10":"product_cat-garbanotiems-plaukams","11":"product_cat-pazeistiems-plaukams","12":"product_cat-sausiems-plaukams","14":"first","15":"outofstock","16":"shipping-taxable","17":"purchasable","18":"product-type-simple"},"_links":{"self":[{"href":"https:\/\/nextglow.lt\/en\/wp-json\/wp\/v2\/product\/10737","targetHints":{"allow":["GET"]}}],"collection":[{"href":"https:\/\/nextglow.lt\/en\/wp-json\/wp\/v2\/product"}],"about":[{"href":"https:\/\/nextglow.lt\/en\/wp-json\/wp\/v2\/types\/product"}],"replies":[{"embeddable":true,"href":"https:\/\/nextglow.lt\/en\/wp-json\/wp\/v2\/comments?post=10737"}],"wp:featuredmedia":[{"embeddable":true,"href":"https:\/\/nextglow.lt\/en\/wp-json\/wp\/v2\/media\/10742"}],"wp:attachment":[{"href":"https:\/\/nextglow.lt\/en\/wp-json\/wp\/v2\/media?parent=10737"}],"wp:term":[{"taxonomy":"product_cat","embeddable":true,"href":"https:\/\/nextglow.lt\/en\/wp-json\/wp\/v2\/product_cat?post=10737"},{"taxonomy":"product_tag","embeddable":true,"href":"https:\/\/nextglow.lt\/en\/wp-json\/wp\/v2\/product_tag?post=10737"}],"curies":[{"name":"wp","href":"https:\/\/api.w.org\/{rel}","templated":true}]}}