{"id":10780,"date":"2024-12-29T22:37:53","date_gmt":"2024-12-29T20:37:53","guid":{"rendered":"https:\/\/nextglow.lt\/?post_type=product&#038;p=10780"},"modified":"2024-12-29T22:37:53","modified_gmt":"2024-12-29T20:37:53","slug":"qiqi-pro-express-procedura-vidutinio-ilgio-plaukams","status":"publish","type":"product","link":"https:\/\/nextglow.lt\/en\/produktas\/qiqi-pro-express-procedura-vidutinio-ilgio-plaukams\/","title":{"rendered":"QiQi Pro Express proced\u016bra vidutinio ilgio plaukams"},"content":{"rendered":"<div id=\"tab-description\" class=\"entry-content woocommerce-Tabs-panel woocommerce-Tabs-panel--description wd-active panel wc-tab\" role=\"tabpanel\" aria-labelledby=\"tab-title-description\" data-accordion-index=\"description\">\n<div class=\"wc-tab-inner\">\n<p><strong>\u00a0Kuponas galioja 3 m\u0117n. nuo \u012fsigijimo.<\/strong><\/p>\n<p><strong>Kupon\u0105 gausite el. pa\u0161tu arba paruo\u0161ime gra\u017e\u0173 \u0161ventin\u012f kupon\u0105, kur\u012f galit\u0117site atsiimti pas mus centre arba i\u0161si\u0173sime Jums patogiu adresu (reik\u0117t\u0173 \u0161\u012f pageidavim\u0105 para\u0161yti u\u017esakymo pastabose).<\/strong><\/p>\n<\/div>\n<\/div>\n","protected":false},"excerpt":{"rendered":"<div class=\"group\/conversation-turn relative flex w-full min-w-0 flex-col agent-turn\">\n<div class=\"flex-col gap-1 md:gap-3\">\n<div class=\"flex max-w-full flex-col flex-grow\">\n<div class=\"min-h-8 text-message flex w-full flex-col items-end gap-2 whitespace-normal break-words text-start [.text-message+&amp;]:mt-5\" dir=\"auto\" data-message-author-role=\"assistant\" data-message-id=\"72da376d-10b2-4c49-a358-a01860688253\" data-message-model-slug=\"gpt-4o-mini\">\n<div class=\"flex w-full flex-col gap-1 empty:hidden first:pt-[3px]\">\n<div class=\"markdown prose w-full break-words dark:prose-invert light\">\n<p><strong>QiQi Pro Express plauk\u0173 proced\u016bra<\/strong> \u2013 tai pa\u017eangi plauk\u0173 prie\u017ei\u016bros technologija, kuri suteikia daug naudos plaukams. \u0160i proced\u016bra naudojama siekiant pagerinti plauk\u0173 i\u0161vaizd\u0105 ir sveikat\u0105 per trump\u0105 laik\u0105. \u0160tai penkios pagrindin\u0117s QiQi Pro Express plauk\u0173 proced\u016bros naudos:<\/p>\n<ol>\n<li><strong>Intensyvus plauk\u0173 dr\u0117kinimas<\/strong>: QiQi Pro Express proced\u016bra suteikia plaukams gil\u0173 dr\u0117kinim\u0105, kuris padeda atkurti saus\u0173 ir pa\u017eeist\u0173 plauk\u0173 strukt\u016br\u0105. Plaukai tampa mink\u0161tesni ir elastingesni, o j\u0173 \u0161velnumas i\u0161lieka ilg\u0105 laik\u0105.<\/li>\n<li><strong>Plauk\u0173 stiprinimas<\/strong>: Proced\u016bros metu naudojami special\u016bs produktai, kurie stiprina plauk\u0173 \u0161aknis ir ilgesn\u012f laik\u0105 padeda apsaugoti plaukus nuo aplinkos poveikio. Plaukai tampa stipresni ir ma\u017eiau link\u0119 l\u016b\u017eti.<\/li>\n<li><strong>Greitas rezultatas<\/strong>: QiQi Pro Express proced\u016bra puikiai tinka tiems, kurie neturi daug laiko, ta\u010diau nori greitai pasiekti matom\u0105 plauk\u0173 pager\u0117jim\u0105. Proced\u016bra u\u017etrunka nedaug laiko, ta\u010diau suteikia ilgalaikius rezultatus.<\/li>\n<li><strong>Glotn\u016bs ir blizgantys plaukai<\/strong>: Proced\u016bra padeda atkurti plauk\u0173 blizges\u012f ir sveik\u0105 i\u0161vaizd\u0105, suma\u017eindama j\u0173 \u0161iurk\u0161tum\u0105. Plaukai tampa lygesni ir lengviau valdomi.<\/li>\n<li><strong>Odos prie\u017ei\u016bra<\/strong>: QiQi Pro Express proced\u016bra ne tik naudingas plaukams, bet ir teigiamai veikia galvos od\u0105. Naudojant tinkamus produktus, galvos oda dr\u0117kinama ir apsaugoma nuo sausumo ar pleiskanojimo, o tai padeda u\u017etikrinti sveikus plaukus nuo pat \u0161akn\u0173.<\/li>\n<\/ol>\n<p>Tai yra veiksminga ir greita plauk\u0173 prie\u017ei\u016bros proced\u016bra, kuriai svarbu pasirinkti auk\u0161tos kokyb\u0117s produktus, kad b\u016bt\u0173 pasiekti optimal\u016bs rezultatai.<\/p>\n<\/div>\n<\/div>\n<\/div>\n<\/div>\n<\/div>\n<\/div>\n","protected":false},"featured_media":10778,"comment_status":"open","ping_status":"closed","template":"","meta":[],"product_cat":[257],"product_tag":[],"class_list":{"0":"post-10780","1":"product","2":"type-product","3":"status-publish","4":"has-post-thumbnail","6":"product_cat-kuponai-proceduroms","8":"first","9":"instock","10":"shipping-taxable","11":"purchasable","12":"product-type-simple"},"_links":{"self":[{"href":"https:\/\/nextglow.lt\/en\/wp-json\/wp\/v2\/product\/10780","targetHints":{"allow":["GET"]}}],"collection":[{"href":"https:\/\/nextglow.lt\/en\/wp-json\/wp\/v2\/product"}],"about":[{"href":"https:\/\/nextglow.lt\/en\/wp-json\/wp\/v2\/types\/product"}],"replies":[{"embeddable":true,"href":"https:\/\/nextglow.lt\/en\/wp-json\/wp\/v2\/comments?post=10780"}],"wp:featuredmedia":[{"embeddable":true,"href":"https:\/\/nextglow.lt\/en\/wp-json\/wp\/v2\/media\/10778"}],"wp:attachment":[{"href":"https:\/\/nextglow.lt\/en\/wp-json\/wp\/v2\/media?parent=10780"}],"wp:term":[{"taxonomy":"product_cat","embeddable":true,"href":"https:\/\/nextglow.lt\/en\/wp-json\/wp\/v2\/product_cat?post=10780"},{"taxonomy":"product_tag","embeddable":true,"href":"https:\/\/nextglow.lt\/en\/wp-json\/wp\/v2\/product_tag?post=10780"}],"curies":[{"name":"wp","href":"https:\/\/api.w.org\/{rel}","templated":true}]}}