{"id":10791,"date":"2024-12-29T23:54:21","date_gmt":"2024-12-29T21:54:21","guid":{"rendered":"https:\/\/nextglow.lt\/?post_type=product&#038;p=10791"},"modified":"2025-03-11T22:04:57","modified_gmt":"2025-03-11T20:04:57","slug":"qiqi-pro-control-ilgalaikis-plauku-tiesinimas-plauku-bukles-gerinimo-terapija-ilgi-plaukai","status":"publish","type":"product","link":"https:\/\/nextglow.lt\/en\/produktas\/qiqi-pro-control-ilgalaikis-plauku-tiesinimas-plauku-bukles-gerinimo-terapija-ilgi-plaukai\/","title":{"rendered":"QiQi PRO CONTROL ilgalaikis plauk\u0173 tiesinimas + plauk\u0173 b\u016bkl\u0117s gerinimo terapija (ilgi plaukai)"},"content":{"rendered":"","protected":false},"excerpt":{"rendered":"<div class=\"woocommerce-product-details__short-description\">\n<p>QiQiProCtrl-tai unikali plauk\u0173 b\u016bkl\u0117s gerinimo terapija: giluminio dr\u0117kinimo proced\u016bra su pilnu por\u0117tumo suvaldymu+plauk\u0173 kontrol\u0117s galimybe, pagr\u012fsta tausojan\u010diu organini\u0173 komponent\u0173 veikimu. Tai 100% vegani\u0161ka, be sulfat\u0173, ftalat\u0173, paraben\u0173, glitimo, formaldehido ir silikono priemon\u0117. Proced\u016bros metu kiekvienas plaukas yra sumink\u0161tinamas ir giliai pridr\u0117kinamas, suteikiant sveik\u0105 \u017evilges\u012f, ilgalaik\u0119 apsaug\u0105 ir maksimali\u0105 kontrol\u0119. Proced\u016bros esm\u0117 \u2013 stipri, ne\u0161armin\u0117 formul\u0117 harmoningai sumai\u0161yta su maitinamaisiais ingredientais, tokiais kaip glioksilo r\u016bg\u0161tis, taukmed\u017eio sviestas ir kokos\u0173 aliejus, kad kiekviena plauk\u0173 sruogel\u0117 b\u016bt\u0173 padengta apsauginiu, dr\u0117kinamuoju sluoksniu. Plauk\u0173 kontrol\u0117 veikia naudodama organinius junginius, kurie prasiskverbia \u012f \u017eiev\u0119, sumink\u0161tina disulfidines jungtis ir peidr\u0117kina plaukus be \u017ealos. Kai disulfidin\u0117s jungtys sumink\u0161t\u0117ja, taikant \u0161ilum\u0105 ir \u012ftempim\u0105, sukuriama nauja forma. Sujungiant disulfidines jungtis ir sukuriant nauj\u0105 form\u0105 i\u0161gaunamas maksimalus plauko atstatymas, nesivelian\u010dios garbanos ar idealus tiesumas.<\/p>\n<p>Tinka vis\u0173 tip\u0173 plaukams. Sukurta Izraelyje. Pagaminta JAV.<\/p>\n<\/div>\n","protected":false},"featured_media":10785,"comment_status":"open","ping_status":"closed","template":"","meta":[],"product_cat":[257],"product_tag":[],"class_list":{"0":"post-10791","1":"product","2":"type-product","3":"status-publish","4":"has-post-thumbnail","6":"product_cat-kuponai-proceduroms","8":"first","9":"instock","10":"sale","11":"shipping-taxable","12":"purchasable","13":"product-type-simple"},"_links":{"self":[{"href":"https:\/\/nextglow.lt\/en\/wp-json\/wp\/v2\/product\/10791","targetHints":{"allow":["GET"]}}],"collection":[{"href":"https:\/\/nextglow.lt\/en\/wp-json\/wp\/v2\/product"}],"about":[{"href":"https:\/\/nextglow.lt\/en\/wp-json\/wp\/v2\/types\/product"}],"replies":[{"embeddable":true,"href":"https:\/\/nextglow.lt\/en\/wp-json\/wp\/v2\/comments?post=10791"}],"wp:featuredmedia":[{"embeddable":true,"href":"https:\/\/nextglow.lt\/en\/wp-json\/wp\/v2\/media\/10785"}],"wp:attachment":[{"href":"https:\/\/nextglow.lt\/en\/wp-json\/wp\/v2\/media?parent=10791"}],"wp:term":[{"taxonomy":"product_cat","embeddable":true,"href":"https:\/\/nextglow.lt\/en\/wp-json\/wp\/v2\/product_cat?post=10791"},{"taxonomy":"product_tag","embeddable":true,"href":"https:\/\/nextglow.lt\/en\/wp-json\/wp\/v2\/product_tag?post=10791"}],"curies":[{"name":"wp","href":"https:\/\/api.w.org\/{rel}","templated":true}]}}