{"id":10793,"date":"2025-01-22T07:23:51","date_gmt":"2025-01-22T05:23:51","guid":{"rendered":"https:\/\/nextglow.lt\/?post_type=product&#038;p=10793"},"modified":"2025-04-01T01:00:03","modified_gmt":"2025-03-31T22:00:03","slug":"plauku-m-plex-bond-jungciu-atstatymo-procedura","status":"publish","type":"product","link":"https:\/\/nextglow.lt\/en\/produktas\/plauku-m-plex-bond-jungciu-atstatymo-procedura\/","title":{"rendered":"Plauk\u0173 M-PLEX BOND jung\u010di\u0173 atstatymo proced\u016bra"},"content":{"rendered":"","protected":false},"excerpt":{"rendered":"<p>Skirta klientams, kuri\u0173 plaukai labai smarkiai pa\u017eeisti ir reikalingas gilesnis atstatymas.<\/p>\n<p>I\u0161skirtiniai, inovatyv\u016bs, jungtis formuojantys produktai apsaugo, stiprina ir atkuria pa\u017eeistus plaukus nuo \u017ealingo poveikio. Atkuria ir apsaugo plauk\u0173 strukt\u016bros vientisum\u0105 su M-Plex sujungimo technologija, kad plaukai b\u016bt\u0173 stipresni, sveikesni, glotnesni ir blizgantys.<\/p>\n<p>M-plex yra didel\u0117 molekul\u0117, sudaryta i\u0161 4 nat\u016brali\u0173 ir tvari\u0173 jungini\u0173, \u012fskaitant kvarcin\u012f kristal\u0105 ir dinatrio drusk\u0105. \u0160ios molekul\u0117s sudaro jungtis plauko strukt\u016broje, intensyviai atkuria ir, svarbiausia, apsaugo disulfidinius plauk\u0173 ry\u0161ius kai salone atliekamos chemin\u0117s proced\u016bros.<\/p>\n","protected":false},"featured_media":10803,"comment_status":"open","ping_status":"closed","template":"","meta":[],"product_cat":[257],"product_tag":[],"class_list":{"0":"post-10793","1":"product","2":"type-product","3":"status-publish","4":"has-post-thumbnail","6":"product_cat-kuponai-proceduroms","8":"first","9":"instock","10":"shipping-taxable","11":"purchasable","12":"product-type-variable"},"_links":{"self":[{"href":"https:\/\/nextglow.lt\/en\/wp-json\/wp\/v2\/product\/10793","targetHints":{"allow":["GET"]}}],"collection":[{"href":"https:\/\/nextglow.lt\/en\/wp-json\/wp\/v2\/product"}],"about":[{"href":"https:\/\/nextglow.lt\/en\/wp-json\/wp\/v2\/types\/product"}],"replies":[{"embeddable":true,"href":"https:\/\/nextglow.lt\/en\/wp-json\/wp\/v2\/comments?post=10793"}],"wp:featuredmedia":[{"embeddable":true,"href":"https:\/\/nextglow.lt\/en\/wp-json\/wp\/v2\/media\/10803"}],"wp:attachment":[{"href":"https:\/\/nextglow.lt\/en\/wp-json\/wp\/v2\/media?parent=10793"}],"wp:term":[{"taxonomy":"product_cat","embeddable":true,"href":"https:\/\/nextglow.lt\/en\/wp-json\/wp\/v2\/product_cat?post=10793"},{"taxonomy":"product_tag","embeddable":true,"href":"https:\/\/nextglow.lt\/en\/wp-json\/wp\/v2\/product_tag?post=10793"}],"curies":[{"name":"wp","href":"https:\/\/api.w.org\/{rel}","templated":true}]}}