{"id":10826,"date":"2025-05-13T13:56:47","date_gmt":"2025-05-13T10:56:47","guid":{"rendered":"https:\/\/nextglow.lt\/?post_type=product&#038;p=10826"},"modified":"2025-10-16T22:18:44","modified_gmt":"2025-10-16T19:18:44","slug":"qiqi-bare-repair-aliejukas-50ml","status":"publish","type":"product","link":"https:\/\/nextglow.lt\/en\/produktas\/qiqi-bare-repair-aliejukas-50ml\/","title":{"rendered":"QIQI BARE REPAIR aliejukas 50ml"},"content":{"rendered":"<p><strong>PAGRINDINIAI PRIVALUMAI:<\/strong><br \/>\n\u2022 Sausa, lengva formul\u0117 \u2013 akimirksniu susigeria, nepalieka riebi\u0173 liku\u010di\u0173 ar apna\u0161\u0173.<br \/>\n\u2022 Pa\u017eangi atk\u016brimo technologija \u2013 stiprina ir atkuria pa\u017eeistus plaukus i\u0161 vidaus.<br \/>\n\u2022 P\u016btimo valdymas \u2013 sutramdo p\u016btimasi ir pagerina suvaldym\u0105 be apsunkinimo.<br \/>\n\u2022 \u017dvilges\u012f didinantis ir \u00a0\u2013 suteikia \u017evilges\u012f, i\u0161laikant plaukus mink\u0161tus ir lengvus.<br \/>\n\u2022 Powered by Precision Plant Oils \u2013 itin efektyvus mi\u0161inys, giliai maitinantis, nepadengiantis plauk\u0173.<br \/>\n\u2022 Universalus, salono lygio na\u0161umas \u2013 veikia kaip vis\u0173 tip\u0173 plauk\u0173 prie\u017ei\u016bros, formavimo arba u\u017ebaigimo aliejus.<\/p>\n","protected":false},"excerpt":{"rendered":"<p><strong>Bare Repair Oil<\/strong> \u2013 tai pa\u017eangus sausas aliejus, kuris atkuria, stiprina ir transformuoja plaukus be riebumo p\u0117dsak\u0173. \u0160is sausas, ypa\u010d lengvas eliksyras, pagr\u012fstas pa\u017eangiausiu Qiqi efektyvumo mokslu, susigeria, kai susilie\u010dia, pa\u017eeistas sruogas sujungia su auk\u0161tos kokyb\u0117s augaliniais aliejais, kurie atkuria stiprum\u0105, pa\u0161alina p\u016btimasi, sustiprina \u017evilges\u012f ir veikia giliai plauk\u0173 pluo\u0161t\u0105 \u2013 u\u017etikrina salono kokyb\u0117s rezultatus kiekvienam plauk\u0173 tipui.<\/p>\n<p><strong>REKOMENDUOJAMAS KAI YRA PLAUK\u0172\u00a0<\/strong><br \/>\n\u2022 Pa\u017eeidimai \/ l\u016b\u017eiai<br \/>\n\u2022 Sausumas<br \/>\n\u2022 P\u016btimasis<br \/>\n\u2022 Matinis, nejudrus pluo\u0161tas<\/p>\n","protected":false},"featured_media":10831,"comment_status":"open","ping_status":"closed","template":"","meta":[],"product_cat":[273,72,138,147,136,137,141],"product_tag":[],"class_list":{"0":"post-10826","1":"product","2":"type-product","3":"status-publish","4":"has-post-thumbnail","6":"product_cat-qiqi","7":"product_cat-plaukams","8":"product_cat-garbanotiems-plaukams","9":"product_cat-kasdieniniam-naudojimui","10":"product_cat-pazeistiems-plaukams","11":"product_cat-sausiems-plaukams","12":"product_cat-sviesintiems-plaukams","14":"first","15":"instock","16":"shipping-taxable","17":"purchasable","18":"product-type-simple"},"_links":{"self":[{"href":"https:\/\/nextglow.lt\/en\/wp-json\/wp\/v2\/product\/10826","targetHints":{"allow":["GET"]}}],"collection":[{"href":"https:\/\/nextglow.lt\/en\/wp-json\/wp\/v2\/product"}],"about":[{"href":"https:\/\/nextglow.lt\/en\/wp-json\/wp\/v2\/types\/product"}],"replies":[{"embeddable":true,"href":"https:\/\/nextglow.lt\/en\/wp-json\/wp\/v2\/comments?post=10826"}],"wp:featuredmedia":[{"embeddable":true,"href":"https:\/\/nextglow.lt\/en\/wp-json\/wp\/v2\/media\/10831"}],"wp:attachment":[{"href":"https:\/\/nextglow.lt\/en\/wp-json\/wp\/v2\/media?parent=10826"}],"wp:term":[{"taxonomy":"product_cat","embeddable":true,"href":"https:\/\/nextglow.lt\/en\/wp-json\/wp\/v2\/product_cat?post=10826"},{"taxonomy":"product_tag","embeddable":true,"href":"https:\/\/nextglow.lt\/en\/wp-json\/wp\/v2\/product_tag?post=10826"}],"curies":[{"name":"wp","href":"https:\/\/api.w.org\/{rel}","templated":true}]}}