{"id":10845,"date":"2025-10-14T23:23:42","date_gmt":"2025-10-14T20:23:42","guid":{"rendered":"https:\/\/nextglow.lt\/?post_type=product&#038;p=10845"},"modified":"2025-10-14T23:23:43","modified_gmt":"2025-10-14T20:23:43","slug":"balmain-hair-drekinamasis-plauku-sampunas-moisturizing-shampoo","status":"publish","type":"product","link":"https:\/\/nextglow.lt\/en\/produktas\/balmain-hair-drekinamasis-plauku-sampunas-moisturizing-shampoo\/","title":{"rendered":"BALMAIN HAIR dr\u0117kinamasis plauk\u0173 \u0161amp\u016bnas \/ Moisturizing Shampoo"},"content":{"rendered":"<div id=\"tab-description\" class=\"woocommerce-Tabs-panel woocommerce-Tabs-panel--description panel entry-content active\" role=\"tabpanel\" aria-labelledby=\"tab-title-description\">\n<p>Giliai maitinantis \u0161amp\u016bnas nat\u016braliems ir da\u017eytiems plaukams. U\u017etikrina optimal\u0173 dr\u0117kinim\u0105 ir atkuria nat\u016bral\u0173 blizges\u012f bei elastingum\u0105, neapsunkindamas plauk\u0173. Rezultatas \u2013 glotn\u016bs, stipr\u016bs ir lengvai valdomi plaukai.<\/p>\n<p>-Puikiai sudr\u0117kinti plaukai<br \/>\n-Plauk\u0173 spalva i\u0161lieka ilgiau<br \/>\n-Apsaugo nuo UV spinduli\u0173<\/p>\n<p><strong><i>Ingredientai:<\/i><\/strong>Aqua, Sodium Laureth Sulfate, Cocamidopropyl Hydroxysultaine, Disodium Cocoamphodiacetate, Decyl Glucoside, Glycerin, Glycol Distearate, Argania Spinosa Kernel Oil, Silk Amino Acids, Panthenol, Polyquaternium-53, Cocamidopropyl Betaine, Laureth-4, Dimethylpabamidopropyl Lauryldimonium Tosylate, Ethylhexyl Methoxycinnamate, Amodimethicone\/Morpholinomethyl Silsesquioxane Copolymer, Peg\/Ppg-15\/15 Dimethicone, Trideceth-5, Polyquaternium-10, Parfum, Xanthan Gum, Peg-18 Glyceryl Oleate\/Cocoate, Phenoxyethanol, Iodopropynyl Butylcarbamate, Lactic Acid.<\/p>\n<\/div>\n","protected":false},"excerpt":{"rendered":"<p><strong>Balmain dr\u0117kinamasis \u0161amp\u016bnas<\/strong><\/p>\n<p>Intensyviai maitinantis \u0161amp\u016bnas, kuris dr\u0117kina ir atgaivina plaukus, padarydamas juos \u0161variais ir sveikais. \u0160velniai valo galvos od\u0105 ir plaukus, suteikia papildomos dr\u0117gm\u0117s. Sud\u0117tyje yra apsaugini\u0173 UV filtr\u0173, kurie apsaugo plaukus nuo UV spinduli\u0173 ir saugo plauk\u0173 spalv\u0105.<\/p>\n<p>Vandens pagrindu pagaminta formul\u0117 lengvai paskirsto \u0161amp\u016bn\u0105 plaukuose, neapsunkina plauko. Aktyvus ingredientas provitaminas B5 padeda subalansuoti plauk\u0173 dr\u0117gm\u0117s lyg\u012f, palaiko plauk\u0173 elastingum\u0105 ir lankstum\u0105. Nuramina sudirgusi\u0105 ir jautri\u0105 galvos od\u0105, mink\u0161tina plaukus ir suteikia blizgesio. Papildomas B grup\u0117s vitamin\u0173 kiekis tankina plaukus ir skatina j\u0173 augim\u0105.<\/p>\n<p><em><strong>Naudojimas<\/strong><\/em>: tepkite ant dr\u0117gn\u0173 plauk\u0173, \u0161velniai \u012fmasa\u017euokite ir kruop\u0161\u010diai i\u0161skalaukite.<\/p>\n","protected":false},"featured_media":10853,"comment_status":"open","ping_status":"closed","template":"","meta":[],"product_cat":[268,76],"product_tag":[],"class_list":{"0":"post-10845","1":"product","2":"type-product","3":"status-publish","4":"has-post-thumbnail","6":"product_cat-balmain-hair","7":"product_cat-plaukams-sampunas","9":"first","10":"instock","11":"shipping-taxable","12":"purchasable","13":"product-type-variable"},"_links":{"self":[{"href":"https:\/\/nextglow.lt\/en\/wp-json\/wp\/v2\/product\/10845","targetHints":{"allow":["GET"]}}],"collection":[{"href":"https:\/\/nextglow.lt\/en\/wp-json\/wp\/v2\/product"}],"about":[{"href":"https:\/\/nextglow.lt\/en\/wp-json\/wp\/v2\/types\/product"}],"replies":[{"embeddable":true,"href":"https:\/\/nextglow.lt\/en\/wp-json\/wp\/v2\/comments?post=10845"}],"wp:featuredmedia":[{"embeddable":true,"href":"https:\/\/nextglow.lt\/en\/wp-json\/wp\/v2\/media\/10853"}],"wp:attachment":[{"href":"https:\/\/nextglow.lt\/en\/wp-json\/wp\/v2\/media?parent=10845"}],"wp:term":[{"taxonomy":"product_cat","embeddable":true,"href":"https:\/\/nextglow.lt\/en\/wp-json\/wp\/v2\/product_cat?post=10845"},{"taxonomy":"product_tag","embeddable":true,"href":"https:\/\/nextglow.lt\/en\/wp-json\/wp\/v2\/product_tag?post=10845"}],"curies":[{"name":"wp","href":"https:\/\/api.w.org\/{rel}","templated":true}]}}