{"id":10857,"date":"2025-10-14T23:33:03","date_gmt":"2025-10-14T20:33:03","guid":{"rendered":"https:\/\/nextglow.lt\/?post_type=product&#038;p=10857"},"modified":"2025-10-14T23:33:03","modified_gmt":"2025-10-14T20:33:03","slug":"balmain-hair-maitinamasis-plauku-sampunas-revitalizing-shampoo","status":"publish","type":"product","link":"https:\/\/nextglow.lt\/en\/produktas\/balmain-hair-maitinamasis-plauku-sampunas-revitalizing-shampoo\/","title":{"rendered":"BALMAIN HAIR maitinamasis plauk\u0173 \u0161amp\u016bnas \/ Revitalizing Shampoo"},"content":{"rendered":"<div id=\"tab-description\" class=\"woocommerce-Tabs-panel woocommerce-Tabs-panel--description panel entry-content active\" role=\"tabpanel\" aria-labelledby=\"tab-title-description\">\n<div class=\"product attribute product-attribute usp-attribute\">\n<p>\u0160velniai valo, suteikdamas optimali\u0105 mityb\u0105 sausiems, pa\u017eeistiems plaukams. Dr\u0117kina, maitina ir atkuria plauk\u0173 stiprum\u0105 i\u0161 vidaus. Padaro plaukus stipresnius ir lengviau valdomus.<\/p>\n<p>-Optimali pa\u017eeist\u0173 plauk\u0173 mityba<br \/>\n-Atkurianti proced\u016bra<br \/>\n-Atkuria plauko tvirtum\u0105<br \/>\n<i><\/i><\/p>\n<p><strong><i>Ingredientai:<\/i><\/strong>Aqua\/Water, Sodium Coceth Sulfate, Cocamidopropyl, Betaine, Peg-200 Hydrogenated Glyceryl Palmate, Peg\/Ppg-14\/4 Dimethicone, Plyquaternium-7, Distearyl Ether, Dicaprylyl Ether, Sodium Laureth Sulfate, Guar Hydroxypropyltrimonium Chloride, Plyquaternium-10, Xanthan Gum, Peg-7 Glyceryl Cocoate, Peg-4 Distearyl Ether, Lactobacillus\/Wasabia Japonica Root Ferment Extract, Lactobacillus\/Phoenix Dactylifera Fruit Ferment Extract, Hamamelis Virginiana Leaf Extract\/Witch Hazel Leaf Extract, Rice Amino Acids, Hydrolyzed Wool, Glycerin, Sorbitol, Lecithin, Retinyl Palmitate, Panthenol, Silanetriol Melaninate, Polyperfluoroethoxymethoxy Difluoroethyl Peg Phosphate, Superoxide Dismutase, Tocopheryl Acetate, Glyceryl Linoleate, Glyceryl Linoleate Diatomaceous Earth, Sodium Chloride, Citric Acid, Sodium Benzoate, Ethylhexylglycerin, Phenoxyethanol, Parfum\/Fragrance.<\/p>\n<\/div>\n<\/div>\n<div id=\"tab-additional_information\" class=\"woocommerce-Tabs-panel woocommerce-Tabs-panel--additional_information panel entry-content\" role=\"tabpanel\" aria-labelledby=\"tab-title-additional_information\">\n<table class=\"woocommerce-product-attributes shop_attributes\" aria-label=\"Product Details\">\n<tbody>\n<tr class=\"woocommerce-product-attributes-item woocommerce-product-attributes-item--attribute_pa_hooldus\">\n<th class=\"woocommerce-product-attributes-item__label\" scope=\"row\"><\/th>\n<td class=\"woocommerce-product-attributes-item__value\">&nbsp;<\/td>\n<\/tr>\n<\/tbody>\n<\/table>\n<\/div>\n<div id=\"tab-reviews\" class=\"woocommerce-Tabs-panel woocommerce-Tabs-panel--reviews panel entry-content\" role=\"tabpanel\" aria-labelledby=\"tab-title-reviews\">\n<div id=\"reviews\" class=\"woocommerce-Reviews row\">\n<div id=\"comments\" class=\"col large-12\">\n<h3 class=\"woocommerce-Reviews-title normal\"><\/h3>\n<\/div>\n<\/div>\n<\/div>\n","protected":false},"excerpt":{"rendered":"<p>Intensyviai atkurianti proced\u016bra, kuri stiprina ir atkuria plaukus i\u0161 vidaus. Patobulintoje formul\u0117je yra puikus vitamin\u0173 E, F ir P derinys bei ka\u0161myro baltymai. D\u0117l \u0161i\u0173 vitamin\u0173 derinio plaukai tampa lyg\u016bs ir \u0161veln\u016bs. Vitaminas E stiprina ir atgaivina plaukus. Vitaminas P veikia kaip atkuriamoji priemon\u0117, atkurianti sausus ir pa\u017eeistus plaukus. Ka\u0161myro baltymai suteikia prabang\u0173 \u0161velnumo poj\u016bt\u012f ir stiprina plaukus, nes ka\u0161myro baltymai pastiprina nat\u016bral\u0173 plauko baltym\u0105. Ka\u0161myras yra puikios tekst\u016bros, ta\u010diau stiprus ir lengvas; palieka plaukus \u0161ilkinius ir paklusnius.<\/p>\n<p><em><strong>Naudojimas:<\/strong><\/em> tepkite ant dr\u0117gn\u0173 plauk\u0173, \u0161velniai \u012fmasa\u017euokite \u012f plaukus ir galvos od\u0105, tada i\u0161skalaukite.<\/p>\n<p><em><strong>Rekomenduojame<\/strong><\/em>: norint pasiekti geriausi\u0105 rezultat\u0105, naudokite kartu su <a href=\"https:\/\/balmainhair.lt\/produktas\/balmain-hair-atstatomoji-plauku-kauke-revitalizing-mask-200ml\/\"><strong>Balmain Hair Revitalising Mask<\/strong><\/a> ir <strong><a href=\"https:\/\/balmainhair.lt\/produktas\/balmain-hair-atstatomasis-kondicionierius-revitalizing-conditioner-300ml\/\">Balmain Hair Revitalising Conditioner.<\/a><\/strong><\/p>\n","protected":false},"featured_media":10863,"comment_status":"open","ping_status":"closed","template":"","meta":[],"product_cat":[268,76],"product_tag":[],"class_list":{"0":"post-10857","1":"product","2":"type-product","3":"status-publish","4":"has-post-thumbnail","6":"product_cat-balmain-hair","7":"product_cat-plaukams-sampunas","9":"first","10":"instock","11":"shipping-taxable","12":"purchasable","13":"product-type-variable"},"_links":{"self":[{"href":"https:\/\/nextglow.lt\/en\/wp-json\/wp\/v2\/product\/10857","targetHints":{"allow":["GET"]}}],"collection":[{"href":"https:\/\/nextglow.lt\/en\/wp-json\/wp\/v2\/product"}],"about":[{"href":"https:\/\/nextglow.lt\/en\/wp-json\/wp\/v2\/types\/product"}],"replies":[{"embeddable":true,"href":"https:\/\/nextglow.lt\/en\/wp-json\/wp\/v2\/comments?post=10857"}],"wp:featuredmedia":[{"embeddable":true,"href":"https:\/\/nextglow.lt\/en\/wp-json\/wp\/v2\/media\/10863"}],"wp:attachment":[{"href":"https:\/\/nextglow.lt\/en\/wp-json\/wp\/v2\/media?parent=10857"}],"wp:term":[{"taxonomy":"product_cat","embeddable":true,"href":"https:\/\/nextglow.lt\/en\/wp-json\/wp\/v2\/product_cat?post=10857"},{"taxonomy":"product_tag","embeddable":true,"href":"https:\/\/nextglow.lt\/en\/wp-json\/wp\/v2\/product_tag?post=10857"}],"curies":[{"name":"wp","href":"https:\/\/api.w.org\/{rel}","templated":true}]}}