{"id":10865,"date":"2025-10-14T23:39:10","date_gmt":"2025-10-14T20:39:10","guid":{"rendered":"https:\/\/nextglow.lt\/?post_type=product&#038;p=10865"},"modified":"2025-10-14T23:39:10","modified_gmt":"2025-10-14T20:39:10","slug":"balmain-hair-sampunas-sviesintiems-plaukams-illuminating-white-pearl-shampoo","status":"publish","type":"product","link":"https:\/\/nextglow.lt\/en\/produktas\/balmain-hair-sampunas-sviesintiems-plaukams-illuminating-white-pearl-shampoo\/","title":{"rendered":"BALMAIN HAIR \u0161amp\u016bnas \u0161viesintiems plaukams \/ Illuminating White Pearl Shampoo"},"content":{"rendered":"<p>\u0160viesumo suteikiantis valomasis \u0161amp\u016bnas balintiems arba \u0161viesintiems plaukams. \u0160viesina plauk\u0173 spalv\u0105 ir koreguoja \u0161iltus tonus, nepilkinant plauk\u0173. \u017dvilgantiems plaukams, su balto perlo \u0161vyt\u0117jimu.<\/p>\n<p>-Pa\u0161alina geltonus tonus<br \/>\n-I\u0161laiko \u0161viesi\u0173 ir balint\u0173 plauk\u0173 spalv\u0105<br \/>\n-Suteikia blizgesio<\/p>\n<p><em><strong>Naudojimas: <\/strong><\/em>tepkite ant dr\u0117gn\u0173 plauk\u0173, \u0161velniai \u012fmasa\u017euokite ir palikite bent 3 minutes, kruop\u0161\u010diai i\u0161skalaukite.<br \/>\nKartokite procedur\u0105, kol bus pasiektas norimas rezultatas. D\u0117l nuolatinio \u0161viesinan\u010dio efekto, kuris nenusiplauna, gausiai naudoti nerekomenduojama. Nenaudokite plauk\u0173 \u0161viesinimo priemon\u0117s ant odos ar drabu\u017ei\u0173.<\/p>\n<p>Nor\u0117dami pasiekti geriausi\u0105 efekt\u0105, naudokite su <a href=\"https:\/\/balmainhair.lt\/produktas\/balmain-hair-kauke-drekinamasis-plauku-moisturizing-repair-mask-200ml\/\"><strong>Balmain Hair Moisturizing Mask<\/strong><\/a> ir <a href=\"https:\/\/balmainhair.lt\/produktas\/balmain-hair-drekinamasis-kondicionierius-moisturizing-conditioner-300ml\/\"><strong>Balmain Hair Moisturising Conditioner.<\/strong><\/a><\/p>\n<p><strong><i>Ingredientai:<\/i><\/strong>Aqua, MEA-Lauryl Sulfate, PEG-18 Glyceryl Oleate\/Cocoate, Cocamidopropylamine Oxide, Glycerin, Butylene Glycol, PEG-4 Rapeseedamide, PEG-7 Glyceryl Cocoate, Polyquaternium-44, Glycol Distearate, Glycereth-2 Cocoate, Sodium Laureth Sulfate, Tetrasodium EDTA, Benzophenone-4, Ethylhexylglycerin, Sodium Benzoate, Phenoxyethanol, Iodopropynyl Butylcarbamate, Citric Acid, Parfum, CI 60730, Basic Violet 16.<\/p>\n","protected":false},"excerpt":{"rendered":"<p>Balinti <em>blond<\/em> arba \u0161viesinti plaukai reikalauja daug prie\u017ei\u016bros, tod\u0117l jais reikia nuolat r\u016bpintis . Norint neutralizuoti nepageidaujamus \u0161iltus tonus, tarp da\u017eymo proced\u016br\u0173 reikalingi giliai pigmentuoti violetiniai produktai. <strong>Balmain Illuminating Shampoo White Pearl<\/strong>, praturtintas grynais violetiniais pigmentais, padeda panaikinti nepageidaujamus \u0161iltus tonus ir pa\u0161viesina plauk\u0173 spalv\u0105. Sidabrinis \u0161amp\u016bnas \u0161velniai valo, kartu suteikdamas optimal\u0173 plauk\u0173 dr\u0117kinim\u0105. Specialiai sukurta pelen\u0173 <em>blond<\/em> atspalvi\u0173 ir \u0161viesintiems plaukams. Praturtintas i\u0161skirtiniu argano eliksyro ir \u0161ilko baltym\u0173 mi\u0161iniu, kuris atkuria plaukus i\u0161 vidaus.<\/p>\n","protected":false},"featured_media":10870,"comment_status":"open","ping_status":"closed","template":"","meta":[],"product_cat":[268,76],"product_tag":[],"class_list":{"0":"post-10865","1":"product","2":"type-product","3":"status-publish","4":"has-post-thumbnail","6":"product_cat-balmain-hair","7":"product_cat-plaukams-sampunas","9":"first","10":"instock","11":"shipping-taxable","12":"purchasable","13":"product-type-variable"},"_links":{"self":[{"href":"https:\/\/nextglow.lt\/en\/wp-json\/wp\/v2\/product\/10865","targetHints":{"allow":["GET"]}}],"collection":[{"href":"https:\/\/nextglow.lt\/en\/wp-json\/wp\/v2\/product"}],"about":[{"href":"https:\/\/nextglow.lt\/en\/wp-json\/wp\/v2\/types\/product"}],"replies":[{"embeddable":true,"href":"https:\/\/nextglow.lt\/en\/wp-json\/wp\/v2\/comments?post=10865"}],"wp:featuredmedia":[{"embeddable":true,"href":"https:\/\/nextglow.lt\/en\/wp-json\/wp\/v2\/media\/10870"}],"wp:attachment":[{"href":"https:\/\/nextglow.lt\/en\/wp-json\/wp\/v2\/media?parent=10865"}],"wp:term":[{"taxonomy":"product_cat","embeddable":true,"href":"https:\/\/nextglow.lt\/en\/wp-json\/wp\/v2\/product_cat?post=10865"},{"taxonomy":"product_tag","embeddable":true,"href":"https:\/\/nextglow.lt\/en\/wp-json\/wp\/v2\/product_tag?post=10865"}],"curies":[{"name":"wp","href":"https:\/\/api.w.org\/{rel}","templated":true}]}}