{"id":10872,"date":"2025-10-14T23:47:14","date_gmt":"2025-10-14T20:47:14","guid":{"rendered":"https:\/\/nextglow.lt\/?post_type=product&#038;p=10872"},"modified":"2025-10-14T23:47:15","modified_gmt":"2025-10-14T20:47:15","slug":"balmain-hair-apimties-suteikiantis-sampunas-volume-shampoo","status":"publish","type":"product","link":"https:\/\/nextglow.lt\/en\/produktas\/balmain-hair-apimties-suteikiantis-sampunas-volume-shampoo\/","title":{"rendered":"BALMAIN HAIR apimties suteikiantis \u0161amp\u016bnas \/ Volume Shampoo"},"content":{"rendered":"<p>Lengvas, \u0161velniai valantis \u0161amp\u016bnas. Suteikia apimties ir t\u016brio ploniems ir retiems plaukams. Specialiai sukurtas siekiant plaukus padaryti \u017evilgan\u010dius, valdomus ir sveikai atrodan\u010dius. \u0160velnus, suteikiantis apimties maitinamasis \u0161amp\u016bnas \u2013 laisviems, lengviems plaukams.<\/p>\n<p>-Kasdienis ploviklis ploniems ir retiems plaukams<br \/>\n-Suteikia apimties neapsunkindamas plauk\u0173<br \/>\n-Apsaugo nuo UV spinduli\u0173<\/p>\n<p><em><strong>Naudojimas:<\/strong><\/em><\/p>\n<p>Tepkite ant dr\u0117gn\u0173 plauk\u0173, \u0161velniai \u012fmasa\u017euokite ir kruop\u0161\u010diai i\u0161skalaukite. Rekomenduojama naudoti kartu su <a href=\"https:\/\/balmainhair.lt\/produktas\/balmain-hair-apimties-suteikiantis-kondicionierius-volume-conditioner-300ml\/\"><strong>Volume Conditioner<\/strong><\/a> ir <a href=\"https:\/\/balmainhair.lt\/produktas\/balmain-hair-nenuplaunamas-kondicionierius-le-leave-in-conditioning-spray-200ml\/\"><strong>Leave-In Conditioning Spray<\/strong><\/a>.<\/p>\n<div id=\"tab-description\" class=\"woocommerce-Tabs-panel woocommerce-Tabs-panel--description panel entry-content active\" role=\"tabpanel\" aria-labelledby=\"tab-title-description\">\n<p><strong><i>I<\/i><\/strong><strong><i>ngredientai:\u00a0<\/i><\/strong><i><em>Aqua, Disodium Laureth Sulfosuccinate, Cocamidopropyl Betaine, Cocamidopropylamine Oxide, Glycerin, Argania Spinosa Kernel Extract, Silk Amino Acids, Panthenol, Sodium Cocoyl Amino Acids, Potassium Dimethicone PEG-7 Panthenyl Phosphate, Stearyl Citrate, Lauryl Glucoside, Isostearamide MIPA, Glyceryl Laurate, Guar Hydroxypropyltrimonium Chloride, Butylene Glycol, PEG-150 Pentaerythrityl Tetrastearate, PEG-6 Caprylic\/Capric Glycerides, Parfum, Phenoxyethanol, Iodopropynyl Butylcarbamate, Acrylates Copolymer, Benzophenone-4, Citric Acid.<\/em><\/i><\/p>\n<\/div>\n<div id=\"tab-additional_information\" class=\"woocommerce-Tabs-panel woocommerce-Tabs-panel--additional_information panel entry-content\" role=\"tabpanel\" aria-labelledby=\"tab-title-additional_information\">\n<table class=\"woocommerce-product-attributes shop_attributes\" aria-label=\"Product Details\">\n<tbody>\n<tr class=\"woocommerce-product-attributes-item woocommerce-product-attributes-item--attribute_pa_hooldus\">\n<th class=\"woocommerce-product-attributes-item__label\" scope=\"row\"><\/th>\n<td class=\"woocommerce-product-attributes-item__value\">&nbsp;<\/td>\n<\/tr>\n<\/tbody>\n<\/table>\n<\/div>\n","protected":false},"excerpt":{"rendered":"<p>\u0160velninantis \u0161amp\u016bnas, kuris valo galvos od\u0105 ir plaukus. Pakelia nuo \u0161akn\u0173 lygius, plonus ir retus plaukus. \u0160velniai pa\u0161alina riebalus, kurie paprastai apsunkina plaukus. Stiprina plauk\u0173 pluo\u0161t\u0105, taip pagerindamas j\u0173 tekst\u016br\u0105. Sukurta itin tanki\u0173 plauk\u0173 \u012fvaizd\u017eiui pasiekti. Pa\u017eangi formul\u0117 palieka atvirus plauk\u0173 \u017evynelius ir sustiprina kiekvien\u0105 sruog\u0105, tod\u0117l plaukai atrodo pilnesni ir storesni. Turtingas aliej\u0173 ir aminor\u016bg\u0161\u010di\u0173 mi\u0161inys apsaugo plaukus nuo UV spinduli\u0173, padedsa i\u0161vengti pa\u017eeidim\u0173 ir galiuk\u0173 skilin\u0117jimo. Plaukai tampa sudr\u0117kinti, mink\u0161ti ir nat\u016bralaus \u0161vytintys.<\/p>\n","protected":false},"featured_media":10877,"comment_status":"open","ping_status":"closed","template":"","meta":[],"product_cat":[268,76],"product_tag":[],"class_list":{"0":"post-10872","1":"product","2":"type-product","3":"status-publish","4":"has-post-thumbnail","6":"product_cat-balmain-hair","7":"product_cat-plaukams-sampunas","9":"first","10":"instock","11":"shipping-taxable","12":"purchasable","13":"product-type-variable"},"_links":{"self":[{"href":"https:\/\/nextglow.lt\/en\/wp-json\/wp\/v2\/product\/10872","targetHints":{"allow":["GET"]}}],"collection":[{"href":"https:\/\/nextglow.lt\/en\/wp-json\/wp\/v2\/product"}],"about":[{"href":"https:\/\/nextglow.lt\/en\/wp-json\/wp\/v2\/types\/product"}],"replies":[{"embeddable":true,"href":"https:\/\/nextglow.lt\/en\/wp-json\/wp\/v2\/comments?post=10872"}],"wp:featuredmedia":[{"embeddable":true,"href":"https:\/\/nextglow.lt\/en\/wp-json\/wp\/v2\/media\/10877"}],"wp:attachment":[{"href":"https:\/\/nextglow.lt\/en\/wp-json\/wp\/v2\/media?parent=10872"}],"wp:term":[{"taxonomy":"product_cat","embeddable":true,"href":"https:\/\/nextglow.lt\/en\/wp-json\/wp\/v2\/product_cat?post=10872"},{"taxonomy":"product_tag","embeddable":true,"href":"https:\/\/nextglow.lt\/en\/wp-json\/wp\/v2\/product_tag?post=10872"}],"curies":[{"name":"wp","href":"https:\/\/api.w.org\/{rel}","templated":true}]}}