{"id":10879,"date":"2025-10-15T00:09:18","date_gmt":"2025-10-14T21:09:18","guid":{"rendered":"https:\/\/nextglow.lt\/?post_type=product&#038;p=10879"},"modified":"2025-10-15T00:15:10","modified_gmt":"2025-10-14T21:15:10","slug":"balmain-hair-sampunas-sviesintiems-plaukams-illuminating-silver-pearl-shampoo-ash","status":"publish","type":"product","link":"https:\/\/nextglow.lt\/en\/produktas\/balmain-hair-sampunas-sviesintiems-plaukams-illuminating-silver-pearl-shampoo-ash\/","title":{"rendered":"BALMAIN HAIR \u0161amp\u016bnas \u0161viesintiems plaukams \/ Illuminating Silver Pearl Shampoo ASH"},"content":{"rendered":"<div class=\"ebT7ne sMVRZe\">\u0160viesinantis valomasis \u0161amp\u016bnas \u0161viesiems ir \u017eiliems plaukams. Gryni violetiniai pigmentai koreguoja \u017ealvarinius ir geltonus atspalvius. \u017dvilgantiems plaukams su ry\u0161kiu kri\u0161tolo pilkumo atspalviu.<\/div>\n<div class=\"ebT7ne sMVRZe\">\u2013 Puikiai tinka balintoms \u0161viesiaplauk\u0117ms, \u017eiliems plaukams.<br \/>\n-Koreguoja \u0161iltus ir \u017ealvario atspalvius<br \/>\n-\u0160viesina plaukus<\/div>\n<div>\n<p><em><strong>Naudojimas:<\/strong><\/em><\/p>\n<p>Nor\u0117dami pasiekti geresn\u012f efekt\u0105, prie\u0161 tai i\u0161plaukite plaukus su dr\u0117kinan\u010diu Balmain Hair \u0161amp\u016bnu\u00a0 <a href=\"https:\/\/balmainhair.lt\/produktas\/balmain-hair-drekinamasis-plauku-sampunas-moisturizing-shampoo-300ml\/\"><strong>Moisturizing Shampoo<\/strong><\/a>. Tepkite ant dr\u0117gn\u0173 plauk\u0173, \u0161velniai \u012fmasa\u017euokite ir palikite bent 3 minutes, kruop\u0161\u010diai i\u0161skalaukite.<br \/>\nKartokite, kol bus pasiektas norimas rezultatas. Produktas suteikia ilgalaik\u012f \u0161viesinimo efekt\u0105, kurio negalima nuplauti, tod\u0117l per daug naudoti nerekomenduojama. Nenaudokite plauk\u0173 \u0161viesinimo priemon\u0117s ant odos ar drabu\u017ei\u0173.<\/p>\n<p><em><strong>Rekomenduojame<\/strong>:<\/em> Balmain Hair Illuminating SIlver Pearl Shampoo naudokite kartu su\u00a0<a href=\"https:\/\/balmainhair.lt\/produktas\/balmain-hair-purskiklis-sviesiems-plaukams-ash-toner-200ml\/\">Balmain Hair Ash Toner<\/a> sidabro pur\u0161kikliu, kad i\u0161laikytum\u0117te norim\u0105 spalv\u0105 tarp da\u017eymo seans\u0173.<\/p>\n<p><strong><i>Ingredientai:\u00a0<\/i><\/strong><i><em>Aqua, MEA-Lauryl Sulfate, PEG-18 Glyceryl Oleate\/Cocoate, Cocamidopropylamine Oxide, Glycerin, Butylene Glycol, PEG-4 Rapeseedamide, PEG-7 Glyceryl Cocoate, Polyquaternium-44, Glycol Distearate, Glycereth-2 Cocoate, Sodium Laureth Sulfate, Tetrasodium EDTA, Benzophenone-4, Ethylhexylglycerin, Sodium Benzoate, Phenoxyethanol, Iodopropynyl Butylcarbamate, Citric Acid, Parfum, CI 60730, Basic Violet 16.<\/em><\/i><\/p>\n<\/div>\n","protected":false},"excerpt":{"rendered":"<p>Balinti ar \u0161viesinti plaukai plaukai reikalauja daug prie\u017ei\u016bros, tod\u0117l spalv\u0105 reikia nuolat palaikyti. Norint neutralizuoti nepageidaujamus \u0161iltus tonus, tarp spalvinimo proced\u016br\u0173 reikia naudoti giliai pigmentuotus violetinius produktus. <strong>Balmain Illuminating Shampoo Silver Pearl<\/strong> pa\u0161alina geltonum\u0105, plaukai tampa \u0161var\u016bs bei sudr\u0117kinti. Violetiniu pigmentu praturtintas \u0161amp\u016bnas neutralizuoja nepageidaujamus \u0161iltus (geltonus) atspalvius. Sidabrinis \u0161amp\u016bnas \u0161velniai valo, kartu suteikdamas optimal\u0173 dr\u0117kinim\u0105 plaukams. Suma\u017eina spalvos kitim\u0105 ir suteikia blizgesio. Specialiai sukurta \u0161altiems \u0161viesiems arba \u017eiliems plaukams. Praturtintas i\u0161skirtiniu argano eliksyro ir \u0161ilko baltym\u0173 mi\u0161iniu, kuris atkuria plaukus i\u0161 vidaus.<\/p>\n","protected":false},"featured_media":10884,"comment_status":"open","ping_status":"closed","template":"","meta":[],"product_cat":[268,76],"product_tag":[],"class_list":{"0":"post-10879","1":"product","2":"type-product","3":"status-publish","4":"has-post-thumbnail","6":"product_cat-balmain-hair","7":"product_cat-plaukams-sampunas","9":"first","10":"instock","11":"shipping-taxable","12":"purchasable","13":"product-type-variable"},"_links":{"self":[{"href":"https:\/\/nextglow.lt\/en\/wp-json\/wp\/v2\/product\/10879","targetHints":{"allow":["GET"]}}],"collection":[{"href":"https:\/\/nextglow.lt\/en\/wp-json\/wp\/v2\/product"}],"about":[{"href":"https:\/\/nextglow.lt\/en\/wp-json\/wp\/v2\/types\/product"}],"replies":[{"embeddable":true,"href":"https:\/\/nextglow.lt\/en\/wp-json\/wp\/v2\/comments?post=10879"}],"wp:featuredmedia":[{"embeddable":true,"href":"https:\/\/nextglow.lt\/en\/wp-json\/wp\/v2\/media\/10884"}],"wp:attachment":[{"href":"https:\/\/nextglow.lt\/en\/wp-json\/wp\/v2\/media?parent=10879"}],"wp:term":[{"taxonomy":"product_cat","embeddable":true,"href":"https:\/\/nextglow.lt\/en\/wp-json\/wp\/v2\/product_cat?post=10879"},{"taxonomy":"product_tag","embeddable":true,"href":"https:\/\/nextglow.lt\/en\/wp-json\/wp\/v2\/product_tag?post=10879"}],"curies":[{"name":"wp","href":"https:\/\/api.w.org\/{rel}","templated":true}]}}