{"id":10886,"date":"2025-10-15T00:14:20","date_gmt":"2025-10-14T21:14:20","guid":{"rendered":"https:\/\/nextglow.lt\/?post_type=product&#038;p=10886"},"modified":"2025-10-15T00:14:20","modified_gmt":"2025-10-14T21:14:20","slug":"balmain-hair-sampunas-dazytiems-plaukams-couleurs-couture-shampoo","status":"publish","type":"product","link":"https:\/\/nextglow.lt\/en\/produktas\/balmain-hair-sampunas-dazytiems-plaukams-couleurs-couture-shampoo\/","title":{"rendered":"BALMAIN HAIR \u0161amp\u016bnas da\u017eytiems plaukams \/ Couleurs Couture Shampoo"},"content":{"rendered":"<p><strong>Naudojimas:<\/strong> u\u017etepkite ant dr\u0117gn\u0173 plauk\u0173, \u0161velniai \u012fmasa\u017euokite \u012f plaukus ir galvos od\u0105, tada i\u0161skalaukite.<\/p>\n<div id=\"tab-description\" class=\"woocommerce-Tabs-panel woocommerce-Tabs-panel--description panel entry-content active\" role=\"tabpanel\" aria-labelledby=\"tab-title-description\">\n<p><em><strong>Ingredientai:\u00a0<\/strong><\/em><em>Aqua, Sodium Laureth Sulfate, Cocamidopropyl, Hydroxysultaine, Cocamidopropyl Betaine, Polysorbate 20, Glycerin, Sodium Lauroyl Methyl Isethionate, Glycol Distearate, Betaine, PEG-40 Hydrogenated Castor Oil, Hydrolyzed Keratin, Silk Amino Acids, Argania Spinosa Kernel Oil, Helianthus Annuus Seed Oil, Macadamia Ternifolia Seed Oil, Cocos Nucifera Oil, Glycine Soja Oil, Gardenia Tahitensis Flower Extract, Rosmarinus Officinalis Leaf Extract, Chenopodium Quinoa Seed Extract, Tocopherol, Aloe Barbadensis Leaf Juice, Sodium Hyaluronate, Tocopheryl Acetate, Panthenol, Pantolactone, Allantoin, Guar Hydroxypropyltrimonium Chloride, Polyquaternium-53, Amodimethicone\/Morpholinomethyl Silsesquioxane, Trideceth-5, Dimethylpabamidopropyl Lauryldimonium Tosylate, Benzophenone-4, Parfum, Phenoxyethanol, Sodium Benzoate, Benzoic Acid, Acrylates Crosspolymer-4, PEG\/PPG-15\/15 Dimethicone, Iodopropynyl Butylcarbamate, Trisodium Ethylenediamine Disuccinate, PEG-150 Pentaerythrityl Tetrastearate, PEG-6 Caprylic\/Capric Glycerides, Sodium Chloride, Sodium Hydroxide, Lactic Acid, Laureth-4, Sorbic Acid, Dimethicone, PCA Dimethicone Crosspolymer, Butylene Glycol, Caprylyl Clycol, Hexylene Glycol, Citric Acid.<\/em><\/p>\n<\/div>\n<div id=\"tab-additional_information\" class=\"woocommerce-Tabs-panel woocommerce-Tabs-panel--additional_information panel entry-content\" role=\"tabpanel\" aria-labelledby=\"tab-title-additional_information\">\n<table class=\"woocommerce-product-attributes shop_attributes\" aria-label=\"Product Details\">\n<tbody>\n<tr class=\"woocommerce-product-attributes-item woocommerce-product-attributes-item--attribute_pa_hooldus\">\n<th class=\"woocommerce-product-attributes-item__label\" scope=\"row\"><\/th>\n<td class=\"woocommerce-product-attributes-item__value\">&nbsp;<\/td>\n<\/tr>\n<\/tbody>\n<\/table>\n<\/div>\n<div id=\"tab-reviews\" class=\"woocommerce-Tabs-panel woocommerce-Tabs-panel--reviews panel entry-content\" role=\"tabpanel\" aria-labelledby=\"tab-title-reviews\">\n<div id=\"reviews\" class=\"woocommerce-Reviews row\">\n<div id=\"comments\" class=\"col large-12\">\n<h3 class=\"woocommerce-Reviews-title normal\"><\/h3>\n<\/div>\n<\/div>\n<\/div>\n","protected":false},"excerpt":{"rendered":"<p>Unikalios <strong>Couleurs Couture<\/strong> kolekcijos \u0161amp\u016bnas ir balzamas specialiai sukurti da\u017eytiems, nualintiems ir pa\u017eeistiems plaukams pri\u017ei\u016br\u0117ti. D\u0117l patobulintos dr\u0117kinan\u010dios sud\u0117ties plaukai tampa glotn\u016bs, juos lengviau \u0161ukuoti ir jie nel\u016b\u017ein\u0117ja.<br \/>\nKruop\u0161\u010diai atrinkti pagrindiniai produkto ingredientai: argano eliksyras, \u0161ilko ir ka\u0161myro baltymai, praturtinti kvinojos s\u0117klomis ir kokos\u0173 aliejumi. Unikalus geriausi\u0173 ingredient\u0173 derinys stiprina ir dr\u0117kina plaukus i\u0161 vidaus, suteikia jiems nereg\u0117to \u0161velnumo ir leid\u017eia lengviau juos i\u0161\u0161ukuoti, i\u0161vengiant l\u016b\u017ein\u0117jimo.<br \/>\nUV filtrai apsaugo plaukus nuo laisv\u0173j\u0173 radikal\u0173, saugo plauk\u0173 spalv\u0105.<br \/>\n\u017demas pH lygis ir auk\u0161\u010diausios kokyb\u0117s ingredientai atkuria, stiprina, dr\u0117kina ir apsaugo plauk\u0173 spalv\u0105 nuo i\u0161blukimo.<br \/>\nPagerina ir sustiprina plaukus, plaukai tampa \u017evilgantys ir \u0161veln\u016bs.<\/p>\n","protected":false},"featured_media":10892,"comment_status":"open","ping_status":"closed","template":"","meta":[],"product_cat":[268,76],"product_tag":[],"class_list":{"0":"post-10886","1":"product","2":"type-product","3":"status-publish","4":"has-post-thumbnail","6":"product_cat-balmain-hair","7":"product_cat-plaukams-sampunas","9":"first","10":"instock","11":"shipping-taxable","12":"purchasable","13":"product-type-variable"},"_links":{"self":[{"href":"https:\/\/nextglow.lt\/en\/wp-json\/wp\/v2\/product\/10886","targetHints":{"allow":["GET"]}}],"collection":[{"href":"https:\/\/nextglow.lt\/en\/wp-json\/wp\/v2\/product"}],"about":[{"href":"https:\/\/nextglow.lt\/en\/wp-json\/wp\/v2\/types\/product"}],"replies":[{"embeddable":true,"href":"https:\/\/nextglow.lt\/en\/wp-json\/wp\/v2\/comments?post=10886"}],"wp:featuredmedia":[{"embeddable":true,"href":"https:\/\/nextglow.lt\/en\/wp-json\/wp\/v2\/media\/10892"}],"wp:attachment":[{"href":"https:\/\/nextglow.lt\/en\/wp-json\/wp\/v2\/media?parent=10886"}],"wp:term":[{"taxonomy":"product_cat","embeddable":true,"href":"https:\/\/nextglow.lt\/en\/wp-json\/wp\/v2\/product_cat?post=10886"},{"taxonomy":"product_tag","embeddable":true,"href":"https:\/\/nextglow.lt\/en\/wp-json\/wp\/v2\/product_tag?post=10886"}],"curies":[{"name":"wp","href":"https:\/\/api.w.org\/{rel}","templated":true}]}}